{"id":323611,"date":"2023-10-31T15:24:28","date_gmt":"2024-03-22T14:42:37","guid":{"rendered":"https:\/\/www.moskito.cz\/produkt\/noz-zamykany-extrema-ratio-rao-c-czarny\/"},"modified":"2025-05-07T11:07:40","modified_gmt":"2025-05-07T10:07:40","slug":"noz-zamykany-extrema-ratio-rao-c-czarny","status":"publish","type":"product","link":"https:\/\/www.moskito.cz\/pl\/produkt\/noz-zamykany-extrema-ratio-rao-c-czarny\/","title":{"rendered":"N\u00f3\u017c zamykany Extrema Ratio RAO C CZARNY"},"content":{"rendered":"<p>N\u00f3\u017c zamykany <strong>Extrema Ratio<\/strong> RAO C CZARNY<\/p>\n<p>Extrema Ratio RAO C to kompaktowy n\u00f3\u017c sk\u0142adany wywodz\u0105cy si\u0119 z kultowego RAO II.<\/p>\n<p>Dzi\u0119ki swojej konstrukcji RAO C jest narz\u0119dziem, kt\u00f3re pomimo swoich niewielkich wymiar\u00f3w mo\u017ce zagwarantowa\u0107 te same cechy wytrzyma\u0142o\u015bci i niezawodno\u015bci, co jego wi\u0119kszy brat, oferuj\u0105c jednocze\u015bnie lepsz\u0105 przeno\u015bno\u015b\u0107 i kontrol\u0119.<\/p>\n<p>R\u0119koje\u015b\u0107 sk\u0142ada si\u0119 z 2 drobno obrobionych r\u0119koje\u015bci z anodyzowanego aluminium, kt\u00f3re Extrema Ratio poddaje obr\u00f3bce metod\u0105 twardego utleniania, dzi\u0119ki czemu s\u0105 bardziej odporne na zu\u017cycie i korozj\u0119.<\/p>\n<p>Dwie stalowe ramy zwi\u0119kszaj\u0105 wytrzyma\u0142o\u015b\u0107 r\u0119koje\u015bci, dzi\u0119ki czemu poradz\u0105 sobie nawet w najbardziej wymagaj\u0105cych zastosowaniach.<\/p>\n<p>Mechanizm blokady otwarcia jest szczeg\u00f3lnie trwa\u0142y, poniewa\u017c jest wspierany przez system bezpiecze\u0144stwa, kt\u00f3ry zamienia go w prawdziwe sta\u0142e ostrze.<\/p>\n<p>Podstawowe zabezpieczenie ostrza aktywowane jest poprzez podniesienie i opuszczenie sworznia zabezpieczaj\u0105cego.<\/p>\n<p>Aby zapewni\u0107 u\u017cytkownikowi maksymalne bezpiecze\u0144stwo podczas u\u017cytkowania, zastosowano praktyczne i szybkie dodatkowe zabezpieczenie, kt\u00f3re aktywuje si\u0119 poprzez proste przesuni\u0119cie agrafki w poziomie.<\/p>\n<p>Obustronny klips zaprojektowano tak, aby umo\u017cliwi\u0107 ukryte noszenie no\u017ca w kieszeni, dzi\u0119ki czemu n\u00f3\u017c b\u0119dzie niewidoczny z zewn\u0105trz.<\/p>\n<p>Ostrze wykonano ze stali B\u00f6hler N690 hartowanej do 58 HRC z klasycznym czarnym wyko\u0144czeniem Extrema Ratio MIL-C-13924.<\/p>\n<p>Aby odci\u0105\u017cy\u0107 stalowe ramy, z profilu RAO C wyci\u0119to laserowo kszta\u0142t, kt\u00f3ry nast\u0119pnie pos\u0142u\u017cy\u0142 do stworzenia gad\u017cetu do\u0142\u0105czonego do no\u017ca.<\/p>\n<p>Rao C jest dost\u0119pny w kolorze czarnym i taktycznym szarym.<\/p>\n<p>&nbsp;<\/p>\n<p>D\u0141UGO\u015a\u0106 OSTRZA (MM): 100<br \/>\nD\u0141UGO\u015a\u0106 OSTRZA (IN): 3,93<br \/>\nD\u0141UGO\u015a\u0106 CA\u0141KOWITA (MM): 225<br \/>\nD\u0141UGO\u015a\u0106 CA\u0141KOWITA (W): 8,85<br \/>\nGRUBO\u015a\u0106 OSTRZA (MM): 4<br \/>\nGRUBO\u015a\u0106 OSTRZY (IN): 0,15<br \/>\nMATERIA\u0141 OSTRZA: STAL B\u00f6HLER N690 (58HRC)<br \/>\nWYKO\u0143CZENIE NO\u017bA: MIL-C-13924 UK\u0141ADANIE<br \/>\nSZLIFOWANIE NO\u017bY: P\u0141ASKA KRAW\u0118D\u0179<br \/>\nMATERIA\u0141 UCHWYTU: ANODOWANE ALUMINIUM ANTYKORODOWE<\/p>\n<p>&nbsp;<\/p>\n<p>&nbsp;<\/p>\n","protected":false},"excerpt":{"rendered":"<p><strong>Extrema Ratio RAO C to kompaktowy n\u00f3\u017c sk\u0142adany wywodz\u0105cy si\u0119 z kultowego RAO II.<\/strong><\/p>\n","protected":false},"featured_media":323612,"comment_status":"open","ping_status":"closed","template":"","meta":[],"pwb-brand":[3666],"product_brand":[],"product_cat":[3307,3296],"product_tag":[3671],"class_list":{"0":"post-323611","1":"product","2":"type-product","3":"status-publish","4":"has-post-thumbnail","6":"pwb-brand-stosunek-ekstremow","7":"product_cat-zamykanie-nozy","8":"product_cat-noze-pl","9":"product_tag-b2b-pl","11":"first","12":"instock","13":"taxable","14":"shipping-taxable","15":"purchasable","16":"product-type-simple"},"brands":[{"id":3666,"name":"Stosunek ekstrem\u00f3w","slug":"stosunek-ekstremow"}],"_links":{"self":[{"href":"https:\/\/www.moskito.cz\/pl\/wp-json\/wp\/v2\/product\/323611","targetHints":{"allow":["GET"]}}],"collection":[{"href":"https:\/\/www.moskito.cz\/pl\/wp-json\/wp\/v2\/product"}],"about":[{"href":"https:\/\/www.moskito.cz\/pl\/wp-json\/wp\/v2\/types\/product"}],"replies":[{"embeddable":true,"href":"https:\/\/www.moskito.cz\/pl\/wp-json\/wp\/v2\/comments?post=323611"}],"wp:featuredmedia":[{"embeddable":true,"href":"https:\/\/www.moskito.cz\/pl\/wp-json\/wp\/v2\/media\/323612"}],"wp:attachment":[{"href":"https:\/\/www.moskito.cz\/pl\/wp-json\/wp\/v2\/media?parent=323611"}],"wp:term":[{"taxonomy":"pwb-brand","embeddable":true,"href":"https:\/\/www.moskito.cz\/pl\/wp-json\/wp\/v2\/pwb-brand?post=323611"},{"taxonomy":"product_brand","embeddable":true,"href":"https:\/\/www.moskito.cz\/pl\/wp-json\/wp\/v2\/product_brand?post=323611"},{"taxonomy":"product_cat","embeddable":true,"href":"https:\/\/www.moskito.cz\/pl\/wp-json\/wp\/v2\/product_cat?post=323611"},{"taxonomy":"product_tag","embeddable":true,"href":"https:\/\/www.moskito.cz\/pl\/wp-json\/wp\/v2\/product_tag?post=323611"}],"curies":[{"name":"wp","href":"https:\/\/api.w.org\/{rel}","templated":true}]}}