{"id":323625,"date":"2021-04-23T20:33:23","date_gmt":"2024-03-22T14:42:41","guid":{"rendered":"https:\/\/www.moskito.cz\/produkt\/naprawiono-knife-extrema-ratio-col-moschin-c-desert-warfare\/"},"modified":"2025-07-11T07:54:36","modified_gmt":"2025-07-11T06:54:36","slug":"naprawiono-knife-extrema-ratio-col-moschin-c-desert-warfare","status":"publish","type":"product","link":"https:\/\/www.moskito.cz\/pl\/produkt\/naprawiono-knife-extrema-ratio-col-moschin-c-desert-warfare\/","title":{"rendered":"Naprawiono Knife Extrema Ratio COL MOSCHIN C DESERT WARFARE"},"content":{"rendered":"<p>Naprawiono Knife <strong>Extrema Ratio<\/strong> COL MOSCHIN C DESERT WARFARE.<\/p>\n<p>Zab\u00f3jczo\u015b\u0107 z naszego no\u017ca COL MOSCHIN w kompaktowym rozmiarze. W zestawie twardy pokrowiec na pasek i zaczep na pasek. Etui mo\u017cna nosi\u0107 w pionie, poziomie lub uko\u015bnie (pod k\u0105tem 45\u00b0). Dost\u0119pne wersje: COL MOSCHIN C BLACK, COL MOSCHIN C DESERT WARFARE.<\/p>\n<p>DANE TECHNICZNE8<br \/>\nWaga g.: 202<br \/>\nWaga ok.: 7,1<br \/>\nD\u0142ugo\u015b\u0107 ostrza (mm): 110<br \/>\nD\u0142ugo\u015b\u0107 ostrza (w calach): 4,3<br \/>\nD\u0142ugo\u015b\u0107 ca\u0142kowita (mm): 214<br \/>\nD\u0142ugo\u015b\u0107 ca\u0142kowita (w calach): 8,4<br \/>\nGrubo\u015b\u0107 ostrza (mm): 6,3<br \/>\nGrubo\u015b\u0107 ostrza (w calach): 0,25<br \/>\nMateria\u0142 ostrza: STAL B\u00f6HLER N690 (58HRC)<\/p>\n","protected":false},"excerpt":{"rendered":"<p><strong>Firma Extrema Ratio<\/strong> z siedzib\u0105 w Prato we W\u0142oszech projektuje i produkuje wysokiej jako\u015bci no\u017ce bojowe, wojskowe, kuchenne, my\u015bliwskie i taktyczne od 1997 roku i cieszy si\u0119 reputacj\u0105 dzi\u0119ki najwy\u017cszej jako\u015bci, kt\u00f3ra nie ma sobie r\u00f3wnych w bran\u017cy no\u017cy wojskowych i taktycznych. <strong>Bezp\u0142atny transport.<\/strong><\/p>\n","protected":false},"featured_media":323627,"comment_status":"open","ping_status":"closed","template":"","meta":[],"pwb-brand":[3666],"product_brand":[],"product_cat":[3296,3297],"product_tag":[3671],"class_list":{"0":"post-323625","1":"product","2":"type-product","3":"status-publish","4":"has-post-thumbnail","6":"pwb-brand-stosunek-ekstremow","7":"product_cat-noze-pl","8":"product_cat-solidne-noze","9":"product_tag-b2b-pl","11":"first","12":"instock","13":"taxable","14":"shipping-taxable","15":"purchasable","16":"product-type-simple"},"brands":[{"id":3666,"name":"Stosunek ekstrem\u00f3w","slug":"stosunek-ekstremow"}],"_links":{"self":[{"href":"https:\/\/www.moskito.cz\/pl\/wp-json\/wp\/v2\/product\/323625","targetHints":{"allow":["GET"]}}],"collection":[{"href":"https:\/\/www.moskito.cz\/pl\/wp-json\/wp\/v2\/product"}],"about":[{"href":"https:\/\/www.moskito.cz\/pl\/wp-json\/wp\/v2\/types\/product"}],"replies":[{"embeddable":true,"href":"https:\/\/www.moskito.cz\/pl\/wp-json\/wp\/v2\/comments?post=323625"}],"wp:featuredmedia":[{"embeddable":true,"href":"https:\/\/www.moskito.cz\/pl\/wp-json\/wp\/v2\/media\/323627"}],"wp:attachment":[{"href":"https:\/\/www.moskito.cz\/pl\/wp-json\/wp\/v2\/media?parent=323625"}],"wp:term":[{"taxonomy":"pwb-brand","embeddable":true,"href":"https:\/\/www.moskito.cz\/pl\/wp-json\/wp\/v2\/pwb-brand?post=323625"},{"taxonomy":"product_brand","embeddable":true,"href":"https:\/\/www.moskito.cz\/pl\/wp-json\/wp\/v2\/product_brand?post=323625"},{"taxonomy":"product_cat","embeddable":true,"href":"https:\/\/www.moskito.cz\/pl\/wp-json\/wp\/v2\/product_cat?post=323625"},{"taxonomy":"product_tag","embeddable":true,"href":"https:\/\/www.moskito.cz\/pl\/wp-json\/wp\/v2\/product_tag?post=323625"}],"curies":[{"name":"wp","href":"https:\/\/api.w.org\/{rel}","templated":true}]}}