{"id":323719,"date":"2022-11-07T21:56:00","date_gmt":"2022-11-07T20:56:00","guid":{"rendered":"https:\/\/www.moskito.cz\/produkt\/noz-skladany-cold-steel-finn-wolf-z-zielonego\/"},"modified":"2025-05-07T11:07:42","modified_gmt":"2025-05-07T10:07:42","slug":"noz-skladany-cold-steel-finn-wolf-z-zielonego","status":"publish","type":"product","link":"https:\/\/www.moskito.cz\/pl\/produkt\/noz-skladany-cold-steel-finn-wolf-z-zielonego\/","title":{"rendered":"N\u00f3\u017c sk\u0142adany Cold Steel FINN WOLF Z ZIELONEGO"},"content":{"rendered":"<p>N\u00f3\u017c sk\u0142adany <strong>Cold Steel<\/strong> FINN WOLF Z ZIELONEGO.<\/p>\n<p>Stworzony we wsp\u00f3\u0142pracy mi\u0119dzy producentem no\u017cy na zam\u00f3wienie Andrew Demke i prezesem Cold Steel Lynn C. Thompson, Cold Steel Finn Wolf to sk\u0142adany n\u00f3\u017c u\u017cytkowy i obozowy, kt\u00f3ry czerpie inspiracj\u0119 z klasycznego fi\u0144skiego Pukko. Wyposa\u017cony w zamek Tri-Ad zapewniaj\u0105cy najwy\u017csze bezpiecze\u0144stwo, Finn Wolf to folder, na kt\u00f3rym mo\u017cesz polega\u0107 nawet w najbardziej bezkompromisowych warunkach. Jego satynowo polerowane japo\u0144skie ostrze AUS 8A jest gotowe na d\u0142ugie godziny i ci\u0119\u017ck\u0105 prac\u0119, a jego ostra kraw\u0119d\u017a zero szlifu u\u0142atwia ponowne naostrzenie w terenie. Przy tak du\u017cej mocy zawartej w tym wygodnym, solidnym, praktycznym i niedrogim pakiecie, po prostu nie ma wym\u00f3wki, aby nie doda\u0107 ju\u017c dzi\u015b Finn Wolf do swojej kolekcji!<\/p>\n<p>PARAMETRY PRODUKTU<br \/>\nKolor: zielony\/srebrny<br \/>\nRodzaj zamka: Blokada Tri-Ad<br \/>\nWaga: 96,38 g<br \/>\nGrubo\u015b\u0107 ostrza: 3 mm<br \/>\nD\u0142ugo\u015b\u0107 r\u0105czki: 111 mm<br \/>\nMateria\u0142 kabury: obur\u0119czna kiesze\u0144\/zaczep na pasek<br \/>\nRozmiar ca\u0142kowity: 205 mm<br \/>\nD\u0142ugo\u015b\u0107 ostrza: 89 mm<br \/>\nMateria\u0142 r\u0119koje\u015bci: Long OD Green Griv-Ex\u2122<br \/>\nStal: japo\u0144ska stal nierdzewna AUS 8A<\/p>\n<p>&nbsp;<\/p>\n","protected":false},"excerpt":{"rendered":"<p>N\u00f3\u017c sk\u0142adany Finn Wolf firmy Cold Steel to n\u00f3\u017c do noszenia na co dzie\u0144 (EDC) przeznaczony dla my\u015bliwych, rybak\u00f3w i og\u00f3lnie do sp\u0119dzania czasu na \u015bwie\u017cym powietrzu.<\/p>\n","protected":false},"featured_media":323723,"comment_status":"open","ping_status":"closed","template":"","meta":[],"pwb-brand":[3596],"product_brand":[],"product_cat":[3307,3296],"product_tag":[3671],"class_list":{"0":"post-323719","1":"product","2":"type-product","3":"status-publish","4":"has-post-thumbnail","6":"pwb-brand-zimna-stal","7":"product_cat-zamykanie-nozy","8":"product_cat-noze-pl","9":"product_tag-b2b-pl","11":"first","12":"instock","13":"taxable","14":"shipping-taxable","15":"purchasable","16":"product-type-simple"},"brands":[{"id":3596,"name":"Zimna stal","slug":"zimna-stal"}],"_links":{"self":[{"href":"https:\/\/www.moskito.cz\/pl\/wp-json\/wp\/v2\/product\/323719","targetHints":{"allow":["GET"]}}],"collection":[{"href":"https:\/\/www.moskito.cz\/pl\/wp-json\/wp\/v2\/product"}],"about":[{"href":"https:\/\/www.moskito.cz\/pl\/wp-json\/wp\/v2\/types\/product"}],"replies":[{"embeddable":true,"href":"https:\/\/www.moskito.cz\/pl\/wp-json\/wp\/v2\/comments?post=323719"}],"wp:featuredmedia":[{"embeddable":true,"href":"https:\/\/www.moskito.cz\/pl\/wp-json\/wp\/v2\/media\/323723"}],"wp:attachment":[{"href":"https:\/\/www.moskito.cz\/pl\/wp-json\/wp\/v2\/media?parent=323719"}],"wp:term":[{"taxonomy":"pwb-brand","embeddable":true,"href":"https:\/\/www.moskito.cz\/pl\/wp-json\/wp\/v2\/pwb-brand?post=323719"},{"taxonomy":"product_brand","embeddable":true,"href":"https:\/\/www.moskito.cz\/pl\/wp-json\/wp\/v2\/product_brand?post=323719"},{"taxonomy":"product_cat","embeddable":true,"href":"https:\/\/www.moskito.cz\/pl\/wp-json\/wp\/v2\/product_cat?post=323719"},{"taxonomy":"product_tag","embeddable":true,"href":"https:\/\/www.moskito.cz\/pl\/wp-json\/wp\/v2\/product_tag?post=323719"}],"curies":[{"name":"wp","href":"https:\/\/api.w.org\/{rel}","templated":true}]}}