{"id":323743,"date":"2023-03-25T14:30:44","date_gmt":"2024-03-25T14:12:19","guid":{"rendered":"https:\/\/www.moskito.cz\/produkt\/noz-skladany-cold-steel-lynn-thompson-signature-spartan\/"},"modified":"2025-05-07T11:07:44","modified_gmt":"2025-05-07T10:07:44","slug":"noz-skladany-cold-steel-lynn-thompson-signature-spartan","status":"publish","type":"product","link":"https:\/\/www.moskito.cz\/pl\/produkt\/noz-skladany-cold-steel-lynn-thompson-signature-spartan\/","title":{"rendered":"N\u00f3\u017c sk\u0142adany Cold Steel LYNN THOMPSON SIGNATURE SPARTAN"},"content":{"rendered":"<p>N\u00f3\u017c sk\u0142adany <strong>Cold Steel<\/strong> LYNN THOMPSON SIGNATURE SPARTAN<\/p>\n<p><strong>Cold Steel<\/strong> Lynn Thompson Signature Spartan z podpisem z przodu ostrza i numerem seryjnym potwierdzaj\u0105cym autentyczno\u015b\u0107. Super ostre z\u0105bkowane ostrze Spartans wykonane jest ze stali S35VN i zosta\u0142o zaprojektowane tak, aby odzwierciedla\u0107 estetyk\u0119 i wydajno\u015b\u0107 ci\u0119cia znanego na ca\u0142ym \u015bwiecie Kukri, z zakrzywionym ostrzem, du\u017cym brzuchem i ostrym czubkiem. Ostrze tego no\u017ca Cold Steel posiada opatentowan\u0105 p\u0142ytk\u0119 pod kciuk \u201eDemko\u201d, kt\u00f3ra umo\u017cliwia otwieranie jedn\u0105 r\u0119k\u0105 i wyci\u0105ganie. Rowkowana r\u0119koje\u015b\u0107 OD Green G-10 ma wyra\u017an\u0105 krzywizn\u0119 choilu i g\u0142\u00f3wki zapewniaj\u0105c\u0105 pewny chwyt, stalowe wstawki zwi\u0119kszaj\u0105ce wytrzyma\u0142o\u015b\u0107, zamek Tri-Ad i otw\u00f3r na smycz. Jest mocno wyprofilowany dla wygody i ma nieregularne rade\u0142kowanie oraz mocno teksturowane wyko\u0144czenie zapewniaj\u0105ce wyj\u0105tkowo skuteczny chwyt.<\/p>\n<p>Opis:<br \/>\nMateria\u0142 ostrza: CPM-S35VN<br \/>\nMateria\u0142 r\u0119koje\u015bci: G-10<br \/>\nBezpiecze\u0144stwo: blokada Tri-Ad<br \/>\nD\u0142ugo\u015b\u0107 ostrza: 11,4 cm<br \/>\nD\u0142ugo\u015b\u0107 ca\u0142kowita: 26,7 cm<br \/>\nD\u0142ugo\u015b\u0107 z\u0142o\u017conego no\u017ca: 15,2 cm<br \/>\nGrubo\u015b\u0107 ostrza: 4 mm<br \/>\nWaga: 256 g<br \/>\nTyp ostrza: Kukri<\/p>\n<p><iframe title=\"Cold Steel Lynn Thompson Signature Series Spartan Knife 1 Available at Cold Steel Dealers Nationwide\" width=\"800\" height=\"450\" src=\"https:\/\/www.youtube.com\/embed\/P5zbdjBcmpI?feature=oembed\" frameborder=\"0\" allow=\"accelerometer; autoplay; clipboard-write; encrypted-media; gyroscope; picture-in-picture; web-share\" allowfullscreen><\/iframe><\/p>\n<p>&nbsp;<\/p>\n<p>&nbsp;<\/p>\n","protected":false},"excerpt":{"rendered":"<p><strong>LYNN THOMPSON SIGNATURE SPARTAN, n\u00f3\u017c sk\u0142adany z z\u0105bkowanym ostrzem. Tym razem w limitowanej, numerowanej serii, sygnowanej przez za\u0142o\u017cyciela Cold Steel.<\/strong><\/p>\n","protected":false},"featured_media":323744,"comment_status":"open","ping_status":"closed","template":"","meta":[],"pwb-brand":[3596],"product_brand":[],"product_cat":[3296,3307],"product_tag":[3671],"class_list":{"0":"post-323743","1":"product","2":"type-product","3":"status-publish","4":"has-post-thumbnail","6":"pwb-brand-zimna-stal","7":"product_cat-noze-pl","8":"product_cat-zamykanie-nozy","9":"product_tag-b2b-pl","11":"first","12":"instock","13":"taxable","14":"shipping-taxable","15":"purchasable","16":"product-type-simple"},"brands":[{"id":3596,"name":"Zimna stal","slug":"zimna-stal"}],"_links":{"self":[{"href":"https:\/\/www.moskito.cz\/pl\/wp-json\/wp\/v2\/product\/323743","targetHints":{"allow":["GET"]}}],"collection":[{"href":"https:\/\/www.moskito.cz\/pl\/wp-json\/wp\/v2\/product"}],"about":[{"href":"https:\/\/www.moskito.cz\/pl\/wp-json\/wp\/v2\/types\/product"}],"replies":[{"embeddable":true,"href":"https:\/\/www.moskito.cz\/pl\/wp-json\/wp\/v2\/comments?post=323743"}],"wp:featuredmedia":[{"embeddable":true,"href":"https:\/\/www.moskito.cz\/pl\/wp-json\/wp\/v2\/media\/323744"}],"wp:attachment":[{"href":"https:\/\/www.moskito.cz\/pl\/wp-json\/wp\/v2\/media?parent=323743"}],"wp:term":[{"taxonomy":"pwb-brand","embeddable":true,"href":"https:\/\/www.moskito.cz\/pl\/wp-json\/wp\/v2\/pwb-brand?post=323743"},{"taxonomy":"product_brand","embeddable":true,"href":"https:\/\/www.moskito.cz\/pl\/wp-json\/wp\/v2\/product_brand?post=323743"},{"taxonomy":"product_cat","embeddable":true,"href":"https:\/\/www.moskito.cz\/pl\/wp-json\/wp\/v2\/product_cat?post=323743"},{"taxonomy":"product_tag","embeddable":true,"href":"https:\/\/www.moskito.cz\/pl\/wp-json\/wp\/v2\/product_tag?post=323743"}],"curies":[{"name":"wp","href":"https:\/\/api.w.org\/{rel}","templated":true}]}}