{"id":323811,"date":"2024-03-25T17:00:42","date_gmt":"2024-03-25T16:02:40","guid":{"rendered":"https:\/\/www.moskito.cz\/produkt\/naprawiono-noz-spartan-blades-phrike-sb17bkgrkybk\/"},"modified":"2025-05-07T11:07:45","modified_gmt":"2025-05-07T10:07:45","slug":"naprawiono-noz-spartan-blades-phrike-sb17bkgrkybk","status":"publish","type":"product","link":"https:\/\/www.moskito.cz\/pl\/produkt\/naprawiono-noz-spartan-blades-phrike-sb17bkgrkybk\/","title":{"rendered":"Naprawiono n\u00f3\u017c Spartan Blades Phrike SB17BKGRKYBK"},"content":{"rendered":"<p>Naprawiono n\u00f3\u017c <strong>Spartan Blades<\/strong> Phrike SB17BKGRKYBK.<\/p>\n<p>N\u00f3\u017c do samoobrony <strong>Spartan Phrike<\/strong> czerpie inspiracj\u0119 ze staro\u017cytnej mitologii greckiej, gdzie Phrike jest bogini\u0105 kojarzon\u0105 z terrorem i strachem. W j\u0119zyku greckim \u201ephrike\u201d t\u0142umaczy si\u0119 jako \u201edr\u017ce\u0107\u201d lub \u201edr\u017ce\u0107\u201d. Pomimo niewielkich rozmiar\u00f3w, niestandardowy n\u00f3\u017c do samoobrony Spartan Phrike jest imponuj\u0105cym i precyzyjnie wykonanym narz\u0119dziem przeznaczonym zar\u00f3wno do samoobrony, jak i do u\u017cytku u\u017cytkowego.<\/p>\n<p><strong>Phrike<\/strong> ma ma\u0142e i lekkie ostrze o \u015brednicy 4,25 cala, zaprojektowane specjalnie z my\u015bl\u0105 o \u0142atwym przenoszeniu i wszechstronnych zastosowaniach, takich jak samoobrona i bushcraft. Minimalnie zag\u0142\u0119biona r\u0119koje\u015b\u0107 no\u017ca zapewnia wygod\u0119, smuk\u0142y profil i wysok\u0105 mobilno\u015b\u0107.<\/p>\n<p>Jako doskona\u0142y n\u00f3\u017c u\u017cytkowy, Phrike nadaje si\u0119 do codziennych zada\u0144 i sprawdza si\u0119 w r\u00f3\u017cnych sytuacjach. Mo\u017cliwo\u015bci outdoorowe czyni\u0105 go niezawodnym towarzyszem polowa\u0144 i w\u0119dr\u00f3wek z plecakiem. Opr\u00f3cz swojej u\u017cyteczno\u015bci, <strong>Phrike<\/strong> wyr\u00f3\u017cnia si\u0119 jako r\u0119cznie robiony n\u00f3\u017c do samoobrony, idealny w sytuacjach awaryjnych i nieprzewidzianych okoliczno\u015bciach.<\/p>\n<p>Do no\u017ca do\u0142\u0105czona jest pochwa z Kydexu wyposa\u017cona w p\u0119tl\u0119 IWB (Inside the Belt), dost\u0119pna w kolorze czarnym lub coyote.<\/p>\n<p>Specyfikacje no\u017ca do samoobrony\/n\u00f3\u017ca u\u017cytkowego Spartan Phrike s\u0105 nast\u0119puj\u0105ce:<\/p>\n<p>Nazwa no\u017ca: Phrike<br \/>\nProjektanci: Iovito\/Carey<br \/>\nD\u0142ugo\u015b\u0107 ostrza: <span id=\"cwos\" class=\"qv3Wpe\">10,62<\/span> cm<br \/>\nD\u0142ugo\u015b\u0107 ca\u0142kowita: 21,25 cm<br \/>\nStal ostrza: S45VN<br \/>\nTwardo\u015b\u0107 ostrza: 59-61 HRC<br \/>\nStyl ostrza: Solidny, zakrzywiony punkt opadania<br \/>\nPow\u0142oka: SpartaCoat \u2013 PVD \u2013 Tungsten DLC (Flat Black) lub ZrN (Flat Dark Earth)<br \/>\nMateria\u0142 r\u0119koje\u015bci: G10 (czarny, zielony i kojotowy)<br \/>\nPochwa: Kydex z p\u0119tl\u0105 IWB (czarna lub coyote)<br \/>\nWaga: 0,244 funta<\/p>\n<p><iframe title=\"Spartan Blades Company Knife Company Story with Co-Founders Mark Carey and Curtis Iovito.\" width=\"800\" height=\"450\" src=\"https:\/\/www.youtube.com\/embed\/S-EVJgZR57Y?feature=oembed\" frameborder=\"0\" allow=\"accelerometer; autoplay; clipboard-write; encrypted-media; gyroscope; picture-in-picture; web-share\" allowfullscreen><\/iframe><\/p>\n<p>&nbsp;<\/p>\n","protected":false},"excerpt":{"rendered":"<p><strong>N\u00f3\u017c do samoobrony Spartan Phrike czerpie inspiracj\u0119 ze staro\u017cytnej mitologii greckiej, gdzie Phrike jest bogini\u0105 kojarzon\u0105 z horrorem i strachem. W j\u0119zyku greckim \u201ephrike\u201d t\u0142umaczy si\u0119 jako \u201edr\u017ce\u0107\u201d lub \u201edr\u017ce\u0107\u201d. Pomimo niewielkich rozmiar\u00f3w, niestandardowy n\u00f3\u017c do samoobrony Spartan Phrike jest imponuj\u0105cym i precyzyjnie wykonanym narz\u0119dziem przeznaczonym zar\u00f3wno do samoobrony, jak i do u\u017cytku u\u017cytkowego.<\/strong><\/p>\n<p><strong>Bezp\u0142atny transport.<\/strong><\/p>\n","protected":false},"featured_media":323772,"comment_status":"open","ping_status":"closed","template":"","meta":[],"pwb-brand":[3836],"product_brand":[],"product_cat":[3296,3297],"product_tag":[3671],"class_list":{"0":"post-323811","1":"product","2":"type-product","3":"status-publish","4":"has-post-thumbnail","6":"pwb-brand-spartanskie-ostrza","7":"product_cat-noze-pl","8":"product_cat-solidne-noze","9":"product_tag-b2b-pl","11":"first","12":"instock","13":"taxable","14":"shipping-taxable","15":"purchasable","16":"product-type-simple"},"brands":[{"id":3836,"name":"Sparta\u0144skie Ostrza","slug":"spartanskie-ostrza"}],"_links":{"self":[{"href":"https:\/\/www.moskito.cz\/pl\/wp-json\/wp\/v2\/product\/323811","targetHints":{"allow":["GET"]}}],"collection":[{"href":"https:\/\/www.moskito.cz\/pl\/wp-json\/wp\/v2\/product"}],"about":[{"href":"https:\/\/www.moskito.cz\/pl\/wp-json\/wp\/v2\/types\/product"}],"replies":[{"embeddable":true,"href":"https:\/\/www.moskito.cz\/pl\/wp-json\/wp\/v2\/comments?post=323811"}],"wp:featuredmedia":[{"embeddable":true,"href":"https:\/\/www.moskito.cz\/pl\/wp-json\/wp\/v2\/media\/323772"}],"wp:attachment":[{"href":"https:\/\/www.moskito.cz\/pl\/wp-json\/wp\/v2\/media?parent=323811"}],"wp:term":[{"taxonomy":"pwb-brand","embeddable":true,"href":"https:\/\/www.moskito.cz\/pl\/wp-json\/wp\/v2\/pwb-brand?post=323811"},{"taxonomy":"product_brand","embeddable":true,"href":"https:\/\/www.moskito.cz\/pl\/wp-json\/wp\/v2\/product_brand?post=323811"},{"taxonomy":"product_cat","embeddable":true,"href":"https:\/\/www.moskito.cz\/pl\/wp-json\/wp\/v2\/product_cat?post=323811"},{"taxonomy":"product_tag","embeddable":true,"href":"https:\/\/www.moskito.cz\/pl\/wp-json\/wp\/v2\/product_tag?post=323811"}],"curies":[{"name":"wp","href":"https:\/\/api.w.org\/{rel}","templated":true}]}}