{"id":323901,"date":"2023-10-26T19:40:56","date_gmt":"2024-03-26T09:44:54","guid":{"rendered":"https:\/\/www.moskito.cz\/produkt\/noz-zamykajacy-kershaw-payout-2075\/"},"modified":"2025-05-07T11:07:48","modified_gmt":"2025-05-07T10:07:48","slug":"noz-zamykajacy-kershaw-payout-2075","status":"publish","type":"product","link":"https:\/\/www.moskito.cz\/pl\/produkt\/noz-zamykajacy-kershaw-payout-2075\/","title":{"rendered":"N\u00f3\u017c zamykaj\u0105cy Kershaw PAYOUT 2075"},"content":{"rendered":"<p>N\u00f3\u017c zamykaj\u0105cy <strong>Kershaw<\/strong> PAYOUT 2075<\/p>\n<p><strong>Payout<\/strong> to wi\u0119kszy n\u00f3\u017c, kt\u00f3ry z pewno\u015bci\u0105 przyci\u0105gnie podziwiaj\u0105ce spojrzenia. Du\u017ce, 3,5-calowe ostrze ze stali D2 ma unikalne, najwy\u017csze naci\u0119cie, kt\u00f3re nadaje Payoutowi dynamiczny wygl\u0105d i odci\u0105\u017ca cz\u0119\u015b\u0107 ci\u0119\u017caru wi\u0119kszego ostrza. Prz\u00f3d obrobionej maszynowo stali i czarnej r\u0119koje\u015bci G10 uzupe\u0142niony jest ozdobn\u0105 szpilk\u0105 i szpilk\u0105 z aluminium anodowanego na mied\u017a. Tylna cz\u0119\u015b\u0107 r\u0119koje\u015bci odzwierciedla pier\u015bcie\u0144 obrotowy z w\u0142asnym ogranicznikiem przed skrzy\u017cowaniem, r\u00f3wnie\u017c anodowanym w kolorze miedzi. Ostatnim miedzianym akcentem jest stojak, kt\u00f3ry s\u0142u\u017cy jako otw\u00f3r na smycz.<\/p>\n<p>Wysokiej jako\u015bci scyzoryk o niepowtarzalnym wygl\u0105dzie i wysokiej wydajno\u015bci<br \/>\nWysokow\u0119glowa stal narz\u0119dziowa D2 jest bardzo odporna na zu\u017cycie, ci\u0105gliwa i zapewnia doskona\u0142e zachowanie kraw\u0119dzi<br \/>\nPier\u015bcie\u0144 obrotowy z anodyzowanego na mied\u017a aluminium, otw\u00f3r na przek\u0142adk\u0119\/smycz i ogranicznik zapobiegaj\u0105cy wybieganiu zapewniaj\u0105 niestandardowe akcenty<br \/>\nR\u0119koje\u015b\u0107 ze stali i G10 jest g\u0142\u0119boko wyprofilowana, aby wygodnie dopasowa\u0107 si\u0119 do d\u0142oni<br \/>\nDu\u017ce ostrze otwiera si\u0119 szybko dzi\u0119ki wspomaganemu otwieraniu Kershawa<br \/>\nOwijany klips kieszeniowy zapewnia wygodne i g\u0142\u0119bokie noszenie.<\/p>\n<p>Stosuj na co dzie\u0144, na \u015bwie\u017cym powietrzu, w pracy<br \/>\nWpisz wspomagane, folder<br \/>\nStylowy scyzoryk<br \/>\nOryginalne produkty projektanta Kershaw<br \/>\nPunkt opadania w stylu ostrza<br \/>\nKraw\u0119d\u017a ostrza g\u0142adka<br \/>\nWspomagane otwieranie<br \/>\nOtwiera si\u0119 za pomoc\u0105 Flippera<br \/>\nTyp zamka Blokada ramy<br \/>\nKieszonkowy klips Bardzo g\u0142\u0119bokie noszenie w jednej pozycji (prawa, sk\u0142adana)<br \/>\nKolor r\u0105czki srebrno-czarny<br \/>\nSprz\u0119t Nakr\u0119tka obrotowa ze stali anodowanej na br\u0105z, tuleja obrotowa z aluminium anodowanego na br\u0105z, klips kieszeniowy ze stali anodowanej na br\u0105z, przek\u0142adki rurowe z aluminium anodowanego na br\u0105z, \u015bruby ze stali anodyzowanej na br\u0105z<br \/>\nKraj pochodzenia USA: projekt, prototyp, kontrola jako\u015bci.<br \/>\nGwarancja Ograniczona gwarancja do\u017cywotnia<\/p>\n<p>SPECYFIKACJA:<br \/>\nD\u0142ugo\u015b\u0107 ostrza: 8,9 cm<br \/>\nMateria\u0142 ostrza D2<br \/>\nWyko\u0144czenie ostrza\/pochwa Wyko\u0144czenie Stonewash<br \/>\nGrubo\u015b\u0107 ostrza 0,284 cm<br \/>\nD\u0142ugo\u015b\u0107 po zamkni\u0119ciu: 12,6 cm<br \/>\nR\u0119koje\u015b\u0107 z materia\u0142u G10 z przodu, stal nierdzewna z ty\u0142u<br \/>\nWyko\u0144czenie uchwytu\/pow\u0142oka Ty\u0142 z wyko\u0144czeniem Stonewash<br \/>\nGrubo\u015b\u0107 r\u0105czki: 10 cm<br \/>\nD\u0142ugo\u015b\u0107 ca\u0142kowita: 21,3 cm<br \/>\nWaga: 150,3 g<\/p>\n","protected":false},"excerpt":{"rendered":"<p><strong>Wysokiej jako\u015bci scyzoryk o niepowtarzalnym wygl\u0105dzie i wysokiej wydajno\u015bci.<\/strong><\/p>\n","protected":false},"featured_media":323904,"comment_status":"open","ping_status":"closed","template":"","meta":[],"pwb-brand":[3773],"product_brand":[],"product_cat":[3307,3296],"product_tag":[],"class_list":{"0":"post-323901","1":"product","2":"type-product","3":"status-publish","4":"has-post-thumbnail","6":"pwb-brand-kershawa","7":"product_cat-zamykanie-nozy","8":"product_cat-noze-pl","10":"first","11":"outofstock","12":"taxable","13":"shipping-taxable","14":"purchasable","15":"product-type-simple"},"brands":[{"id":3773,"name":"Kershawa","slug":"kershawa"}],"_links":{"self":[{"href":"https:\/\/www.moskito.cz\/pl\/wp-json\/wp\/v2\/product\/323901","targetHints":{"allow":["GET"]}}],"collection":[{"href":"https:\/\/www.moskito.cz\/pl\/wp-json\/wp\/v2\/product"}],"about":[{"href":"https:\/\/www.moskito.cz\/pl\/wp-json\/wp\/v2\/types\/product"}],"replies":[{"embeddable":true,"href":"https:\/\/www.moskito.cz\/pl\/wp-json\/wp\/v2\/comments?post=323901"}],"wp:featuredmedia":[{"embeddable":true,"href":"https:\/\/www.moskito.cz\/pl\/wp-json\/wp\/v2\/media\/323904"}],"wp:attachment":[{"href":"https:\/\/www.moskito.cz\/pl\/wp-json\/wp\/v2\/media?parent=323901"}],"wp:term":[{"taxonomy":"pwb-brand","embeddable":true,"href":"https:\/\/www.moskito.cz\/pl\/wp-json\/wp\/v2\/pwb-brand?post=323901"},{"taxonomy":"product_brand","embeddable":true,"href":"https:\/\/www.moskito.cz\/pl\/wp-json\/wp\/v2\/product_brand?post=323901"},{"taxonomy":"product_cat","embeddable":true,"href":"https:\/\/www.moskito.cz\/pl\/wp-json\/wp\/v2\/product_cat?post=323901"},{"taxonomy":"product_tag","embeddable":true,"href":"https:\/\/www.moskito.cz\/pl\/wp-json\/wp\/v2\/product_tag?post=323901"}],"curies":[{"name":"wp","href":"https:\/\/api.w.org\/{rel}","templated":true}]}}