{"id":323974,"date":"2024-03-26T18:06:37","date_gmt":"2024-03-26T17:07:25","guid":{"rendered":"https:\/\/www.moskito.cz\/produkt\/noz-strzelecki-pro-tech-les-george-sbr-stonewashed-lg401-blue\/"},"modified":"2025-05-07T11:07:49","modified_gmt":"2025-05-07T10:07:49","slug":"noz-strzelecki-pro-tech-les-george-sbr-stonewashed-lg401-blue","status":"publish","type":"product","link":"https:\/\/www.moskito.cz\/pl\/produkt\/noz-strzelecki-pro-tech-les-george-sbr-stonewashed-lg401-blue\/","title":{"rendered":"N\u00f3\u017c strzelecki Pro-Tech Les George SBR Stonewashed LG401-BLUE"},"content":{"rendered":"<p>N\u00f3\u017c strzelecki <strong>Pro-Tech<\/strong> Les George SBR Stonewashed LG401-BLUE<\/p>\n<p>Ka\u017cdy n\u00f3\u017c <strong>Pro-Tech<\/strong> to po\u0142\u0105czenie najlepszych dost\u0119pnych materia\u0142\u00f3w i rzemios\u0142a. No\u017ce <strong>Pro-Tech<\/strong> powstaj\u0105 przy u\u017cyciu najnowocze\u015bniejszych proces\u00f3w produkcyjnych, kt\u00f3re obejmuj\u0105: Obr\u00f3bka CNC, elektroerozja drutowa, ci\u0119cie laserowe itp. Zaawansowane technologicznie komponenty s\u0105 montowane r\u0119cznie przez oddanych i skrupulatnych rzemie\u015blnik\u00f3w w ich zak\u0142adzie w Artesia w Kalifornii. Produkuj\u0105 ma\u0142e partie swoich no\u017cy, dzi\u0119ki czemu mog\u0105 po\u015bwi\u0119ci\u0107 czas na indywidualne dopasowanie i r\u0119czne wyko\u0144czenie ka\u017cdego no\u017ca do poziomu rzadko spotykanego w no\u017cach fabrycznych. Ich modele no\u017cy produkcyjnych oferuj\u0105 najlepszy design, funkcjonalno\u015b\u0107 i warto\u015b\u0107 spo\u015br\u00f3d wszystkich no\u017cy dost\u0119pnych obecnie na rynku. Ich niestandardowe no\u017ce automatyczne s\u0105 wyj\u0105tkowymi dzie\u0142ami sztuki. Ka\u017cdy z limitowanych edycji niestandardowych no\u017cy jest przyk\u0142adem tradycyjnej jako\u015bci. Bez wzgl\u0119du na to, kt\u00f3ry z no\u017cy wybierzesz, jeste\u015bmy pewni, \u017ce b\u0119dziesz bardzo zadowolony z zakupu.<\/p>\n<p>Pro-Tech Knives jest dumny z tego, \u017ce jest pierwszym wyborem specjalist\u00f3w z zakresu egzekwowania prawa i wojska na ca\u0142ym \u015bwiecie. No\u017ce Pro-Tech s\u0105 zbudowane z my\u015bl\u0105 o trwa\u0142o\u015bci. Short Bladed Rockeye, w skr\u00f3cie SBR, to kompaktowa wersja doskona\u0142ego, pe\u0142nowymiarowego Rockeye Auto. Obydwa no\u017ce zosta\u0142y zaprojektowane przez projektanta no\u017cy piechoty morskiej Lesa George&#8217;a, kt\u00f3rego wytrzyma\u0142e, ergonomiczne no\u017ce zosta\u0142y wiernie prze\u0142o\u017cone na wersje automatyczne przez firm\u0119 Pro-Tech. SBR ma kompaktow\u0105 konstrukcj\u0119 z 2,5-calowym ostrzem przeznaczonym do r\u00f3\u017cnych zada\u0144 ci\u0119cia. Frezowany grzbiet dodaje konstrukcji dodatkowej przyczepno\u015bci i g\u0142\u0119bi. N\u00f3\u017c otwiera si\u0119 pewnie dzi\u0119ki automatycznemu mechanizmowi spr\u0119\u017cyny \u015brubowej Pro-Tech. Nie daj si\u0119 zwie\u015b\u0107 jego rozmiarowi, SBR to prawdziwa moc. Ten model ma solidne, anodowane na niebiesko uchwyty, piaskowany osprz\u0119t, g\u0142\u0119boki klips do kieszeni i wyko\u0144czenie ostrza w kolorze kamienia.<\/p>\n<p>Dane techniczne:<br \/>\nD\u0142ugo\u015b\u0107 ostrza: 6,25 cm<br \/>\nD\u0142ugo\u015b\u0107 po zamkni\u0119ciu: 10 cm<br \/>\nD\u0142ugo\u015b\u0107 ca\u0142kowita: 17 cm<br \/>\nMateria\u0142 ostrza: CPM-S35VN Stal nierdzewna<br \/>\nTwardo\u015b\u0107 ostrza: 59HRC<br \/>\nStyl ostrza: Drop Point<br \/>\nSzlif ostrza: p\u0142aski<br \/>\nObr\u00f3bka powierzchni ostrza: Stonewash<br \/>\nMateria\u0142 r\u0119koje\u015bci: aluminium T6-6061, kolor niebieski<br \/>\nMechanizm blokuj\u0105cy: Przycisk<br \/>\nKieszonkowy klips: stal nierdzewna z g\u0142\u0119bokim uchwytem (wysuwany, prawy uchwyt)<br \/>\nWaga: 2,9 uncji<br \/>\nProjektant: Les George<br \/>\nWykonane w USA<\/p>\n<p><iframe title=\"Meet Pro-Tech Knives\" width=\"800\" height=\"450\" src=\"https:\/\/www.youtube.com\/embed\/0TueVbHVDY4?feature=oembed\" frameborder=\"0\" allow=\"accelerometer; autoplay; clipboard-write; encrypted-media; gyroscope; picture-in-picture; web-share\" referrerpolicy=\"strict-origin-when-cross-origin\" allowfullscreen><\/iframe><\/p>\n<p>&nbsp;<\/p>\n","protected":false},"excerpt":{"rendered":"<p><strong>Nasze modele no\u017cy produkcyjnych oferuj\u0105 najlepsz\u0105 konstrukcj\u0119, funkcjonalno\u015b\u0107 i warto\u015b\u0107 ze wszystkich no\u017cy dost\u0119pnych obecnie na rynku. Nasze niestandardowe no\u017ce artystyczne s\u0105 wyj\u0105tkowymi dzie\u0142ami sztuki. Ka\u017cdy z naszych niestandardowych no\u017cy z limitowanej edycji jest przyk\u0142adem dziedzictwa jako\u015bci. Niezale\u017cnie od tego, kt\u00f3ry z naszych no\u017cy wybierzesz, jeste\u015bmy pewni, \u017ce b\u0119dziesz bardzo zadowolony z zakupu.<\/strong><\/p>\n<p><strong>Dzi\u0119kujemy za zainteresowanie naszymi wysokiej jako\u015bci no\u017cami.<\/strong><\/p>\n<p>Bezp\u0142atny transport.<\/p>\n","protected":false},"featured_media":323924,"comment_status":"open","ping_status":"closed","template":"","meta":[],"pwb-brand":[3819],"product_brand":[],"product_cat":[3296,3344],"product_tag":[3671],"class_list":{"0":"post-323974","1":"product","2":"type-product","3":"status-publish","4":"has-post-thumbnail","6":"pwb-brand-dla-tech","7":"product_cat-noze-pl","8":"product_cat-noze-strzeleckie","9":"product_tag-b2b-pl","11":"first","12":"instock","13":"taxable","14":"shipping-taxable","15":"purchasable","16":"product-type-simple"},"brands":[{"id":3819,"name":"Dla Tech","slug":"dla-tech"}],"_links":{"self":[{"href":"https:\/\/www.moskito.cz\/pl\/wp-json\/wp\/v2\/product\/323974","targetHints":{"allow":["GET"]}}],"collection":[{"href":"https:\/\/www.moskito.cz\/pl\/wp-json\/wp\/v2\/product"}],"about":[{"href":"https:\/\/www.moskito.cz\/pl\/wp-json\/wp\/v2\/types\/product"}],"replies":[{"embeddable":true,"href":"https:\/\/www.moskito.cz\/pl\/wp-json\/wp\/v2\/comments?post=323974"}],"wp:featuredmedia":[{"embeddable":true,"href":"https:\/\/www.moskito.cz\/pl\/wp-json\/wp\/v2\/media\/323924"}],"wp:attachment":[{"href":"https:\/\/www.moskito.cz\/pl\/wp-json\/wp\/v2\/media?parent=323974"}],"wp:term":[{"taxonomy":"pwb-brand","embeddable":true,"href":"https:\/\/www.moskito.cz\/pl\/wp-json\/wp\/v2\/pwb-brand?post=323974"},{"taxonomy":"product_brand","embeddable":true,"href":"https:\/\/www.moskito.cz\/pl\/wp-json\/wp\/v2\/product_brand?post=323974"},{"taxonomy":"product_cat","embeddable":true,"href":"https:\/\/www.moskito.cz\/pl\/wp-json\/wp\/v2\/product_cat?post=323974"},{"taxonomy":"product_tag","embeddable":true,"href":"https:\/\/www.moskito.cz\/pl\/wp-json\/wp\/v2\/product_tag?post=323974"}],"curies":[{"name":"wp","href":"https:\/\/api.w.org\/{rel}","templated":true}]}}