{"id":324071,"date":"2023-07-04T14:30:22","date_gmt":"2024-03-28T10:39:56","guid":{"rendered":"https:\/\/www.moskito.cz\/produkt\/noz-skladany-marfione-amphibian-hot-blued-tiger-mai-baker-forge-damascus\/"},"modified":"2025-05-07T11:07:51","modified_gmt":"2025-05-07T10:07:51","slug":"noz-skladany-marfione-amphibian-hot-blued-tiger-mai-baker-forge-damascus","status":"publish","type":"product","link":"https:\/\/www.moskito.cz\/pl\/produkt\/noz-skladany-marfione-amphibian-hot-blued-tiger-mai-baker-forge-damascus\/","title":{"rendered":"N\u00f3\u017c sk\u0142adany Marfione Amphibian Hot Blued Tiger Mai Baker Forge Damascus"},"content":{"rendered":"<p>Marfione Custom Knives Amphibian RAM-LOK Hot Blued Tiger Mai Baker Forge R\u0119koje\u015bci z Damaszku i w\u0142\u00f3kna w\u0119glowego z kropkowan\u0105 miedzian\u0105 podk\u0142adk\u0105 dystansow\u0105.<\/p>\n<p>To kolejny niesamowity p\u0142az Marfione Custom. Posiada ostrze wykonane z Hot Blued Tiger Mai Baker Forge Damascus z pasuj\u0105c\u0105, r\u0119cznie kropkowan\u0105 miedzian\u0105 wk\u0142adk\u0105 z ty\u0142u! Posiada uchwyty z w\u0142\u00f3kna w\u0119glowego z dwukolorowym osprz\u0119tem DLC. Zawiera pude\u0142ko Marfione Custom, \u015bciereczk\u0119, podpisane metalowe COA, metalow\u0105 naszywk\u0119, pluszowe etui i sztylet zamka b\u0142yskawicznego!<\/p>\n<p>Ka\u017cdy n\u00f3\u017c jest wyj\u0105tkowy, wzory adamaszku b\u0119d\u0105 si\u0119 r\u00f3\u017cni\u0107 i mog\u0105 nie wygl\u0105da\u0107 tak, jak pokazano na zdj\u0119ciach.<\/p>\n<p>D\u0142ugo\u015b\u0107 ostrza: 10 cm<\/p>\n<p>Ostrze ze stali: Hot Blued Tiger Mai Baker Forge Damaszek Damaszek<\/p>\n<p>D\u0142ugo\u015b\u0107 ca\u0142kowita: 23 cm<\/p>\n<p>Materia\u0142 r\u0119koje\u015bci: w\u0142\u00f3kno w\u0119glowe z dwukolorowym osprz\u0119tem DLC<\/p>\n<p>Waga: 5,8 uncji<\/p>\n<p>&nbsp;<\/p>\n<p>&nbsp;<\/p>\n","protected":false},"excerpt":{"rendered":"<p><strong>To kolejny niesamowity Amfibia Marfione Custom, jedyny w Europie.<\/strong><\/p>\n<p><strong>Darmowa dostawa.<\/strong><\/p>\n<p>&nbsp;<\/p>\n<p>&nbsp;<\/p>\n","protected":false},"featured_media":324115,"comment_status":"open","ping_status":"closed","template":"","meta":[],"pwb-brand":[3279],"product_brand":[],"product_cat":[3296,3307],"product_tag":[],"class_list":{"0":"post-324071","1":"product","2":"type-product","3":"status-publish","4":"has-post-thumbnail","6":"pwb-brand-microtech-pl","7":"product_cat-noze-pl","8":"product_cat-zamykanie-nozy","10":"first","11":"outofstock","12":"taxable","13":"shipping-taxable","14":"purchasable","15":"product-type-simple"},"brands":[{"id":3279,"name":"Microtech","slug":"microtech-pl"}],"_links":{"self":[{"href":"https:\/\/www.moskito.cz\/pl\/wp-json\/wp\/v2\/product\/324071","targetHints":{"allow":["GET"]}}],"collection":[{"href":"https:\/\/www.moskito.cz\/pl\/wp-json\/wp\/v2\/product"}],"about":[{"href":"https:\/\/www.moskito.cz\/pl\/wp-json\/wp\/v2\/types\/product"}],"replies":[{"embeddable":true,"href":"https:\/\/www.moskito.cz\/pl\/wp-json\/wp\/v2\/comments?post=324071"}],"wp:featuredmedia":[{"embeddable":true,"href":"https:\/\/www.moskito.cz\/pl\/wp-json\/wp\/v2\/media\/324115"}],"wp:attachment":[{"href":"https:\/\/www.moskito.cz\/pl\/wp-json\/wp\/v2\/media?parent=324071"}],"wp:term":[{"taxonomy":"pwb-brand","embeddable":true,"href":"https:\/\/www.moskito.cz\/pl\/wp-json\/wp\/v2\/pwb-brand?post=324071"},{"taxonomy":"product_brand","embeddable":true,"href":"https:\/\/www.moskito.cz\/pl\/wp-json\/wp\/v2\/product_brand?post=324071"},{"taxonomy":"product_cat","embeddable":true,"href":"https:\/\/www.moskito.cz\/pl\/wp-json\/wp\/v2\/product_cat?post=324071"},{"taxonomy":"product_tag","embeddable":true,"href":"https:\/\/www.moskito.cz\/pl\/wp-json\/wp\/v2\/product_tag?post=324071"}],"curies":[{"name":"wp","href":"https:\/\/api.w.org\/{rel}","templated":true}]}}