{"id":324238,"date":"2024-03-29T14:44:35","date_gmt":"2024-03-29T13:47:27","guid":{"rendered":"https:\/\/www.moskito.cz\/produkt\/naprawiono-noz-spartan-blades-formido-sb39bkkybk\/"},"modified":"2025-05-07T11:07:55","modified_gmt":"2025-05-07T10:07:55","slug":"naprawiono-noz-spartan-blades-formido-sb39bkkybk","status":"publish","type":"product","link":"https:\/\/www.moskito.cz\/pl\/produkt\/naprawiono-noz-spartan-blades-formido-sb39bkkybk\/","title":{"rendered":"Naprawiono n\u00f3\u017c Spartan Blades Formido SB39BKKYBK"},"content":{"rendered":"<p>Naprawiono n\u00f3\u017c <strong>Spartan Blades<\/strong> Formido SB39BKKYBK.<\/p>\n<p>Przedstawiamy n\u00f3\u017c Formido Self-Defense Everyday Carry firmy Spartan, wysokiej jako\u015bci sta\u0142e ostrze, kt\u00f3re na nowo definiuje komfort, trwa\u0142o\u015b\u0107 i niezawodno\u015b\u0107. Ten niestandardowy n\u00f3\u017c, starannie zaprojektowany przez Curtisa Iovito, jest idealnym towarzyszem do codziennego noszenia i samoobrony.<\/p>\n<p>Kluczowe w\u0142a\u015bciwo\u015bci:<\/p>\n<p>Celowa konstrukcja sta\u0142ego ostrza: Formido mo\u017ce pochwali\u0107 si\u0119 starannie wykonanym, szkieletowym sta\u0142ym ostrzem, dostosowanym do samoobrony i bushcraftu. Dzi\u0119ki wywa\u017conej d\u0142ugo\u015bci ostrza 3 7\/8 cala zapewnia smuk\u0142e i wygodne noszenie, u\u0142atwiaj\u0105c szybkie i skuteczne wdro\u017cenie w razie potrzeby.<\/p>\n<p>Wysokiej jako\u015bci wykonanie: Wykonany z precyzj\u0105 i staranno\u015bci\u0105, Formido uciele\u015bnia zaanga\u017cowanie Spartana w jako\u015b\u0107. Solidne, proste ostrze wykonane jest ze stali CPM S45VN, znanej z wyj\u0105tkowego trzymania kraw\u0119dzi i odporno\u015bci na korozj\u0119, co zapewnia trwa\u0142o\u015b\u0107 i wszechstronno\u015b\u0107.<\/p>\n<p>Najnowocze\u015bniejsza technologia PVD: Formido wprowadza najnowocze\u015bniejsz\u0105 technologi\u0119 PVD (fizyczne osadzanie z fazy gazowej) przy u\u017cyciu Tungsten DLC w kolorze Flat Black lub ZrN w kolorze Flat Dark Earth. To zaawansowane wyko\u0144czenie nie tylko dodaje wyrazistej estetyki, ale tak\u017ce zwi\u0119ksza trwa\u0142o\u015b\u0107 i gwarantuje, \u017ce Tw\u00f3j n\u00f3\u017c przetrwa pr\u00f3b\u0119 czasu.<\/p>\n<p>Wszechstronne opcje noszenia: Formido zawiera pochw\u0119 z kydexu przeznaczon\u0105 do noszenia w pasie (IWB) lub w poziomie, oferuj\u0105c wszechstronno\u015b\u0107 stylu noszenia i dost\u0119p do sta\u0142ego ostrza. Wybierz kolor czarny lub Coyote, aby dopasowa\u0107 go do swojego osobistego stylu.<\/p>\n<p>Dane techniczne:<\/p>\n<p>Nazwa no\u017ca: Formido<br \/>\nProjektanci: Curtis Iovito<br \/>\nD\u0142ugo\u015b\u0107 ostrza: 10 cm<br \/>\nD\u0142ugo\u015b\u0107 ca\u0142kowita: 22 cm<br \/>\nOstrze ze stali: CPM S45VN<br \/>\nTwardo\u015b\u0107 ostrza: 58-60<br \/>\nStyl ostrza: Solidny, prosty ty\u0142<br \/>\nPow\u0142oka: PVD \u2013 Tungsten DLC (p\u0142aska czer\u0144) lub ZrN (p\u0142aska ciemna ziemia)<br \/>\nPochwa: Kydex z p\u0119tl\u0105 IWB (czarna lub coyote)<br \/>\nWaga: 0,157 funta<\/p>\n<p>Podnie\u015b poziom swojego codziennego noszenia dzi\u0119ki no\u017cowi Formido o sta\u0142ym ostrzu \u2013 \u0142\u0105cz\u0105cemu w sobie celowy design i wyj\u0105tkowe wykonanie. Zaufaj firmie Spartan, kt\u00f3ra dostarczy solidne ostrze, kt\u00f3re nie tylko spe\u0142ni, ale nawet przekroczy Twoje oczekiwania w zakresie wydajno\u015bci, trwa\u0142o\u015bci i stylu.<\/p>\n<p><iframe title=\"Spartan Blades Company Knife Company Story with Co-Founders Mark Carey and Curtis Iovito.\" width=\"800\" height=\"450\" src=\"https:\/\/www.youtube.com\/embed\/S-EVJgZR57Y?feature=oembed\" frameborder=\"0\" allow=\"accelerometer; autoplay; clipboard-write; encrypted-media; gyroscope; picture-in-picture; web-share\" referrerpolicy=\"strict-origin-when-cross-origin\" allowfullscreen><\/iframe><\/p>\n<p>&nbsp;<\/p>\n","protected":false},"excerpt":{"rendered":"<p><strong>Przedstawiamy n\u00f3\u017c Formido Self-Defense Everyday Carry firmy Spartan, wysokiej jako\u015bci sta\u0142e ostrze, kt\u00f3re na nowo definiuje komfort, trwa\u0142o\u015b\u0107 i niezawodno\u015b\u0107. Ten niestandardowy n\u00f3\u017c, starannie zaprojektowany przez Curtisa Iovito, jest idealnym towarzyszem do codziennego noszenia i samoobrony.<\/strong><\/p>\n<p><strong>Darmowa wysy\u0142ka.<\/strong><\/p>\n","protected":false},"featured_media":324201,"comment_status":"open","ping_status":"closed","template":"","meta":[],"pwb-brand":[3836],"product_brand":[],"product_cat":[3296,3297],"product_tag":[3671],"class_list":{"0":"post-324238","1":"product","2":"type-product","3":"status-publish","4":"has-post-thumbnail","6":"pwb-brand-spartanskie-ostrza","7":"product_cat-noze-pl","8":"product_cat-solidne-noze","9":"product_tag-b2b-pl","11":"first","12":"instock","13":"taxable","14":"shipping-taxable","15":"purchasable","16":"product-type-simple"},"brands":[{"id":3836,"name":"Sparta\u0144skie Ostrza","slug":"spartanskie-ostrza"}],"_links":{"self":[{"href":"https:\/\/www.moskito.cz\/pl\/wp-json\/wp\/v2\/product\/324238","targetHints":{"allow":["GET"]}}],"collection":[{"href":"https:\/\/www.moskito.cz\/pl\/wp-json\/wp\/v2\/product"}],"about":[{"href":"https:\/\/www.moskito.cz\/pl\/wp-json\/wp\/v2\/types\/product"}],"replies":[{"embeddable":true,"href":"https:\/\/www.moskito.cz\/pl\/wp-json\/wp\/v2\/comments?post=324238"}],"wp:featuredmedia":[{"embeddable":true,"href":"https:\/\/www.moskito.cz\/pl\/wp-json\/wp\/v2\/media\/324201"}],"wp:attachment":[{"href":"https:\/\/www.moskito.cz\/pl\/wp-json\/wp\/v2\/media?parent=324238"}],"wp:term":[{"taxonomy":"pwb-brand","embeddable":true,"href":"https:\/\/www.moskito.cz\/pl\/wp-json\/wp\/v2\/pwb-brand?post=324238"},{"taxonomy":"product_brand","embeddable":true,"href":"https:\/\/www.moskito.cz\/pl\/wp-json\/wp\/v2\/product_brand?post=324238"},{"taxonomy":"product_cat","embeddable":true,"href":"https:\/\/www.moskito.cz\/pl\/wp-json\/wp\/v2\/product_cat?post=324238"},{"taxonomy":"product_tag","embeddable":true,"href":"https:\/\/www.moskito.cz\/pl\/wp-json\/wp\/v2\/product_tag?post=324238"}],"curies":[{"name":"wp","href":"https:\/\/api.w.org\/{rel}","templated":true}]}}