{"id":324277,"date":"2024-03-29T15:03:01","date_gmt":"2024-03-29T14:04:40","guid":{"rendered":"https:\/\/www.moskito.cz\/produkt\/noz-spartan-blades-alala-sbsl004bkbk\/"},"modified":"2025-05-07T11:07:56","modified_gmt":"2025-05-07T10:07:56","slug":"noz-spartan-blades-alala-sbsl004bkbk","status":"publish","type":"product","link":"https:\/\/www.moskito.cz\/pl\/produkt\/noz-spartan-blades-alala-sbsl004bkbk\/","title":{"rendered":"N\u00f3\u017c Spartan Blades Alala SBSL004BKBK"},"content":{"rendered":"<p>N\u00f3\u017c <strong>Spartan Blades<\/strong> Alala SBSL004BKBK.<\/p>\n<p><strong>Alala<\/strong> , nazwana na cze\u015b\u0107 staro\u017cytnego greckiego s\u0142owa oznaczaj\u0105cego \u201eokrzyk bojowy\u201d lub \u201eokrzyk wojenny\u201d, by\u0142a uosobieniem okrzyku wojennego w mitologii greckiej. Alala to n\u00f3\u017c o sta\u0142ym ostrzu, wyprodukowany przez firm\u0119 KA-BAR Knives w Olean w stanie Nowy Jork, USA, zapewniaj\u0105cy wytrzyma\u0142o\u015b\u0107 i noszenie na co dzie\u0144. Zapewniaj\u0105c wyj\u0105tkow\u0105 ergonomi\u0119 i niezawodno\u015b\u0107, jest to wszechstronne narz\u0119dzie gotowe do pomocy w r\u00f3\u017cnorodnych zadaniach na \u015bwie\u017cym powietrzu.<\/p>\n<p>Kluczowe w\u0142a\u015bciwo\u015bci:<\/p>\n<p>Komfort na co dzie\u0144: Zaprojektowany z my\u015bl\u0105 o praktyczno\u015bci bez wysi\u0142ku <strong>, Alala<\/strong> \u0142\u0105czy w sobie solidno\u015b\u0107 z ergonomiczn\u0105 perfekcj\u0105. Jest idealnym towarzyszem codziennego ci\u0119cia i oferuje niezawodne narz\u0119dzie, gdy go potrzebujesz.<\/p>\n<p>Jako\u015b\u0107 wykonania: Alala, wykonana przez wykwalifikowanych rzemie\u015blnik\u00f3w w firmie KA-BAR Knives z siedzib\u0105 w Olean w stanie Nowy Jork w USA, <strong>odzwierciedla<\/strong> doskona\u0142o\u015b\u0107 ameryka\u0144skiego wytwarzania no\u017cy.<\/p>\n<p>Wszechstronne ostrze do u\u017cytku na zewn\u0105trz: Solidne, p\u0142asko szlifowane ostrze o \u015brednicy 3,75 cala, wykonane z niemieckiej stali Cro-Van 1095, jest idealnym towarzyszem na \u015bwie\u017cym powietrzu. Jego trwa\u0142o\u015b\u0107 i ostro\u015b\u0107 sprawiaj\u0105, \u017ce idealnie nadaje si\u0119 do r\u00f3\u017cnorodnych zada\u0144 na \u015bwie\u017cym powietrzu.<\/p>\n<p>Elegancka estetyka: Czarna pow\u0142oka proszkowa nie tylko poprawia atrakcyjno\u015b\u0107 wizualn\u0105 Alal, ale tak\u017ce dodaje warstw\u0119 ochronn\u0105 do ostrza, aby zapewni\u0107 jego trwa\u0142o\u015b\u0107.<\/p>\n<p>Wygodny uchwyt: Uchwyt CE Canvas Micarta\u00ae, dost\u0119pny w kolorze czarnym lub zielonym, zapewnia bezpieczny i wygodny chwyt, kt\u00f3ry pozwala na pewne wykonywanie zada\u0144 na \u015bwie\u017cym powietrzu.<\/p>\n<p>Opcje bezpiecznego przenoszenia: Formowana wtryskowo kabura posiada aktywn\u0105 d\u017awigni\u0119 uchwytu na kciuk i dodatkowy pasek mocuj\u0105cy, aby zapewni\u0107 bezpieczne i wygodne opcje noszenia.<\/p>\n<p>Dane techniczne:<\/p>\n<p>Nazwa no\u017ca: Alala<br \/>\nProjektanci: Iovito<br \/>\nD\u0142ugo\u015b\u0107 ca\u0142kowita: 20 cm<br \/>\nD\u0142ugo\u015b\u0107 ostrza: 9,5 cm<br \/>\nStal ostrza: 1095 Cro-Van (pochodzenia niemieckiego)<br \/>\nTwardo\u015b\u0107 ostrza: 56-58 HRC<br \/>\nStyl ostrza: Solidny &#8211; Punkt kroplenia &#8211; P\u0142aska powierzchnia<br \/>\nPow\u0142oka: czarna pow\u0142oka proszkowa<br \/>\nMateria\u0142 r\u0119koje\u015bci: CE Canvas Micarta\u00ae (czarny lub zielony)<br \/>\nPochwa: wtryskiwana pochwa z aktywn\u0105 d\u017awigni\u0105 przytrzymuj\u0105c\u0105 kciukiem i dodatkowym paskiem przytrzymuj\u0105cym<br \/>\nWaga: 0,294 LBS (n\u00f3\u017c)<\/p>\n<p>Podnie\u015b poziom swoich przyg\u00f3d na \u015bwie\u017cym powietrzu dzi\u0119ki Alala, zaprojektowanej z my\u015bl\u0105 o niezr\u00f3wnanej wszechstronno\u015bci podczas pokonywania wyzwa\u0144 dzikiej przyrody. Zaprojektowana z my\u015bl\u0105 o komforcie, trwa\u0142o\u015bci i funkcjonalno\u015bci, Alala jest niezawodnym towarzyszem na \u015bwie\u017cym powietrzu.<\/p>\n<p><iframe title=\"Spartan Blades Company Knife Company Story with Co-Founders Mark Carey and Curtis Iovito.\" width=\"800\" height=\"450\" src=\"https:\/\/www.youtube.com\/embed\/S-EVJgZR57Y?feature=oembed\" frameborder=\"0\" allow=\"accelerometer; autoplay; clipboard-write; encrypted-media; gyroscope; picture-in-picture; web-share\" referrerpolicy=\"strict-origin-when-cross-origin\" allowfullscreen><\/iframe><\/p>\n<p>&nbsp;<\/p>\n<p>&nbsp;<\/p>\n","protected":false},"excerpt":{"rendered":"<p><strong>Alala, nazwana na cze\u015b\u0107 staro\u017cytnego greckiego s\u0142owa oznaczaj\u0105cego \u201eokrzyk bojowy\u201d lub \u201eokrzyk wojenny\u201d, by\u0142a uosobieniem okrzyku wojennego w mitologii greckiej. Alala to n\u00f3\u017c o sta\u0142ym ostrzu, wyprodukowany przez firm\u0119 KA-BAR Knives w Olean w stanie Nowy Jork, USA, zapewniaj\u0105cy wytrzyma\u0142o\u015b\u0107 i noszenie na co dzie\u0144. Zapewniaj\u0105c wyj\u0105tkow\u0105 ergonomi\u0119 i niezawodno\u015b\u0107, jest to wszechstronne narz\u0119dzie gotowe do pomocy w r\u00f3\u017cnorodnych zadaniach na \u015bwie\u017cym powietrzu.<\/strong><\/p>\n<p><strong>Bezp\u0142atny transport.<\/strong><\/p>\n","protected":false},"featured_media":324249,"comment_status":"open","ping_status":"closed","template":"","meta":[],"pwb-brand":[3836],"product_brand":[],"product_cat":[3296,3297],"product_tag":[3671],"class_list":{"0":"post-324277","1":"product","2":"type-product","3":"status-publish","4":"has-post-thumbnail","6":"pwb-brand-spartanskie-ostrza","7":"product_cat-noze-pl","8":"product_cat-solidne-noze","9":"product_tag-b2b-pl","11":"first","12":"instock","13":"taxable","14":"shipping-taxable","15":"purchasable","16":"product-type-simple"},"brands":[{"id":3836,"name":"Sparta\u0144skie Ostrza","slug":"spartanskie-ostrza"}],"_links":{"self":[{"href":"https:\/\/www.moskito.cz\/pl\/wp-json\/wp\/v2\/product\/324277","targetHints":{"allow":["GET"]}}],"collection":[{"href":"https:\/\/www.moskito.cz\/pl\/wp-json\/wp\/v2\/product"}],"about":[{"href":"https:\/\/www.moskito.cz\/pl\/wp-json\/wp\/v2\/types\/product"}],"replies":[{"embeddable":true,"href":"https:\/\/www.moskito.cz\/pl\/wp-json\/wp\/v2\/comments?post=324277"}],"wp:featuredmedia":[{"embeddable":true,"href":"https:\/\/www.moskito.cz\/pl\/wp-json\/wp\/v2\/media\/324249"}],"wp:attachment":[{"href":"https:\/\/www.moskito.cz\/pl\/wp-json\/wp\/v2\/media?parent=324277"}],"wp:term":[{"taxonomy":"pwb-brand","embeddable":true,"href":"https:\/\/www.moskito.cz\/pl\/wp-json\/wp\/v2\/pwb-brand?post=324277"},{"taxonomy":"product_brand","embeddable":true,"href":"https:\/\/www.moskito.cz\/pl\/wp-json\/wp\/v2\/product_brand?post=324277"},{"taxonomy":"product_cat","embeddable":true,"href":"https:\/\/www.moskito.cz\/pl\/wp-json\/wp\/v2\/product_cat?post=324277"},{"taxonomy":"product_tag","embeddable":true,"href":"https:\/\/www.moskito.cz\/pl\/wp-json\/wp\/v2\/product_tag?post=324277"}],"curies":[{"name":"wp","href":"https:\/\/api.w.org\/{rel}","templated":true}]}}