{"id":324431,"date":"2024-03-29T15:48:01","date_gmt":"2024-03-29T14:48:46","guid":{"rendered":"https:\/\/www.moskito.cz\/produkt\/naprawiono-noz-spartan-blades-cqb-sb9de\/"},"modified":"2025-05-07T11:07:58","modified_gmt":"2025-05-07T10:07:58","slug":"naprawiono-noz-spartan-blades-cqb-sb9de","status":"publish","type":"product","link":"https:\/\/www.moskito.cz\/pl\/produkt\/naprawiono-noz-spartan-blades-cqb-sb9de\/","title":{"rendered":"Naprawiono n\u00f3\u017c Spartan Blades CQB SB9DE"},"content":{"rendered":"<p>Naprawiono n\u00f3\u017c <strong>Spartan Blades<\/strong> CQB SB9DE.<\/p>\n<p>Naprawiono n\u00f3\u017c <strong>Spartan Blades<\/strong> CQB SB9BK.<\/p>\n<p>Narz\u0119dzie <strong>Spartan CQB<\/strong> jest zgodne ze swoj\u0105 nazw\u0105, zaprojektowane specjalnie do scenariuszy walki w zwarciu. Ten sztylet pier\u015bcieniowy jest wyposa\u017cony w pochw\u0119 z kydexu, kt\u00f3ra doskonale uzupe\u0142nia pier\u015bcie\u0144 i pozwala na szybkie i skuteczne usuni\u0119cie. Pochwa jest strategicznie zaprojektowana, aby mo\u017cna j\u0105 by\u0142o przymocowa\u0107 do system\u00f3w MOLLE\/PALS i dobrze mie\u015bci si\u0119 za magazynkami lub innymi przednimi kieszeniami kamizelki. Alternatywnie mo\u017cna go nosi\u0107 na pasku lub w talii, aby zapewni\u0107 \u0142atwy dost\u0119p.<\/p>\n<p>Koncepcj\u0119 narz\u0119dzia CQB opracowa\u0142 Greg Thompson, uznany instruktor technik walki w zwarciu dla ameryka\u0144skich si\u0142 specjalnych. Pan Thompson, za\u0142o\u017cyciel grupy szkoleniowej H2H\/Team ROC i tw\u00f3rca Programu Operacji Specjalnych (SOCP), zaprojektowa\u0142 to narz\u0119dzie jako cz\u0119\u015b\u0107 wyposa\u017cenia programu. Narz\u0119dzie CQB, znane r\u00f3wnie\u017c jako \u201enarz\u0119dzie przej\u015bciowe\u201d, s\u0142u\u017cy jako cienki, \u0142atwy do przechowywania n\u00f3\u017c z mo\u017cliwo\u015bci\u0105 szybkiego nabycia w sytuacjach bojowych w walce CQB. Pier\u015bcieniowy i cienki profil umo\u017cliwia operatorom szybkie roz\u0142o\u017cenie i roz\u0142o\u017cenie sztyletu, uwalniaj\u0105c si\u0119 z u\u015bcisku napastnika i u\u0142atwiaj\u0105c p\u0142ynne przej\u015bcie z powrotem do podstawowego systemu broni.<\/p>\n<p>Dane techniczne:<\/p>\n<p>Nazwa no\u017ca: Narz\u0119dzie CQB<br \/>\nProjektanci: Thompson\/Iovito\/Carey<br \/>\nD\u0142ugo\u015b\u0107 ca\u0142kowita: 16 cm<br \/>\nD\u0142ugo\u015b\u0107 ostrza: 7 cm (p\u00f3\u0142ostrze)<br \/>\nStalowe ostrze: 154 cm<br \/>\nTwardo\u015b\u0107 ostrza: 57-59 HRC<br \/>\nStyl ostrza: sztylet szablasty<br \/>\nPow\u0142oka: SpartaCoat \u2013 PVD \u2013 Tungsten DLC (czarna) lub ZrN (Flat Dark Earth)<br \/>\nPochwa: Kydex (czarna) lub (cojot) w zale\u017cno\u015bci od konstrukcji ostrza.<br \/>\nWaga: 0,126 LBS (n\u00f3\u017c)<\/p>\n<p><iframe title=\"Spartan Blades Company Knife Company Story with Co-Founders Mark Carey and Curtis Iovito.\" width=\"800\" height=\"450\" src=\"https:\/\/www.youtube.com\/embed\/S-EVJgZR57Y?feature=oembed\" frameborder=\"0\" allow=\"accelerometer; autoplay; clipboard-write; encrypted-media; gyroscope; picture-in-picture; web-share\" referrerpolicy=\"strict-origin-when-cross-origin\" allowfullscreen><\/iframe><\/p>\n","protected":false},"excerpt":{"rendered":"<div class=\"elementor-element elementor-element-bbb542b elementor-widget elementor-widget-woocommerce-product-short-description\" data-id=\"bbb542b\" data-element_type=\"widget\" data-widget_type=\"woocommerce-product-short-description.default\">\n<div class=\"elementor-widget-container\">\n<div class=\"woocommerce-product-details__short-description\">\n<p><strong>Narz\u0119dzie Spartan CQB jest zgodne ze swoj\u0105 nazw\u0105, zaprojektowane specjalnie do scenariuszy walki w zwarciu. Ten sztylet pier\u015bcieniowy jest wyposa\u017cony w pochw\u0119 z kydexu, kt\u00f3ra doskonale uzupe\u0142nia pier\u015bcie\u0144 i pozwala na szybkie i skuteczne usuni\u0119cie. Pochwa jest strategicznie zaprojektowana, aby mo\u017cna j\u0105 by\u0142o przymocowa\u0107 do system\u00f3w MOLLE\/PALS i dobrze mie\u015bci si\u0119 za magazynkami lub innymi przednimi kieszeniami kamizelki. Alternatywnie mo\u017cna go nosi\u0107 na pasku lub w talii, aby zapewni\u0107 \u0142atwy dost\u0119p.<\/strong><\/p>\n<p><strong>Bezp\u0142atny transport.<\/strong><\/p>\n<\/div>\n<\/div>\n<\/div>\n","protected":false},"featured_media":324404,"comment_status":"open","ping_status":"closed","template":"","meta":[],"pwb-brand":[3836],"product_brand":[],"product_cat":[3296,3297],"product_tag":[3671],"class_list":{"0":"post-324431","1":"product","2":"type-product","3":"status-publish","4":"has-post-thumbnail","6":"pwb-brand-spartanskie-ostrza","7":"product_cat-noze-pl","8":"product_cat-solidne-noze","9":"product_tag-b2b-pl","11":"first","12":"outofstock","13":"taxable","14":"shipping-taxable","15":"purchasable","16":"product-type-simple"},"brands":[{"id":3836,"name":"Sparta\u0144skie Ostrza","slug":"spartanskie-ostrza"}],"_links":{"self":[{"href":"https:\/\/www.moskito.cz\/pl\/wp-json\/wp\/v2\/product\/324431","targetHints":{"allow":["GET"]}}],"collection":[{"href":"https:\/\/www.moskito.cz\/pl\/wp-json\/wp\/v2\/product"}],"about":[{"href":"https:\/\/www.moskito.cz\/pl\/wp-json\/wp\/v2\/types\/product"}],"replies":[{"embeddable":true,"href":"https:\/\/www.moskito.cz\/pl\/wp-json\/wp\/v2\/comments?post=324431"}],"wp:featuredmedia":[{"embeddable":true,"href":"https:\/\/www.moskito.cz\/pl\/wp-json\/wp\/v2\/media\/324404"}],"wp:attachment":[{"href":"https:\/\/www.moskito.cz\/pl\/wp-json\/wp\/v2\/media?parent=324431"}],"wp:term":[{"taxonomy":"pwb-brand","embeddable":true,"href":"https:\/\/www.moskito.cz\/pl\/wp-json\/wp\/v2\/pwb-brand?post=324431"},{"taxonomy":"product_brand","embeddable":true,"href":"https:\/\/www.moskito.cz\/pl\/wp-json\/wp\/v2\/product_brand?post=324431"},{"taxonomy":"product_cat","embeddable":true,"href":"https:\/\/www.moskito.cz\/pl\/wp-json\/wp\/v2\/product_cat?post=324431"},{"taxonomy":"product_tag","embeddable":true,"href":"https:\/\/www.moskito.cz\/pl\/wp-json\/wp\/v2\/product_tag?post=324431"}],"curies":[{"name":"wp","href":"https:\/\/api.w.org\/{rel}","templated":true}]}}