{"id":324486,"date":"2024-03-29T15:56:02","date_gmt":"2024-03-29T14:59:30","guid":{"rendered":"https:\/\/www.moskito.cz\/produkt\/naprawiono-noz-spartan-blades-enyo-sb2bk\/"},"modified":"2025-05-07T11:08:00","modified_gmt":"2025-05-07T10:08:00","slug":"naprawiono-noz-spartan-blades-enyo-sb2bk","status":"publish","type":"product","link":"https:\/\/www.moskito.cz\/pl\/produkt\/naprawiono-noz-spartan-blades-enyo-sb2bk\/","title":{"rendered":"Naprawiono n\u00f3\u017c Spartan Blades Enyo SB2BK"},"content":{"rendered":"<p>Naprawiono n\u00f3\u017c Spartan Blades Enyo SB2BK.<\/p>\n<p><strong>Enyo<\/strong> (wymawiane i-nye-oh) by\u0142a greck\u0105 bogini\u0105 wojny. Cz\u0119sto nazywana jest towarzyszk\u0105 Aresa, greckiego boga wojny. Wybrali\u015bmy nazw\u0119 Enyo dla tego towarzysza do codziennego noszenia (EDC), poniewa\u017c mo\u017cna go nosi\u0107 w kieszeni, w pasie (IWB) lub na szyi.<\/p>\n<p>Jako niestandardowy n\u00f3\u017c ze sta\u0142ym ostrzem do codziennego noszenia, <strong>Enyo<\/strong> zosta\u0142 zaprojektowany z my\u015bl\u0105 o ergonomii i przeno\u015bno\u015bci. Je\u015bli chodzi o codzienne zadania zwi\u0105zane z ci\u0119ciem, Enyo zawsze podejmuje wyzwania. Dzi\u0119ki konstrukcji sta\u0142ego punktu opadania si\u0142a ostrza przenoszona jest do przodu na ko\u0144c\u00f3wk\u0119. Niezale\u017cnie od sytuacji Enyo b\u0119dzie gotowy do dzia\u0142ania.<\/p>\n<p><strong>Spartan Enyo<\/strong> ma wyprofilowan\u0105 pochw\u0119 z Kydexu, \u0142a\u0144cuszek na szyj\u0119 ze stali nierdzewnej, p\u0119tl\u0119 do tablicy interaktywnej i paracord o d\u0142ugo\u015bci 2 st\u00f3p, co zapewnia r\u00f3\u017cnorodne praktyczne opcje codziennego noszenia. Ten r\u0119cznie robiony n\u00f3\u017c do codziennego noszenia zawiera r\u00f3wnie\u017c smycz z platerowanym cynowym he\u0142mem Spartan.<\/p>\n<p>&nbsp;<\/p>\n<p>Dane techniczne:<\/p>\n<p>Nazwa no\u017ca: Enyo<br \/>\nProjektanci: Iovito\/Carey<br \/>\nD\u0142ugo\u015b\u0107 ca\u0142kowita: 16 cm<br \/>\nD\u0142ugo\u015b\u0107 ostrza: 7 cm<br \/>\nOstrze ze stali: CPM S45VN<br \/>\nTwardo\u015b\u0107 ostrza: 59-61 HRC<br \/>\nStyl ostrza: Sta\u0142y punkt opadania &#8211; Ta konstrukcja pozwala na wzmocnienie czubka ostrza poprzez umieszczenie go w jednej linii z d\u0142oni\u0105 u\u017cytkownika, zachowuj\u0105c jednocze\u015bnie krzywizn\u0119 ostrza skierowan\u0105 w g\u00f3r\u0119.<br \/>\nPow\u0142oka: SpartaCoat \u2013 PVD \u2013 Tungsten DLC (czarna) lub ZrN (Flat Dark Earth)<br \/>\nPochwa: Kydex (czarna) lub (cojot) w zale\u017cno\u015bci od konstrukcji ostrza.<br \/>\nWaga: 0,176 LBS (n\u00f3\u017c)<\/p>\n<p><iframe title=\"Spartan Blades Company Knife Company Story with Co-Founders Mark Carey and Curtis Iovito.\" width=\"800\" height=\"450\" src=\"https:\/\/www.youtube.com\/embed\/S-EVJgZR57Y?feature=oembed\" frameborder=\"0\" allow=\"accelerometer; autoplay; clipboard-write; encrypted-media; gyroscope; picture-in-picture; web-share\" referrerpolicy=\"strict-origin-when-cross-origin\" allowfullscreen><\/iframe><\/p>\n<p>&nbsp;<\/p>\n","protected":false},"excerpt":{"rendered":"<div class=\"elementor-element elementor-element-bbb542b elementor-widget elementor-widget-woocommerce-product-short-description\" data-id=\"bbb542b\" data-element_type=\"widget\" data-widget_type=\"woocommerce-product-short-description.default\">\n<div class=\"elementor-widget-container\">\n<div class=\"woocommerce-product-details__short-description\">\n<p><strong>Enyo (wymawiane i-nye-oh) by\u0142a greck\u0105 bogini\u0105 wojny. Cz\u0119sto nazywana jest towarzyszk\u0105 Aresa, greckiego boga wojny. Wybrali\u015bmy nazw\u0119 Enyo dla tego towarzysza do codziennego noszenia (EDC), poniewa\u017c mo\u017cna go nosi\u0107 w kieszeni, w pasie (IWB) lub na szyi.<\/strong><\/p>\n<p><strong>Bezp\u0142atny transport.<\/strong><\/p>\n<\/div>\n<\/div>\n<\/div>\n","protected":false},"featured_media":324444,"comment_status":"open","ping_status":"closed","template":"","meta":[],"pwb-brand":[3836],"product_brand":[],"product_cat":[3296,3297],"product_tag":[3671],"class_list":{"0":"post-324486","1":"product","2":"type-product","3":"status-publish","4":"has-post-thumbnail","6":"pwb-brand-spartanskie-ostrza","7":"product_cat-noze-pl","8":"product_cat-solidne-noze","9":"product_tag-b2b-pl","11":"first","12":"instock","13":"taxable","14":"shipping-taxable","15":"purchasable","16":"product-type-simple"},"brands":[{"id":3836,"name":"Sparta\u0144skie Ostrza","slug":"spartanskie-ostrza"}],"_links":{"self":[{"href":"https:\/\/www.moskito.cz\/pl\/wp-json\/wp\/v2\/product\/324486","targetHints":{"allow":["GET"]}}],"collection":[{"href":"https:\/\/www.moskito.cz\/pl\/wp-json\/wp\/v2\/product"}],"about":[{"href":"https:\/\/www.moskito.cz\/pl\/wp-json\/wp\/v2\/types\/product"}],"replies":[{"embeddable":true,"href":"https:\/\/www.moskito.cz\/pl\/wp-json\/wp\/v2\/comments?post=324486"}],"wp:featuredmedia":[{"embeddable":true,"href":"https:\/\/www.moskito.cz\/pl\/wp-json\/wp\/v2\/media\/324444"}],"wp:attachment":[{"href":"https:\/\/www.moskito.cz\/pl\/wp-json\/wp\/v2\/media?parent=324486"}],"wp:term":[{"taxonomy":"pwb-brand","embeddable":true,"href":"https:\/\/www.moskito.cz\/pl\/wp-json\/wp\/v2\/pwb-brand?post=324486"},{"taxonomy":"product_brand","embeddable":true,"href":"https:\/\/www.moskito.cz\/pl\/wp-json\/wp\/v2\/product_brand?post=324486"},{"taxonomy":"product_cat","embeddable":true,"href":"https:\/\/www.moskito.cz\/pl\/wp-json\/wp\/v2\/product_cat?post=324486"},{"taxonomy":"product_tag","embeddable":true,"href":"https:\/\/www.moskito.cz\/pl\/wp-json\/wp\/v2\/product_tag?post=324486"}],"curies":[{"name":"wp","href":"https:\/\/api.w.org\/{rel}","templated":true}]}}