{"id":324532,"date":"2024-03-31T20:32:55","date_gmt":"2024-03-31T19:34:00","guid":{"rendered":"https:\/\/www.moskito.cz\/produkt\/noz-strzelecki-pro-tech-knives-sinkevich-oligarch-blade-show-texas-2024\/"},"modified":"2025-05-07T11:08:02","modified_gmt":"2025-05-07T10:08:02","slug":"noz-strzelecki-pro-tech-knives-sinkevich-oligarch-blade-show-texas-2024","status":"publish","type":"product","link":"https:\/\/www.moskito.cz\/pl\/produkt\/noz-strzelecki-pro-tech-knives-sinkevich-oligarch-blade-show-texas-2024\/","title":{"rendered":"N\u00f3\u017c strzelecki PRO-TECH KNIVES SINKEVICH OLIGARCH BLADE SHOW TEXAS 2024"},"content":{"rendered":"<p>N\u00f3\u017c strzelecki <strong>PRO-TECH KNIVES<\/strong> SINKEVICH OLIGARCH BLADE SHOW TEXAS 2024<\/p>\n<p><strong>Dmitri Sinkevich<\/strong> znany jest ze swoich efektownych projekt\u00f3w, kt\u00f3re s\u0105 bardzo rozpoznawalne dzi\u0119ki zastosowaniu ekscentrycznych linii geometrycznych i dba\u0142o\u015bci o szczeg\u00f3\u0142y. Wszystko to mo\u017cna \u0142atwo zobaczy\u0107 w tym najnowszym samochodzie. Te wyrafinowane detale obejmuj\u0105 okucia z anodyzowanego na niebiesko tytanu, kt\u00f3re r\u00f3wnowa\u017c\u0105 monochromatyczne, hartowane r\u0119koje\u015bci ze stali nierdzewnej, starannie wyfrezowany, drobnoobrotowy ko\u0142nierz, inkrustowane mas\u0105 per\u0142ow\u0105 pokr\u0119t\u0142o w czarnej wardze, atrakcyjny frezowany karbowany wz\u00f3r biegn\u0105cy przez ca\u0142\u0105 d\u0142ugo\u015b\u0107 grzbietu r\u0119koje\u015bci i przechodzi na ostrze, podczas gdy skrupulatna kontrola ujawnia, \u017ce \u200b\u200bte naci\u0119cia rozci\u0105gaj\u0105 si\u0119 r\u00f3wnie\u017c do podstawy ostrza; dzi\u0119ki czemu s\u0105 dyskretnie widoczne po zamkni\u0119ciu i ogl\u0105dane pomi\u0119dzy uchwytami. Same uchwyty charakteryzuj\u0105 si\u0119 wyj\u0105tkowym designem z pi\u0119knymi du\u017cymi, fazowanymi kraw\u0119dziami i wzorzystymi frezowaniami. Wszystkie s\u0105 polerowane w 2 odcieniach i r\u0119cznie satynowane, aby podkre\u015bli\u0107 ka\u017cdy z nich. Awers posiada precyzyjne frezowanie z podk\u0142adk\u0105 w kszta\u0142cie rombu dla mini klipsa z anodyzowanego na niebiesko tytanu, zapewniaj\u0105cego g\u0142\u0119bokie zu\u017cycie. Nowy kszta\u0142t r\u0119koje\u015bci p\u0142ynnie \u0142\u0105czy si\u0119 z r\u0119cznie szlifowanym ostrzem, kt\u00f3re charakteryzuje si\u0119 osza\u0142amiaj\u0105cym szlifem i polerowanym na lustro wyko\u0144czeniem autorstwa Mike&#8217;a Irie. Na tylnej cz\u0119\u015bci ostrza oznaczono \u201ePrototype\u201d.  <strong>Bardzo limitowana i trudna do znalezienia wersja produkcyjna by\u0142a w sprzeda\u017cy tylko na Blade Show 2024.<\/strong><\/p>\n<p>Kraj pochodzenia: USA<br \/>\nData powstania: 2024<br \/>\nStan: fabrycznie nowy<br \/>\nMateria\u0142 uchwytu: stal nierdzewna<br \/>\nMateria\u0142 ostrza: 154-CM<br \/>\nStyl ostrza: Owcza Stopa<br \/>\nObr\u00f3bka powierzchni ostrza: Lustrzany po\u0142ysk<br \/>\nTyp kraw\u0119dzi: standardowy<br \/>\nModel\/Wz\u00f3r: oligarcha<br \/>\nTyp no\u017ca: Automatyczny<br \/>\nD\u0142ugo\u015b\u0107 ostrza: 8,12 cm<br \/>\nD\u0142ugo\u015b\u0107 ca\u0142kowita: 18,62 cm<\/p>\n","protected":false},"excerpt":{"rendered":"<p><strong>Bardzo limitowana i trudna do znalezienia wersja produkcyjna by\u0142a w sprzeda\u017cy tylko na Blade Show 2024.<\/strong><\/p>\n<p>Bezp\u0142atny transport.<\/p>\n","protected":false},"featured_media":324507,"comment_status":"open","ping_status":"closed","template":"","meta":[],"pwb-brand":[3819],"product_brand":[],"product_cat":[3344,3296],"product_tag":[3671],"class_list":{"0":"post-324532","1":"product","2":"type-product","3":"status-publish","4":"has-post-thumbnail","6":"pwb-brand-dla-tech","7":"product_cat-noze-strzeleckie","8":"product_cat-noze-pl","9":"product_tag-b2b-pl","11":"first","12":"instock","13":"taxable","14":"shipping-taxable","15":"purchasable","16":"product-type-simple"},"brands":[{"id":3819,"name":"Dla Tech","slug":"dla-tech"}],"_links":{"self":[{"href":"https:\/\/www.moskito.cz\/pl\/wp-json\/wp\/v2\/product\/324532","targetHints":{"allow":["GET"]}}],"collection":[{"href":"https:\/\/www.moskito.cz\/pl\/wp-json\/wp\/v2\/product"}],"about":[{"href":"https:\/\/www.moskito.cz\/pl\/wp-json\/wp\/v2\/types\/product"}],"replies":[{"embeddable":true,"href":"https:\/\/www.moskito.cz\/pl\/wp-json\/wp\/v2\/comments?post=324532"}],"wp:featuredmedia":[{"embeddable":true,"href":"https:\/\/www.moskito.cz\/pl\/wp-json\/wp\/v2\/media\/324507"}],"wp:attachment":[{"href":"https:\/\/www.moskito.cz\/pl\/wp-json\/wp\/v2\/media?parent=324532"}],"wp:term":[{"taxonomy":"pwb-brand","embeddable":true,"href":"https:\/\/www.moskito.cz\/pl\/wp-json\/wp\/v2\/pwb-brand?post=324532"},{"taxonomy":"product_brand","embeddable":true,"href":"https:\/\/www.moskito.cz\/pl\/wp-json\/wp\/v2\/product_brand?post=324532"},{"taxonomy":"product_cat","embeddable":true,"href":"https:\/\/www.moskito.cz\/pl\/wp-json\/wp\/v2\/product_cat?post=324532"},{"taxonomy":"product_tag","embeddable":true,"href":"https:\/\/www.moskito.cz\/pl\/wp-json\/wp\/v2\/product_tag?post=324532"}],"curies":[{"name":"wp","href":"https:\/\/api.w.org\/{rel}","templated":true}]}}