{"id":324607,"date":"2024-04-02T18:49:30","date_gmt":"2024-04-02T17:52:34","guid":{"rendered":"https:\/\/www.moskito.cz\/produkt\/noz-skladany-spartan-blades-special-edition-dragon-stonewashed-sf5dragon\/"},"modified":"2025-05-07T11:08:03","modified_gmt":"2025-05-07T10:08:03","slug":"noz-skladany-spartan-blades-special-edition-dragon-stonewashed-sf5dragon","status":"publish","type":"product","link":"https:\/\/www.moskito.cz\/pl\/produkt\/noz-skladany-spartan-blades-special-edition-dragon-stonewashed-sf5dragon\/","title":{"rendered":"N\u00f3\u017c sk\u0142adany Spartan Blades Special Edition Dragon Stonewashed SF5DRAGON"},"content":{"rendered":"<p>N\u00f3\u017c zamykany <strong>Spartan Blades<\/strong> Special Edition Dragon Stonewashed SF5DRAGON.<\/p>\n<p><strong>Spartan SHF<\/strong> jest wynikiem wsp\u00f3\u0142pracy <strong>Spartan Knives<\/strong> i \u015bwiatowej s\u0142awy projektanta no\u017cy Billa Harseya. Jest przeznaczony do noszenia na co dzie\u0144, do u\u017cytku taktycznego lub w terenie. Posiadaj\u0105 ostrze ze stali nierdzewnej CPM-S45VN i z wyj\u0105tkiem ostrza, sworznia lufowego i ko\u0142ka ograniczaj\u0105cego wszystkie cz\u0119\u015bci no\u017ca s\u0105 wykonane z tytanu. Ergonomiczny uchwyt posiada rowki na palce i rowki, kt\u00f3re pozwalaj\u0105 zamocowa\u0107 konstrukcj\u0119 w d\u0142oni podczas mocnego ruchu. u\u017cywa\u0107. R\u0119koje\u015b\u0107 posiada wewn\u0119trzny mechanizm zapobiegaj\u0105cy po\u015blizgowi, a tytanowy klips kieszeniowy jest dwustronny, co umo\u017cliwia noszenie ko\u0144c\u00f3wki obur\u0119cznie. Dost\u0119p do podw\u00f3jnych pin\u00f3w pod kciuk jest niezwykle \u0142atwy, poniewa\u017c Spartan wyfrezowa\u0142 idealn\u0105 ramp\u0119 dla kciuka. Jest to dobrze przemy\u015blany projekt i sparta\u0144ska jako\u015b\u0107, dzi\u0119ki czemu masz pewno\u015b\u0107, \u017ce otrzymujesz n\u00f3\u017c, kt\u00f3ry mo\u017ce i b\u0119dzie Ci dobrze s\u0142u\u017cy\u0142 w ka\u017cdym \u015brodowisku u\u017cytkowania.<\/p>\n<p>Dane techniczne:<br \/>\nD\u0142ugo\u015b\u0107 ostrza: 10 cm<br \/>\nD\u0142ugo\u015b\u0107 ca\u0142kowita: 22 cm<br \/>\nMateria\u0142 ostrza: CPM-S45VN Stal nierdzewna<br \/>\nTwardo\u015b\u0107 ostrza: 58-60HRC<br \/>\nStyl ostrza: Drop Point<br \/>\nSzlifowanie ostrzy: puste<br \/>\nObr\u00f3bka powierzchni ostrza: Stonewash<br \/>\nMateria\u0142 r\u0119koje\u015bci: tytan z grawerowanym smokiem<br \/>\nMechanizm blokuj\u0105cy: Blokada ramy<br \/>\nZesp\u00f3\u0142 sworznia: podk\u0142adki z br\u0105zu<br \/>\nKieszonkowy klips: Tytan (sk\u0142adany, noszony w prawo\/lewo)<br \/>\nWaga: 5,8 uncji<br \/>\nProjektant: William Harsey<br \/>\nWykonane w USA<\/p>\n<p><iframe title=\"Spartan Blades Company Knife Company Story with Co-Founders Mark Carey and Curtis Iovito.\" width=\"800\" height=\"450\" src=\"https:\/\/www.youtube.com\/embed\/S-EVJgZR57Y?feature=oembed\" frameborder=\"0\" allow=\"accelerometer; autoplay; clipboard-write; encrypted-media; gyroscope; picture-in-picture; web-share\" referrerpolicy=\"strict-origin-when-cross-origin\" allowfullscreen><\/iframe><\/p>\n<p>&nbsp;<\/p>\n","protected":false},"excerpt":{"rendered":"<p><strong>Na tym konkretnym no\u017cu wygrawerowany jest wielobarwny smok, kt\u00f3ry reprezentuje szcz\u0119\u015bcie, si\u0142\u0119 i zdrowie we wszystkim, co robisz. Jest anodowany na niebiesko w kilku kolorach anodowanych laserowo, aby da\u0107 no\u017cowi poczucie ruchu poprzez odbijanie \u015bwiat\u0142a podczas ruchu<\/strong>.<\/p>\n<p>Bezp\u0142atny transport.<\/p>\n","protected":false},"featured_media":324566,"comment_status":"open","ping_status":"closed","template":"","meta":[],"pwb-brand":[3836],"product_brand":[],"product_cat":[3296,3307],"product_tag":[3671],"class_list":{"0":"post-324607","1":"product","2":"type-product","3":"status-publish","4":"has-post-thumbnail","6":"pwb-brand-spartanskie-ostrza","7":"product_cat-noze-pl","8":"product_cat-zamykanie-nozy","9":"product_tag-b2b-pl","11":"first","12":"instock","13":"taxable","14":"shipping-taxable","15":"purchasable","16":"product-type-simple"},"brands":[{"id":3836,"name":"Sparta\u0144skie Ostrza","slug":"spartanskie-ostrza"}],"_links":{"self":[{"href":"https:\/\/www.moskito.cz\/pl\/wp-json\/wp\/v2\/product\/324607","targetHints":{"allow":["GET"]}}],"collection":[{"href":"https:\/\/www.moskito.cz\/pl\/wp-json\/wp\/v2\/product"}],"about":[{"href":"https:\/\/www.moskito.cz\/pl\/wp-json\/wp\/v2\/types\/product"}],"replies":[{"embeddable":true,"href":"https:\/\/www.moskito.cz\/pl\/wp-json\/wp\/v2\/comments?post=324607"}],"wp:featuredmedia":[{"embeddable":true,"href":"https:\/\/www.moskito.cz\/pl\/wp-json\/wp\/v2\/media\/324566"}],"wp:attachment":[{"href":"https:\/\/www.moskito.cz\/pl\/wp-json\/wp\/v2\/media?parent=324607"}],"wp:term":[{"taxonomy":"pwb-brand","embeddable":true,"href":"https:\/\/www.moskito.cz\/pl\/wp-json\/wp\/v2\/pwb-brand?post=324607"},{"taxonomy":"product_brand","embeddable":true,"href":"https:\/\/www.moskito.cz\/pl\/wp-json\/wp\/v2\/product_brand?post=324607"},{"taxonomy":"product_cat","embeddable":true,"href":"https:\/\/www.moskito.cz\/pl\/wp-json\/wp\/v2\/product_cat?post=324607"},{"taxonomy":"product_tag","embeddable":true,"href":"https:\/\/www.moskito.cz\/pl\/wp-json\/wp\/v2\/product_tag?post=324607"}],"curies":[{"name":"wp","href":"https:\/\/api.w.org\/{rel}","templated":true}]}}