{"id":324668,"date":"2024-04-02T19:21:18","date_gmt":"2024-04-02T18:25:23","guid":{"rendered":"https:\/\/www.moskito.cz\/produkt\/noz-strzelecki-spartan-blades-zelos-sf9bkbk\/"},"modified":"2025-08-04T00:00:37","modified_gmt":"2025-08-03T23:00:37","slug":"noz-strzelecki-spartan-blades-zelos-sf9bkbk","status":"publish","type":"product","link":"https:\/\/www.moskito.cz\/pl\/produkt\/noz-strzelecki-spartan-blades-zelos-sf9bkbk\/","title":{"rendered":"N\u00f3\u017c strzelecki Spartan Blades Zelos SF9BKBK"},"content":{"rendered":"<p>N\u00f3\u017c strzelecki <strong>Spartan Blades<\/strong> Zelos SF9BKBK.<\/p>\n<p>Doskona\u0142o\u015b\u0107 ostrza: Zelos posiada ostrze ze stali CPM S45VN, znane z wyj\u0105tkowej ostro\u015bci, odporno\u015bci na korozj\u0119 i zachowania kraw\u0119dzi. Grubo\u015b\u0107 ostrza 0,153 cala zapewnia trwa\u0142o\u015b\u0107 i wszechstronno\u015b\u0107 w przypadku r\u00f3\u017cnych zada\u0144 ci\u0119cia.<\/p>\n<p>Solidna konstrukcja: Zelos posiada precyzyjnie obrobion\u0105 ram\u0119, kt\u00f3ra zapewnia trzymanie w pozycji otwartej, co jest rzadko spotykane w otwieraczach automatycznych. Konstrukcja ta k\u0142adzie nacisk na niezawodno\u015b\u0107 i bezpiecze\u0144stwo w ka\u017cdym zastosowaniu.<\/p>\n<p>Elegancka estetyka: Ostrze typu drop-point, pokryte czarnym PVD (Physical Vapor Deposition), nie tylko zwi\u0119ksza odporno\u015b\u0107 na korozj\u0119, ale tak\u017ce przyczynia si\u0119 do eleganckiego i taktycznego wygl\u0105du no\u017ca.<\/p>\n<p>Innowacja r\u0119koje\u015bci: wybierz r\u0119koje\u015bci z aluminium Black Mil Elox 6061, kt\u00f3re zapewniaj\u0105 idealn\u0105 r\u00f3wnowag\u0119 pomi\u0119dzy lekk\u0105 konstrukcj\u0105 a wytrzyma\u0142\u0105 konstrukcj\u0105. Ergonomiczna konstrukcja r\u0119koje\u015bci zapewnia wygodny chwyt, czyni\u0105c Zelos niezawodnym towarzyszem podczas d\u0142ugotrwa\u0142ego u\u017cytkowania.<\/p>\n<p>Wszechstronne opcje przenoszenia: Zelos oferuje opcje noszenia typu flip up\/down, zapewniaj\u0105c elastyczno\u015b\u0107 dostosowan\u0105 do indywidualnych preferencji. Klips kieszonkowy z w\u0142\u00f3kna w\u0119glowego lub tytanu dodaje odrobin\u0119 zaawansowanego technologicznie stylu, zapewniaj\u0105c jednocze\u015bnie bezpieczne i dyskretne noszenie.<\/p>\n<p>Elitarne rzemios\u0142o: Spartan Blades szczyci si\u0119 tworzeniem elitarnych narz\u0119dzi, a Zelos nie jest wyj\u0105tkiem. Podw\u00f3jna g\u0142\u0119boka obr\u00f3bka cieplna kriogeniczna zwi\u0119ksza wytrzyma\u0142o\u015b\u0107 i ostro\u015b\u0107 ostrza i odr\u00f3\u017cnia go od no\u017ca sk\u0142adanego premium.<\/p>\n<p>Ograniczona dost\u0119pno\u015b\u0107: Niedost\u0119pny online, Zelos jest przeznaczony wy\u0142\u0105cznie dla autoryzowanych dealer\u00f3w Spartan Blades lub wy\u0142\u0105cznie w sklepach. Zach\u0119camy wojskowych, organ\u00f3w \u015bcigania, EMS, stra\u017cy po\u017carnej i innych autoryzowanych nabywc\u00f3w do za\u017c\u0105dania spersonalizowanej wyceny.<\/p>\n<p>Obejmij ducha Zelosa \u2013 po\u0142\u0105czenie designu, technologii i funkcjonalno\u015bci. Niezale\u017cnie od tego, czy szukasz niezawodnego codziennego noszenia, czy niezawodnego narz\u0119dzia do potrzeb zawodowych, Spartan Blades Zelos jest gotowy stawi\u0107 czo\u0142a wyzwaniu z niezr\u00f3wnanym zapa\u0142em. Wzboga\u0107 swoj\u0105 kolekcj\u0119 sprz\u0119tu o n\u00f3\u017c, kt\u00f3ry uosabia esencj\u0119 po\u015bwi\u0119cenia i rywalizacji w ka\u017cdym precyzyjnym ci\u0119ciu.<\/p>\n<p>Dane techniczne:<br \/>\nD\u0142ugo\u015b\u0107 ostrza: 8 cm<br \/>\nD\u0142ugo\u015b\u0107 po zamkni\u0119ciu: 12 cm<br \/>\nD\u0142ugo\u015b\u0107 ca\u0142kowita: 20 cm<br \/>\nMateria\u0142 ostrza: CPM-S45VN Stal nierdzewna<br \/>\nTwardo\u015b\u0107 ostrza: 58-59HRC<br \/>\nStyl ostrza: Drop Point<br \/>\nSzlif ostrza: p\u0142aski<br \/>\nObr\u00f3bka powierzchni ostrza: czarny PVD<br \/>\nMateria\u0142 r\u0119koje\u015bci: aluminium anodyzowane na czarno 6061<br \/>\nMechanizm blokuj\u0105cy: Przycisk<br \/>\nKieszonkowy klips: w\u0142\u00f3kno w\u0119glowe (przechylanie w g\u00f3r\u0119\/w d\u00f3\u0142, noszenie po prawej stronie)<br \/>\nWaga: 4,58 uncji<br \/>\nProjektant: Curtis Iovito<br \/>\nWykonane w USA<\/p>\n<p><iframe title=\"Spartan Blades Company Knife Company Story with Co-Founders Mark Carey and Curtis Iovito.\" width=\"800\" height=\"450\" src=\"https:\/\/www.youtube.com\/embed\/S-EVJgZR57Y?feature=oembed\" frameborder=\"0\" allow=\"accelerometer; autoplay; clipboard-write; encrypted-media; gyroscope; picture-in-picture; web-share\" referrerpolicy=\"strict-origin-when-cross-origin\" allowfullscreen><\/iframe><\/p>\n<p>&nbsp;<\/p>\n","protected":false},"excerpt":{"rendered":"<p><strong>Przedstawiamy Spartan Blades Zelos, sk\u0142adany n\u00f3\u017c, kt\u00f3ry p\u0142ynnie \u0142\u0105czy precyzyjn\u0105 in\u017cynieri\u0119 z doskona\u0142ymi materia\u0142ami, uciele\u015bniaj\u0105c ducha po\u015bwi\u0119cenia i zapa\u0142u jego greckiego imiennika z mitologii. Wykonany z niezwyk\u0142\u0105 dba\u0142o\u015bci\u0105 o szczeg\u00f3\u0142y przez projektanta Iovito, Zelos wyr\u00f3\u017cnia si\u0119 jako \u015bwiadectwo doskona\u0142o\u015bci zar\u00f3wno pod wzgl\u0119dem formy, jak i funkcjonalno\u015bci.<\/strong><\/p>\n<p>Bezp\u0142atny transport.<\/p>\n","protected":false},"featured_media":324617,"comment_status":"open","ping_status":"closed","template":"","meta":[],"pwb-brand":[3836],"product_brand":[],"product_cat":[3344,3296],"product_tag":[3671],"class_list":{"0":"post-324668","1":"product","2":"type-product","3":"status-publish","4":"has-post-thumbnail","6":"pwb-brand-spartanskie-ostrza","7":"product_cat-noze-strzeleckie","8":"product_cat-noze-pl","9":"product_tag-b2b-pl","11":"first","12":"instock","13":"taxable","14":"shipping-taxable","15":"purchasable","16":"product-type-simple"},"brands":[{"id":3836,"name":"Sparta\u0144skie Ostrza","slug":"spartanskie-ostrza"}],"_links":{"self":[{"href":"https:\/\/www.moskito.cz\/pl\/wp-json\/wp\/v2\/product\/324668","targetHints":{"allow":["GET"]}}],"collection":[{"href":"https:\/\/www.moskito.cz\/pl\/wp-json\/wp\/v2\/product"}],"about":[{"href":"https:\/\/www.moskito.cz\/pl\/wp-json\/wp\/v2\/types\/product"}],"replies":[{"embeddable":true,"href":"https:\/\/www.moskito.cz\/pl\/wp-json\/wp\/v2\/comments?post=324668"}],"wp:featuredmedia":[{"embeddable":true,"href":"https:\/\/www.moskito.cz\/pl\/wp-json\/wp\/v2\/media\/324617"}],"wp:attachment":[{"href":"https:\/\/www.moskito.cz\/pl\/wp-json\/wp\/v2\/media?parent=324668"}],"wp:term":[{"taxonomy":"pwb-brand","embeddable":true,"href":"https:\/\/www.moskito.cz\/pl\/wp-json\/wp\/v2\/pwb-brand?post=324668"},{"taxonomy":"product_brand","embeddable":true,"href":"https:\/\/www.moskito.cz\/pl\/wp-json\/wp\/v2\/product_brand?post=324668"},{"taxonomy":"product_cat","embeddable":true,"href":"https:\/\/www.moskito.cz\/pl\/wp-json\/wp\/v2\/product_cat?post=324668"},{"taxonomy":"product_tag","embeddable":true,"href":"https:\/\/www.moskito.cz\/pl\/wp-json\/wp\/v2\/product_tag?post=324668"}],"curies":[{"name":"wp","href":"https:\/\/api.w.org\/{rel}","templated":true}]}}