{"id":324702,"date":"2024-04-02T19:36:40","date_gmt":"2024-04-02T18:39:12","guid":{"rendered":"https:\/\/www.moskito.cz\/produkt\/noz-zamykany-spartan-blades-special-edition-koi-fish-stonewashed-sf5koifish\/"},"modified":"2025-05-07T11:08:05","modified_gmt":"2025-05-07T10:08:05","slug":"noz-zamykany-spartan-blades-special-edition-koi-fish-stonewashed-sf5koifish","status":"publish","type":"product","link":"https:\/\/www.moskito.cz\/pl\/produkt\/noz-zamykany-spartan-blades-special-edition-koi-fish-stonewashed-sf5koifish\/","title":{"rendered":"N\u00f3\u017c zamykany Spartan Blades Special Edition Koi Fish Stonewashed SF5KOIFISH"},"content":{"rendered":"<p>N\u00f3\u017c zamykany <strong>Spartan Blades<\/strong> Special Edition Koi Fish Stonewashed SF5KOIFISH.<\/p>\n<p><strong>Spartan Blades<\/strong> co roku produkuje cztery specjalne edycje Spartan Harsey Folders. Edycj\u0105 specjaln\u0105 na rok 2022 jest edycja Koi Fish 2022. Zar\u00f3wno Mark, jak i Curtis, za\u0142o\u017cyciele Spartan Blades, sp\u0119dzili kilka lat pracuj\u0105c w Azji i mieszkaj\u0105c w Japonii. N\u00f3\u017c ten mia\u0142 reprezentowa\u0107 niesamowit\u0105 kultur\u0119 Japonii. Jedn\u0105 z rzeczy, kt\u00f3re pokochali\u015bmy w Japonii, jest spos\u00f3b, w jaki \u0142\u0105cz\u0105 staro\u017cytne i nowoczesne sposoby, aby zapewni\u0107 wydajno\u015b\u0107 i porz\u0105dek ludziom i ich codziennemu \u017cyciu. Mamy nadziej\u0119 osi\u0105gn\u0105\u0107 to poprzez po\u0142\u0105czenie nowoczesnych materia\u0142\u00f3w z grafik\u0105 klasycznie japo\u0144sk\u0105.<\/p>\n<p>Zaprojektowany przez p\u0142odnego producenta no\u017cy Williama W. Harseya Jr., Spartan Harsey Folder (SHF) to niezawodny n\u00f3\u017c ramowy, kt\u00f3ry jest wykonany w ca\u0142o\u015bci z tytanu 6AL-4V, z wyj\u0105tkiem ostrza i sworznia ograniczaj\u0105cego. Ten wysokiej jako\u015bci folder ma dwustronny klips do kieszeni i dwa ko\u0142ki na kciuki, aby pomie\u015bci\u0107 naszych lewor\u0119cznych przyjaci\u00f3\u0142. Jest to idealne narz\u0119dzie dla ka\u017cdego, kto ceni jako\u015b\u0107!<\/p>\n<p>&nbsp;<\/p>\n","protected":false},"excerpt":{"rendered":"<p><strong>Spartan Blades co roku produkuje cztery specjalne edycje Spartan Harsey Folders. Edycj\u0105 specjaln\u0105 na rok 2022 jest edycja Koi Fish 2022.<\/strong><\/p>\n<p>Bezp\u0142atny transport.<\/p>\n","protected":false},"featured_media":324674,"comment_status":"open","ping_status":"closed","template":"","meta":[],"pwb-brand":[3836],"product_brand":[],"product_cat":[3296,3307],"product_tag":[3671],"class_list":{"0":"post-324702","1":"product","2":"type-product","3":"status-publish","4":"has-post-thumbnail","6":"pwb-brand-spartanskie-ostrza","7":"product_cat-noze-pl","8":"product_cat-zamykanie-nozy","9":"product_tag-b2b-pl","11":"first","12":"instock","13":"taxable","14":"shipping-taxable","15":"purchasable","16":"product-type-simple"},"brands":[{"id":3836,"name":"Sparta\u0144skie Ostrza","slug":"spartanskie-ostrza"}],"_links":{"self":[{"href":"https:\/\/www.moskito.cz\/pl\/wp-json\/wp\/v2\/product\/324702","targetHints":{"allow":["GET"]}}],"collection":[{"href":"https:\/\/www.moskito.cz\/pl\/wp-json\/wp\/v2\/product"}],"about":[{"href":"https:\/\/www.moskito.cz\/pl\/wp-json\/wp\/v2\/types\/product"}],"replies":[{"embeddable":true,"href":"https:\/\/www.moskito.cz\/pl\/wp-json\/wp\/v2\/comments?post=324702"}],"wp:featuredmedia":[{"embeddable":true,"href":"https:\/\/www.moskito.cz\/pl\/wp-json\/wp\/v2\/media\/324674"}],"wp:attachment":[{"href":"https:\/\/www.moskito.cz\/pl\/wp-json\/wp\/v2\/media?parent=324702"}],"wp:term":[{"taxonomy":"pwb-brand","embeddable":true,"href":"https:\/\/www.moskito.cz\/pl\/wp-json\/wp\/v2\/pwb-brand?post=324702"},{"taxonomy":"product_brand","embeddable":true,"href":"https:\/\/www.moskito.cz\/pl\/wp-json\/wp\/v2\/product_brand?post=324702"},{"taxonomy":"product_cat","embeddable":true,"href":"https:\/\/www.moskito.cz\/pl\/wp-json\/wp\/v2\/product_cat?post=324702"},{"taxonomy":"product_tag","embeddable":true,"href":"https:\/\/www.moskito.cz\/pl\/wp-json\/wp\/v2\/product_tag?post=324702"}],"curies":[{"name":"wp","href":"https:\/\/api.w.org\/{rel}","templated":true}]}}