{"id":324882,"date":"2024-04-02T20:59:22","date_gmt":"2024-04-02T20:01:51","guid":{"rendered":"https:\/\/www.moskito.cz\/produkt\/noz-skladany-spartan-blades-harsey-stonewashed-sf10swbz\/"},"modified":"2025-05-07T11:08:06","modified_gmt":"2025-05-07T10:08:06","slug":"noz-skladany-spartan-blades-harsey-stonewashed-sf10swbz","status":"publish","type":"product","link":"https:\/\/www.moskito.cz\/pl\/produkt\/noz-skladany-spartan-blades-harsey-stonewashed-sf10swbz\/","title":{"rendered":"N\u00f3\u017c sk\u0142adany Spartan Blades Harsey Stonewashed SF10SWBZ"},"content":{"rendered":"<p>N\u00f3\u017c sk\u0142adany <strong>Spartan Blades<\/strong> Harsey Stonewashed SF10SWBZ.<\/p>\n<p>Odkryj Spartan Harsey Folder 3.25, najnowsz\u0105 wsp\u00f3\u0142prac\u0119 <strong>Spartan Blades<\/strong> i legendarnego producenta no\u017cy Williama \u201eBilla\u201d Harseya Jr. Ten n\u00f3\u017c z tytanow\u0105 ram\u0105 6AL4V z blokad\u0105 ma ostrze CPM S45VN, kt\u00f3re zapewnia wyj\u0105tkow\u0105 wydajno\u015b\u0107 entuzjastom no\u017cy.<\/p>\n<p>Kluczowe w\u0142a\u015bciwo\u015bci:<\/p>\n<p>Tytanowa elegancja: Wykonany w ca\u0142o\u015bci z tytanu 6AL-4V, SHF 3.25 reprezentuje szczyt trwa\u0142o\u015bci i stylu w \u015bwiecie no\u017cy.<\/p>\n<p>Ostrze Premium: Ostrze ze stali nierdzewnej CPM S45VN o \u015brednicy 3,25 cala zapewnia doskona\u0142e trzymanie kraw\u0119dzi i odporno\u015b\u0107 na korozj\u0119, dzi\u0119ki czemu idealnie nadaje si\u0119 do r\u00f3\u017cnych zada\u0144 ci\u0119cia.<\/p>\n<p>Bezpieczny mechanizm blokady ramy: Ciesz si\u0119 pewno\u015bci\u0105, jak\u0105 daje niezawodny mechanizm blokady ramy, kt\u00f3ry zapewnia bezpieczne i stabilne zamocowanie ostrza w przypadku wszystkich potrzeb zwi\u0105zanych z ci\u0119ciem.<\/p>\n<p>Wygodny do noszenia: Zaprojektowany z my\u015bl\u0105 o \u0142atwo\u015bci u\u017cytkowania, SHF 3.25 jest nie tylko \u0142atwy do przenoszenia, ale tak\u017ce wygodny w obs\u0142udze, co czyni go idealnym teczk\u0105 m\u0119sk\u0105 (lub damsk\u0105).<\/p>\n<p>Wszechstronny klips kieszonkowy: dzi\u0119ki dwustronnemu klipsowi kieszeniowemu i podw\u00f3jnym pinom na kciuk n\u00f3\u017c ten oferuje wygodne opcje noszenia po lewej i prawej stronie, w zale\u017cno\u015bci od preferencji.<\/p>\n<p>Uderzaj\u0105ce wyko\u0144czenie: satynowe wyko\u0144czenie tytanowej ramy 6AL4V uzupe\u0142nione osprz\u0119tem z anodowanego br\u0105zu dodaje wyrafinowania temu wyj\u0105tkowemu egzemplarzowi.<\/p>\n<p>Dane techniczne:<\/p>\n<p>Producent: Spartan Blades<br \/>\nProjektant: William W. Harsey<br \/>\nD\u0142ugo\u015b\u0107 ostrza: 8,12 cm<br \/>\nD\u0142ugo\u015b\u0107 ca\u0142kowita: 18 cm<br \/>\nMateria\u0142 ostrza: CPM S45VN Stal nierdzewna<br \/>\nTwardo\u015b\u0107 ostrza: 59-61<br \/>\nStyl ostrza: Drop Point \u2013 P\u0142aska szlifowana \u2013 Stone Washed<br \/>\nMateria\u0142 ramy: Tytan 6AL4V \u2013 satyna \u2013 wyko\u0144czenie piaskowane<br \/>\nSprz\u0119t: tytan 6AL4V \u2013 osprz\u0119t anodowany na br\u0105z<br \/>\nWaga: 2,9 uncji \/ 0,184 funta<\/p>\n<p><iframe title=\"Spartan Blades Company Knife Company Story with Co-Founders Mark Carey and Curtis Iovito.\" width=\"800\" height=\"450\" src=\"https:\/\/www.youtube.com\/embed\/S-EVJgZR57Y?feature=oembed\" frameborder=\"0\" allow=\"accelerometer; autoplay; clipboard-write; encrypted-media; gyroscope; picture-in-picture; web-share\" referrerpolicy=\"strict-origin-when-cross-origin\" allowfullscreen><\/iframe><\/p>\n<p>&nbsp;<\/p>\n","protected":false},"excerpt":{"rendered":"<p><strong>Odkryj Spartan Harsey Folder 3.25, najnowsz\u0105 wsp\u00f3\u0142prac\u0119 Spartan Blades i legendarnego producenta no\u017cy Williama \u201eBilla\u201d Harseya Jr. Ten n\u00f3\u017c z tytanow\u0105 ram\u0105 6AL4V z blokad\u0105 ma ostrze CPM S45VN, kt\u00f3re zapewnia wyj\u0105tkow\u0105 wydajno\u015b\u0107 entuzjastom no\u017cy.<\/strong><\/p>\n<p>Bezp\u0142atny transport.<\/p>\n","protected":false},"featured_media":324843,"comment_status":"open","ping_status":"closed","template":"","meta":[],"pwb-brand":[3836],"product_brand":[],"product_cat":[3307,3296],"product_tag":[3671],"class_list":{"0":"post-324882","1":"product","2":"type-product","3":"status-publish","4":"has-post-thumbnail","6":"pwb-brand-spartanskie-ostrza","7":"product_cat-zamykanie-nozy","8":"product_cat-noze-pl","9":"product_tag-b2b-pl","11":"first","12":"instock","13":"taxable","14":"shipping-taxable","15":"purchasable","16":"product-type-simple"},"brands":[{"id":3836,"name":"Sparta\u0144skie Ostrza","slug":"spartanskie-ostrza"}],"_links":{"self":[{"href":"https:\/\/www.moskito.cz\/pl\/wp-json\/wp\/v2\/product\/324882","targetHints":{"allow":["GET"]}}],"collection":[{"href":"https:\/\/www.moskito.cz\/pl\/wp-json\/wp\/v2\/product"}],"about":[{"href":"https:\/\/www.moskito.cz\/pl\/wp-json\/wp\/v2\/types\/product"}],"replies":[{"embeddable":true,"href":"https:\/\/www.moskito.cz\/pl\/wp-json\/wp\/v2\/comments?post=324882"}],"wp:featuredmedia":[{"embeddable":true,"href":"https:\/\/www.moskito.cz\/pl\/wp-json\/wp\/v2\/media\/324843"}],"wp:attachment":[{"href":"https:\/\/www.moskito.cz\/pl\/wp-json\/wp\/v2\/media?parent=324882"}],"wp:term":[{"taxonomy":"pwb-brand","embeddable":true,"href":"https:\/\/www.moskito.cz\/pl\/wp-json\/wp\/v2\/pwb-brand?post=324882"},{"taxonomy":"product_brand","embeddable":true,"href":"https:\/\/www.moskito.cz\/pl\/wp-json\/wp\/v2\/product_brand?post=324882"},{"taxonomy":"product_cat","embeddable":true,"href":"https:\/\/www.moskito.cz\/pl\/wp-json\/wp\/v2\/product_cat?post=324882"},{"taxonomy":"product_tag","embeddable":true,"href":"https:\/\/www.moskito.cz\/pl\/wp-json\/wp\/v2\/product_tag?post=324882"}],"curies":[{"name":"wp","href":"https:\/\/api.w.org\/{rel}","templated":true}]}}