{"id":325166,"date":"2024-04-03T18:19:46","date_gmt":"2024-04-03T17:42:37","guid":{"rendered":"https:\/\/www.moskito.cz\/produkt\/noz-skladany-spartan-blades-custom-harsey-damascus-sf10dmbz\/"},"modified":"2025-05-07T11:08:11","modified_gmt":"2025-05-07T10:08:11","slug":"noz-skladany-spartan-blades-custom-harsey-damascus-sf10dmbz","status":"publish","type":"product","link":"https:\/\/www.moskito.cz\/pl\/produkt\/noz-skladany-spartan-blades-custom-harsey-damascus-sf10dmbz\/","title":{"rendered":"N\u00f3\u017c sk\u0142adany Spartan Blades Custom Harsey Damascus SF10DMBZ"},"content":{"rendered":"<p>N\u00f3\u017c sk\u0142adany <strong>Spartan Blades<\/strong> Custom Harsey Damascus SF10DMBZ.<\/p>\n<p>Przedstawiamy Spartan-Harsey Folder, najnowsze osi\u0105gni\u0119cie firmy Spartan Blades we wsp\u00f3\u0142pracy ze znanym producentem no\u017cy, Williamem \u201eBillem\u201d Harseyem Jr. Ten scyzoryk kieszonkowy z tytanow\u0105 ram\u0105 6AL4V zosta\u0142 starannie wykonany dla tych, kt\u00f3rzy ceni\u0105 niezawodno\u015b\u0107, kunszt i odrobin\u0119 elegancji.<\/p>\n<p>Kluczowe w\u0142a\u015bciwo\u015bci:<\/p>\n<p>Doskona\u0142o\u015b\u0107 ostrza: 3,25-calowe ostrze ze stali nierdzewnej Chad Nichols Damascus nie tylko mo\u017ce pochwali\u0107 si\u0119 wyj\u0105tkow\u0105 estetyk\u0105, ale tak\u017ce zapewnia doskona\u0142\u0105 wydajno\u015b\u0107. Styl drop-point, p\u0142aska powierzchnia i kamienne wyko\u0144czenie zapewniaj\u0105 wszechstronno\u015b\u0107 i trwa\u0142o\u015b\u0107.<\/p>\n<p>Konstrukcja Frame-Lock: Blokada ramy wykonana jest w ca\u0142o\u015bci z tytanu 6AL-4V i zapewnia bezpieczne i niezawodne zamkni\u0119cie. \u015aredniej wielko\u015bci folder zapewnia idealn\u0105 r\u00f3wnowag\u0119 pomi\u0119dzy funkcjonalno\u015bci\u0105 i przeno\u015bno\u015bci\u0105.<\/p>\n<p>Dwustronny klips do kieszeni: ciesz si\u0119 elastyczno\u015bci\u0105 noszenia dzi\u0119ki dwustronnemu klipsowi do kieszeni i dw\u00f3m zatrzaskom na kciuki, kt\u00f3re umo\u017cliwiaj\u0105 p\u0142ynne noszenie lewej i prawej r\u0119ki.<\/p>\n<p>Anodowany na niebiesko osprz\u0119t: ten wariant charakteryzuje si\u0119 przyci\u0105gaj\u0105cym wzrok, anodowanym na niebiesko osprz\u0119tem, kt\u00f3ry dodaje charakterystycznego akcentu Twojemu codziennemu noszeniu.<\/p>\n<p>Profesjonalne wykonanie: wykonany z precyzj\u0105 i staranno\u015bci\u0105, SHF 3.25 odzwierciedla zaanga\u017cowanie Spartan Blades w jako\u015b\u0107. Satynowe i piaskowane wyko\u0144czenie tytanowej ramy dodaje odrobin\u0119 wyrafinowania.<\/p>\n<p>Dane techniczne:<\/p>\n<p>Producent: Spartan Blades<br \/>\nProjektant: William W. Harsey<br \/>\nD\u0142ugo\u015b\u0107 ostrza: 8,12 cm<br \/>\nD\u0142ugo\u015b\u0107 ca\u0142kowita: 18 cm<br \/>\nMateria\u0142 ostrza: Chad Nichols Stal nierdzewna Damaszek<br \/>\nTwardo\u015b\u0107 ostrza: 59-61<br \/>\nStyl ostrza: Drop Point \u2013 P\u0142aska szlifowana \u2013 Stone Washed<br \/>\nMateria\u0142 ramy: Tytan 6AL4V \u2013 satyna \u2013 wyko\u0144czenie piaskowane<br \/>\nOsprz\u0119t: Tytan 6AL4V \u2013 osprz\u0119t anodowany na niebiesko<br \/>\nWaga: 2,9 uncji \/ 0,184 funta<br \/>\nWzboga\u0107 swoje codzienne noszenie dzi\u0119ki Spartan-Harsey Folder 3.25 &#8211; gdzie sztuka spotyka si\u0119 z funkcjonalno\u015bci\u0105 w teczce prawdziwego d\u017centelmena.<\/p>\n<p><iframe title=\"Spartan Blades Company Knife Company Story with Co-Founders Mark Carey and Curtis Iovito.\" width=\"800\" height=\"450\" src=\"https:\/\/www.youtube.com\/embed\/S-EVJgZR57Y?feature=oembed\" frameborder=\"0\" allow=\"accelerometer; autoplay; clipboard-write; encrypted-media; gyroscope; picture-in-picture; web-share\" referrerpolicy=\"strict-origin-when-cross-origin\" allowfullscreen><\/iframe><\/p>\n<p>&nbsp;<\/p>\n","protected":false},"excerpt":{"rendered":"<p><strong>Przedstawiamy Spartan-Harsey Folder, najnowsze osi\u0105gni\u0119cie firmy Spartan Blades we wsp\u00f3\u0142pracy ze znanym producentem no\u017cy, Williamem \u201eBillem\u201d Harseyem Jr.<\/strong><\/p>\n<p>Bezp\u0142atny transport.<\/p>\n","protected":false},"featured_media":325117,"comment_status":"open","ping_status":"closed","template":"","meta":[],"pwb-brand":[3836],"product_brand":[],"product_cat":[3296,3421],"product_tag":[3671],"class_list":{"0":"post-325166","1":"product","2":"type-product","3":"status-publish","4":"has-post-thumbnail","6":"pwb-brand-spartanskie-ostrza","7":"product_cat-noze-pl","8":"product_cat-noze-damascenskie","9":"product_tag-b2b-pl","11":"first","12":"outofstock","13":"taxable","14":"shipping-taxable","15":"purchasable","16":"product-type-simple"},"brands":[{"id":3836,"name":"Sparta\u0144skie Ostrza","slug":"spartanskie-ostrza"}],"_links":{"self":[{"href":"https:\/\/www.moskito.cz\/pl\/wp-json\/wp\/v2\/product\/325166","targetHints":{"allow":["GET"]}}],"collection":[{"href":"https:\/\/www.moskito.cz\/pl\/wp-json\/wp\/v2\/product"}],"about":[{"href":"https:\/\/www.moskito.cz\/pl\/wp-json\/wp\/v2\/types\/product"}],"replies":[{"embeddable":true,"href":"https:\/\/www.moskito.cz\/pl\/wp-json\/wp\/v2\/comments?post=325166"}],"wp:featuredmedia":[{"embeddable":true,"href":"https:\/\/www.moskito.cz\/pl\/wp-json\/wp\/v2\/media\/325117"}],"wp:attachment":[{"href":"https:\/\/www.moskito.cz\/pl\/wp-json\/wp\/v2\/media?parent=325166"}],"wp:term":[{"taxonomy":"pwb-brand","embeddable":true,"href":"https:\/\/www.moskito.cz\/pl\/wp-json\/wp\/v2\/pwb-brand?post=325166"},{"taxonomy":"product_brand","embeddable":true,"href":"https:\/\/www.moskito.cz\/pl\/wp-json\/wp\/v2\/product_brand?post=325166"},{"taxonomy":"product_cat","embeddable":true,"href":"https:\/\/www.moskito.cz\/pl\/wp-json\/wp\/v2\/product_cat?post=325166"},{"taxonomy":"product_tag","embeddable":true,"href":"https:\/\/www.moskito.cz\/pl\/wp-json\/wp\/v2\/product_tag?post=325166"}],"curies":[{"name":"wp","href":"https:\/\/api.w.org\/{rel}","templated":true}]}}