{"id":325282,"date":"2024-04-03T19:29:41","date_gmt":"2024-04-03T18:35:37","guid":{"rendered":"https:\/\/www.moskito.cz\/produkt\/noz-skladany-spartan-blades-harsey-stonewashed-sf10sw\/"},"modified":"2025-05-07T11:08:12","modified_gmt":"2025-05-07T10:08:12","slug":"noz-skladany-spartan-blades-harsey-stonewashed-sf10sw","status":"publish","type":"product","link":"https:\/\/www.moskito.cz\/pl\/produkt\/noz-skladany-spartan-blades-harsey-stonewashed-sf10sw\/","title":{"rendered":"N\u00f3\u017c sk\u0142adany Spartan Blades Harsey Stonewashed SF10SW"},"content":{"rendered":"<p>N\u00f3\u017c sk\u0142adany <strong>Spartan Blades<\/strong> Harsey Stonewashed SF10SW.<\/p>\n<p>Przedstawiamy Spartan Harsey Folder \u2013 najnowszy szczyt doskona\u0142o\u015bci Spartan Blades we wsp\u00f3\u0142pracy z legendarnym tw\u00f3rc\u0105 no\u017cy Williamem \u201eBillem\u201d Harseyem Jr. N\u00f3\u017c ten \u0142\u0105czy w sobie sztuk\u0119 projektowania z funkcjonalno\u015bci\u0105, jakiej wymaga n\u00f3\u017c. entuzja\u015bci. Wykonany z precyzj\u0105 i dba\u0142o\u015bci\u0105 o szczeg\u00f3\u0142y, SHF 3.25 to niezawodny n\u00f3\u017c ramowy z tytanu 6AL4V z ostrzem ze stali nierdzewnej CPM S45VN o \u015brednicy 3,25\u201d.<\/p>\n<p>Kluczowe w\u0142a\u015bciwo\u015bci:<\/p>\n<p>Materia\u0142y najwy\u017cszej jako\u015bci: SHF 3.25 jest starannie skonstruowany z tytanow\u0105 blokad\u0105 ramy 6AL4V, co zapewnia trwa\u0142o\u015b\u0107 i lekko\u015b\u0107. Ostrze wykonane ze stali nierdzewnej CPM S45VN jest \u015bwiadectwem doskona\u0142ej metalurgii i wydajno\u015bci.<\/p>\n<p>Nagradzany projekt: wzoruj\u0105c si\u0119 na wielokrotnie nagradzanym poprzedniku SHF, ten \u015bredniej wielko\u015bci folder utrzymuje ten sam poziom doskona\u0142o\u015bci. Zaprojektowany we wsp\u00f3\u0142pracy z Williamem W. Harseyem, jest dostosowany do potrzeb os\u00f3b poszukuj\u0105cych naprawd\u0119 wyj\u0105tkowych teczek m\u0119skich (lub damskich).<\/p>\n<p>Dwustronny klips kieszonkowy: Dzi\u0119ki dwustronnemu klipsowi kieszeniowemu i dw\u00f3m zatrzaskom na kciuk, SHF 3.25 umo\u017cliwia noszenie zar\u00f3wno przez osoby lewor\u0119czne, jak i prawor\u0119czne, oferuj\u0105c wszechstronno\u015b\u0107 bez uszczerbku dla stylu.<\/p>\n<p>Elitarne rzemios\u0142o: N\u00f3\u017c z blokad\u0105 ramy wykonany jest w ca\u0142o\u015bci z tytanu 6AL-4V i jest piaskowany satynowo, aby zapewni\u0107 wyrafinowane estetyczne i trwa\u0142e wyko\u0144czenie. Okucia, r\u00f3wnie\u017c wykonane z tytanu 6AL4V, uzupe\u0142niaj\u0105 konstrukcj\u0119 premium no\u017ca.<\/p>\n<p>Ostrze ze stali nierdzewnej CPM S45VN: Ostrze typu drop point o d\u0142ugo\u015bci 3,25 cala, szlifowane na p\u0142asko i myte w kamieniu, wykonane jest ze stali nierdzewnej CPM S45VN, znanej z wyj\u0105tkowej twardo\u015bci (59-61 HRC) i zachowania kraw\u0119dzi. Podw\u00f3jna g\u0142\u0119boka obr\u00f3bka cieplna kriogeniczna zapewnia optymaln\u0105 wydajno\u015b\u0107.<\/p>\n<p>Dane techniczne:<\/p>\n<p>Producent: Spartan Blades<br \/>\nProjektant: William W. Harsey<br \/>\nD\u0142ugo\u015b\u0107 ostrza: 8,12 cm<br \/>\nD\u0142ugo\u015b\u0107 ca\u0142kowita: 18 cm<br \/>\nOstrze: CPM S45VN Stal nierdzewna<br \/>\nTwardo\u015b\u0107 ostrza: 59-61<br \/>\nStyl ostrza: Drop Point \u2013 P\u0142aska szlifowana \u2013 Stone Washed<br \/>\nRama: Tytan 6AL4V \u2013 satyna \u2013 wyko\u0144czenie piaskowane<br \/>\nOkucia: tytan 6AL4V<br \/>\nWaga: 2,9 uncji \/ 0,184 funta<br \/>\nPodnie\u015b swoje codzienne wra\u017cenia z noszenia dzi\u0119ki Spartan Harsey Folder 3.25 \u2013 fuzji sztuki, funkcjonalno\u015bci i doskona\u0142ego kunsztu. Ten folder, stworzony przez renomowanych tw\u00f3rc\u00f3w Spartan Blades, to co\u015b wi\u0119cej ni\u017c tylko narz\u0119dzie; jest to wyraz doskona\u0142o\u015bci w \u015bwiecie no\u017cy o wysokiej wydajno\u015bci<\/p>\n<p><iframe title=\"Spartan Blades Company Knife Company Story with Co-Founders Mark Carey and Curtis Iovito.\" width=\"800\" height=\"450\" src=\"https:\/\/www.youtube.com\/embed\/S-EVJgZR57Y?feature=oembed\" frameborder=\"0\" allow=\"accelerometer; autoplay; clipboard-write; encrypted-media; gyroscope; picture-in-picture; web-share\" referrerpolicy=\"strict-origin-when-cross-origin\" allowfullscreen><\/iframe><\/p>\n<p>&nbsp;<\/p>\n","protected":false},"excerpt":{"rendered":"<p><strong>Przedstawiamy Spartan Harsey Folder \u2013 najnowszy szczyt doskona\u0142o\u015bci Spartan Blades we wsp\u00f3\u0142pracy z legendarnym tw\u00f3rc\u0105 no\u017cy Williamem \u201eBillem\u201d Harseyem Jr.<\/strong><\/p>\n<p>Bezp\u0142atny transport.<\/p>\n","protected":false},"featured_media":325233,"comment_status":"open","ping_status":"closed","template":"","meta":[],"pwb-brand":[3836],"product_brand":[],"product_cat":[3307,3296],"product_tag":[3671],"class_list":{"0":"post-325282","1":"product","2":"type-product","3":"status-publish","4":"has-post-thumbnail","6":"pwb-brand-spartanskie-ostrza","7":"product_cat-zamykanie-nozy","8":"product_cat-noze-pl","9":"product_tag-b2b-pl","11":"first","12":"instock","13":"taxable","14":"shipping-taxable","15":"purchasable","16":"product-type-simple"},"brands":[{"id":3836,"name":"Sparta\u0144skie Ostrza","slug":"spartanskie-ostrza"}],"_links":{"self":[{"href":"https:\/\/www.moskito.cz\/pl\/wp-json\/wp\/v2\/product\/325282","targetHints":{"allow":["GET"]}}],"collection":[{"href":"https:\/\/www.moskito.cz\/pl\/wp-json\/wp\/v2\/product"}],"about":[{"href":"https:\/\/www.moskito.cz\/pl\/wp-json\/wp\/v2\/types\/product"}],"replies":[{"embeddable":true,"href":"https:\/\/www.moskito.cz\/pl\/wp-json\/wp\/v2\/comments?post=325282"}],"wp:featuredmedia":[{"embeddable":true,"href":"https:\/\/www.moskito.cz\/pl\/wp-json\/wp\/v2\/media\/325233"}],"wp:attachment":[{"href":"https:\/\/www.moskito.cz\/pl\/wp-json\/wp\/v2\/media?parent=325282"}],"wp:term":[{"taxonomy":"pwb-brand","embeddable":true,"href":"https:\/\/www.moskito.cz\/pl\/wp-json\/wp\/v2\/pwb-brand?post=325282"},{"taxonomy":"product_brand","embeddable":true,"href":"https:\/\/www.moskito.cz\/pl\/wp-json\/wp\/v2\/product_brand?post=325282"},{"taxonomy":"product_cat","embeddable":true,"href":"https:\/\/www.moskito.cz\/pl\/wp-json\/wp\/v2\/product_cat?post=325282"},{"taxonomy":"product_tag","embeddable":true,"href":"https:\/\/www.moskito.cz\/pl\/wp-json\/wp\/v2\/product_tag?post=325282"}],"curies":[{"name":"wp","href":"https:\/\/api.w.org\/{rel}","templated":true}]}}