{"id":325347,"date":"2022-04-21T20:29:40","date_gmt":"2022-04-21T19:29:40","guid":{"rendered":"https:\/\/www.moskito.cz\/produkt\/solidny-noz-cold-steel-kobun-serrated\/"},"modified":"2025-05-07T11:08:14","modified_gmt":"2025-05-07T10:08:14","slug":"solidny-noz-cold-steel-kobun-serrated","status":"publish","type":"product","link":"https:\/\/www.moskito.cz\/pl\/produkt\/solidny-noz-cold-steel-kobun-serrated\/","title":{"rendered":"Solidny n\u00f3\u017c Cold Steel KOBUN SERRATED"},"content":{"rendered":"<p>Solidny n\u00f3\u017c <strong>Cold Steel<\/strong> KOBUN SERRATED.<\/p>\n<p>Cold Steel Kobun to lekki n\u00f3\u017c wywodz\u0105cy si\u0119 z japo\u0144skiego p\u00f3\u0142\u015bwiatka, gdzie s\u0142owo \u201eKobun\u201d jest czasami u\u017cywane jako wska\u017anik rangi, sugeruj\u0105c s\u0142owo \u201e\u017co\u0142nierz\u201d lub ten, kt\u00f3ry wykonuje rozkazy od swojego \u201eOyabuna\u201d lub szefa. To trafna nazwa dla no\u017ca takiego jak Kobun, kt\u00f3ry zosta\u0142 zaprojektowany z my\u015bl\u0105 o \u201edobrym \u017co\u0142nierzu\u201d. Okaza\u0142a si\u0119 niezwykle popularna w\u015br\u00f3d wojska, gdzie jest ceniona za lekko\u015b\u0107 i dyskretny profil, a tak\u017ce trwa\u0142o\u015b\u0107 i potencja\u0142 ci\u0119cia. Kobun posiada kultow\u0105 wzmocnion\u0105 ko\u0144c\u00f3wk\u0119 Cold Steels \u201eAmerican Tanto\u201d, dzi\u0119ki czemu jest bardzo odporny na zginanie i \u0142amanie, poniewa\u017c jest wzmocniony na ca\u0142ej grubo\u015bci grzbietu ostrza (co prowadzi prawie do samego czubka ostrza). Pomimo cienkiego profilu,<\/p>\n<p>PARAMETRY PRODUKTU<br \/>\nWaga: 129 g<br \/>\nKolor: czarny\/srebrny<br \/>\nMateria\u0142 os\u0142ony: os\u0142ona Secure-Ex\u00ae<br \/>\nStal: japo\u0144ska stal nierdzewna AUS 8A<br \/>\nMateria\u0142 r\u0119koje\u015bci: D\u0142ugi Kray-Ex\u2122<br \/>\nGrubo\u015b\u0107 ostrza: 3 mm<br \/>\nD\u0142ugo\u015b\u0107 r\u0105czki: 113 mm<br \/>\nRozmiar ca\u0142kowity: 250 mm<br \/>\nD\u0142ugo\u015b\u0107 ostrza: 137 mm<\/p>\n<p>Cold Steel Kobun to lekki n\u00f3\u017c, kt\u00f3rego nazwa wzi\u0119\u0142a si\u0119 od japo\u0144skiego p\u00f3\u0142\u015bwiatka, gdzie s\u0142owo \u201eKobun\u201d jest czasami u\u017cywane jako wska\u017anik rangi, sugeruj\u0105cy s\u0142owo \u201e\u017co\u0142nierz\u201d lub ten, kt\u00f3ry przyjmuje rozkazy od swojego \u201eOyabun\u201d. lub szef. To trafna nazwa dla no\u017ca takiego jak Kobun, kt\u00f3ry zosta\u0142 zaprojektowany z my\u015bl\u0105 o \u201edobrym \u017co\u0142nierzu\u201d. Udowodniono, \u017ce jest niezwykle popularny w\u015br\u00f3d wojska, gdzie jest ceniony za lekko\u015b\u0107 i dyskretny profil, a tak\u017ce za trwa\u0142o\u015b\u0107 i potencja\u0142 ci\u0119cia. Kobun posiada kultowe, wzmocnione ostrze \u201eAmerican Tanto\u201d firmy Cold Steel, dzi\u0119ki czemu jest bardzo odporne na zginanie i \u0142amanie, poniewa\u017c jest wzmocnione przez ca\u0142\u0105 grubo\u015b\u0107 grzbietu ostrza (kt\u00f3ry biegnie prawie do samego czubka ostrza). Pomimo cienkiego profilu, g\u0142\u0119boko karbowana r\u0119koje\u015b\u0107 Kray-Ex firmy Kobun zosta\u0142a zaprojektowana tak, aby zapewni\u0107 maksymalny chwyt i jest wyprofilowana tak, aby zapobiega\u0107 obracaniu si\u0119 lub przesuwaniu w d\u0142oni.<br \/>\nWaga: 4,4 uncji Grubo\u015b\u0107 ostrza: 3,5 mm D\u0142ugo\u015b\u0107 ostrza: 5-1\/2&#8243; Stal ostrza: japo\u0144ska stal nierdzewna AUS8A D\u0142ugo\u015b\u0107 r\u0119koje\u015bci\/materia\u0142: 4-3\/8&#8243; Kray-Ex\u2122 D\u0142ugo\u015b\u0107 ca\u0142kowita: 9-7\/8&#8243; Dodatkowe funkcje : N\u00f3\u017c z os\u0142on\u0105 Secure-Ex\u00ae Typ: Sta\u0142e ostrze Zakres d\u0142ugo\u015bci: 5+ w stali Rodzina: AUS Kszta\u0142t ostrza: Tanto<\/p>\n","protected":false},"excerpt":{"rendered":"<p>Kobun z Cold Steel to prawdziwa ikona! Solidny n\u00f3\u017c z ostrzem typu Tanto z z\u0105bkowan\u0105 kraw\u0119dzi\u0105, kt\u00f3ra bardzo dobrze wnika w materia\u0142y.<\/p>\n","protected":false},"featured_media":325350,"comment_status":"open","ping_status":"closed","template":"","meta":[],"pwb-brand":[3596],"product_brand":[],"product_cat":[3297,3296],"product_tag":[3671],"class_list":{"0":"post-325347","1":"product","2":"type-product","3":"status-publish","4":"has-post-thumbnail","6":"pwb-brand-zimna-stal","7":"product_cat-solidne-noze","8":"product_cat-noze-pl","9":"product_tag-b2b-pl","11":"first","12":"instock","13":"taxable","14":"shipping-taxable","15":"purchasable","16":"product-type-simple"},"brands":[{"id":3596,"name":"Zimna stal","slug":"zimna-stal"}],"_links":{"self":[{"href":"https:\/\/www.moskito.cz\/pl\/wp-json\/wp\/v2\/product\/325347","targetHints":{"allow":["GET"]}}],"collection":[{"href":"https:\/\/www.moskito.cz\/pl\/wp-json\/wp\/v2\/product"}],"about":[{"href":"https:\/\/www.moskito.cz\/pl\/wp-json\/wp\/v2\/types\/product"}],"replies":[{"embeddable":true,"href":"https:\/\/www.moskito.cz\/pl\/wp-json\/wp\/v2\/comments?post=325347"}],"wp:featuredmedia":[{"embeddable":true,"href":"https:\/\/www.moskito.cz\/pl\/wp-json\/wp\/v2\/media\/325350"}],"wp:attachment":[{"href":"https:\/\/www.moskito.cz\/pl\/wp-json\/wp\/v2\/media?parent=325347"}],"wp:term":[{"taxonomy":"pwb-brand","embeddable":true,"href":"https:\/\/www.moskito.cz\/pl\/wp-json\/wp\/v2\/pwb-brand?post=325347"},{"taxonomy":"product_brand","embeddable":true,"href":"https:\/\/www.moskito.cz\/pl\/wp-json\/wp\/v2\/product_brand?post=325347"},{"taxonomy":"product_cat","embeddable":true,"href":"https:\/\/www.moskito.cz\/pl\/wp-json\/wp\/v2\/product_cat?post=325347"},{"taxonomy":"product_tag","embeddable":true,"href":"https:\/\/www.moskito.cz\/pl\/wp-json\/wp\/v2\/product_tag?post=325347"}],"curies":[{"name":"wp","href":"https:\/\/api.w.org\/{rel}","templated":true}]}}