{"id":325367,"date":"2022-04-21T20:06:46","date_gmt":"2024-04-04T13:38:53","guid":{"rendered":"https:\/\/www.moskito.cz\/produkt\/noz-skladany-cold-steel-double-safe-hunter\/"},"modified":"2025-05-07T11:08:15","modified_gmt":"2025-05-07T10:08:15","slug":"noz-skladany-cold-steel-double-safe-hunter","status":"publish","type":"product","link":"https:\/\/www.moskito.cz\/pl\/produkt\/noz-skladany-cold-steel-double-safe-hunter\/","title":{"rendered":"N\u00f3\u017c sk\u0142adany Cold Steel DOUBLE SAFE HUNTER"},"content":{"rendered":"<p>N\u00f3\u017c sk\u0142adany <strong>Cold Steel<\/strong> DOUBLE SAFE HUNTER.<\/p>\n<p>Je\u015bli szukasz niedrogiego, ale wydajnego sk\u0142adanego my\u015bliwego, nie szukaj dalej ni\u017c Double Safe Hunter. Jest wzorowany na naszym niezwykle popularnym oldschoolowym Voyagerze. Szerokie ostrze z klipsem ma d\u0142ugo\u015b\u0107 3,5 i wykonane jest ze stali 8Cr13MoV, hartowanej do twardo\u015bci 57-58 Rockwella. Niezale\u017cnie od wykonywanej pracy mo\u017cesz mie\u0107 pewno\u015b\u0107, \u017ce masz pod r\u0119k\u0105 odpowiedni n\u00f3\u017c, z ostrzem wystarczaj\u0105co ma\u0142ym, aby wykonywa\u0107 skomplikowane ci\u0119cia, ale wystarczaj\u0105co du\u017cym, aby ugodzi\u0107 wszystko, od myszy po \u0142osia. R\u0119koje\u015b\u0107 z nylonu kamufla\u017cowego (GFN) jest smuk\u0142a i ergonomiczna oraz posiada wymienny plastikowy klips do kieszeni. Plastikowe klipsy kieszeniowe pomagaj\u0105 zmniejszy\u0107 zadrapania i zadrapania na tapicerce i innych powierzchniach, kt\u00f3re powoduj\u0105 stalowe klipsy. Jak zawsze firma Cold Steel zaprojektowa\u0142a podw\u00f3jny sejf z my\u015bl\u0105 o palcach. Najnowocze\u015bniejsza blokada ko\u0142yski posiada dodatkowy mechanizm zabezpieczaj\u0105cy, kt\u00f3ry po uruchomieniu jest wyj\u0105tkowo odporny na wstrz\u0105sy i uderzenia.<\/p>\n<p>PARAMETRY PRODUKTU<br \/>\nD\u0142ugo\u015b\u0107 ostrza. 89 mm<br \/>\nStal: stal nierdzewna 8Cr13MoV<br \/>\nWaga: 116 g<br \/>\nD\u0142ugo\u015b\u0107 r\u0105czki: 140 mm<br \/>\nRozmiar ca\u0142kowity: 229 mm<br \/>\nGrubo\u015b\u0107 ostrza: 3 mm<br \/>\nKolor: Br\u0105zowy\/Srebrny<br \/>\nRodzaj bezpiecznika: Podw\u00f3jny zamek bezpieczny<br \/>\nMateria\u0142 r\u0119koje\u015bci: D\u0142ugi uchwyt GFN<\/p>\n<p>Je\u015bli szukasz niedrogiego, a jednocze\u015bnie wydajnego sk\u0142adanego my\u015bliwego, nie szukaj dalej ni\u017c Double Safe Hunter. Jest wzorowany na naszym niezwykle popularnym oldschoolowym Voyagerze. Jego szerokie ostrze typu Clip-Point ma 3,5 d\u0142ugo\u015bci i jest wykonane ze stali 8Cr13MoV, hartowanej do twardo\u015bci 57-58 Rockwella. Bez wzgl\u0119du na to, jak\u0105 prac\u0119 wykonujesz, mo\u017cesz mie\u0107 pewno\u015b\u0107, \u017ce masz pod r\u0119k\u0105 odpowiedni n\u00f3\u017c, z ostrzem wystarczaj\u0105co ma\u0142ym, aby wykonywa\u0107 skomplikowane zadania ci\u0119cia, a jednocze\u015bnie wystarczaj\u0105co du\u017cym, aby osk\u00f3rowa\u0107 wszystko, od myszy po \u0142osia. Marzenie o d\u0142ugim u\u017cytkowaniu. R\u0119koje\u015b\u0107 z nylonu wype\u0142nionego szk\u0142em w kamufla\u017cu (GFN) jest cienka i ergonomiczna oraz posiada wymienny plastikowy klips do kieszeni. Plastikowe klipsy kieszeniowe pomagaj\u0105 ograniczy\u0107 zaczepy i zadrapania tapicerki i innych powierzchni, kt\u00f3re powoduj\u0105 stalowe klipsy. Projektuj\u0105c Double Safe, Cold Steel jak zawsze my\u015bla\u0142o o Twoich palcach. Najnowocze\u015bniejszy zamek ko\u0142yskowy wyposa\u017cony jest w dodatkowy mechanizm zabezpieczaj\u0105cy, kt\u00f3ry po w\u0142\u0105czeniu jest niezwykle odporny na wstrz\u0105sy i uderzenia.<br \/>\nWaga: 4,1 uncji Grubo\u015b\u0107 ostrza: 3 mm D\u0142ugo\u015b\u0107 ostrza: 3-1\/2 cala Stal ostrza: 8Cr13MoV D\u0142ugo\u015b\u0107 r\u0119koje\u015bci\/materia\u0142: 4-7\/8 cala GFN (Camo) D\u0142ugo\u015b\u0107 ca\u0142kowita: 8-3\/8 cala Dodatkowe funkcje: Obur\u0119czna kiesze\u0144 \/ zaczep na pasek Typ no\u017ca: Sk\u0142adany Rodzina produkt\u00f3w: Double Safe Hunter Zakres d\u0142ugo\u015bci ostrza: 3-5 cali Stal Rodzina: MoV Kszta\u0142t ostrza: Clip Point Mechanizm blokuj\u0105cy: Blokada ko\u0142yskowa<\/p>\n<p>&nbsp;<\/p>\n","protected":false},"excerpt":{"rendered":"<p>Double Safe Hunter to my\u015bliwski n\u00f3\u017c roboczy, kt\u00f3ry zosta\u0142 zaprojektowany przez Andrew Demko z my\u015bl\u0105 o tym, \u017ce no\u017ce robocze s\u0105 poddawane du\u017cym obci\u0105\u017ceniom i cz\u0119sto si\u0119 gubi\u0105.<\/p>\n","protected":false},"featured_media":325368,"comment_status":"open","ping_status":"closed","template":"","meta":[],"pwb-brand":[3596],"product_brand":[],"product_cat":[3296,3307],"product_tag":[],"class_list":{"0":"post-325367","1":"product","2":"type-product","3":"status-publish","4":"has-post-thumbnail","6":"pwb-brand-zimna-stal","7":"product_cat-noze-pl","8":"product_cat-zamykanie-nozy","10":"first","11":"instock","12":"taxable","13":"shipping-taxable","14":"purchasable","15":"product-type-simple"},"brands":[{"id":3596,"name":"Zimna stal","slug":"zimna-stal"}],"_links":{"self":[{"href":"https:\/\/www.moskito.cz\/pl\/wp-json\/wp\/v2\/product\/325367","targetHints":{"allow":["GET"]}}],"collection":[{"href":"https:\/\/www.moskito.cz\/pl\/wp-json\/wp\/v2\/product"}],"about":[{"href":"https:\/\/www.moskito.cz\/pl\/wp-json\/wp\/v2\/types\/product"}],"replies":[{"embeddable":true,"href":"https:\/\/www.moskito.cz\/pl\/wp-json\/wp\/v2\/comments?post=325367"}],"wp:featuredmedia":[{"embeddable":true,"href":"https:\/\/www.moskito.cz\/pl\/wp-json\/wp\/v2\/media\/325368"}],"wp:attachment":[{"href":"https:\/\/www.moskito.cz\/pl\/wp-json\/wp\/v2\/media?parent=325367"}],"wp:term":[{"taxonomy":"pwb-brand","embeddable":true,"href":"https:\/\/www.moskito.cz\/pl\/wp-json\/wp\/v2\/pwb-brand?post=325367"},{"taxonomy":"product_brand","embeddable":true,"href":"https:\/\/www.moskito.cz\/pl\/wp-json\/wp\/v2\/product_brand?post=325367"},{"taxonomy":"product_cat","embeddable":true,"href":"https:\/\/www.moskito.cz\/pl\/wp-json\/wp\/v2\/product_cat?post=325367"},{"taxonomy":"product_tag","embeddable":true,"href":"https:\/\/www.moskito.cz\/pl\/wp-json\/wp\/v2\/product_tag?post=325367"}],"curies":[{"name":"wp","href":"https:\/\/api.w.org\/{rel}","templated":true}]}}