{"id":325384,"date":"2021-05-18T21:14:52","date_gmt":"2021-05-18T20:14:52","guid":{"rendered":"https:\/\/www.moskito.cz\/produkt\/noz-mysliwski-beltrame-imit-ivory-bay\/"},"modified":"2025-05-07T11:08:17","modified_gmt":"2025-05-07T10:08:17","slug":"noz-mysliwski-beltrame-imit-ivory-bay","status":"publish","type":"product","link":"https:\/\/www.moskito.cz\/pl\/produkt\/noz-mysliwski-beltrame-imit-ivory-bay\/","title":{"rendered":"N\u00f3\u017c my\u015bliwski Beltrame Imit Ivory Bay"},"content":{"rendered":"<p>N\u00f3\u017c my\u015bliwski <strong>Beltrame<\/strong> Imit Ivory Bay.<\/p>\n<p>N\u00f3\u017c zamykaj\u0105cy Stiletto Ivory (Ivory) &#8211; najs\u0142ynniejszy automatyczny sztylet!<\/p>\n<p>N\u00f3\u017c zamykaj\u0105cy Franka Beltrama to klasyczny mandryn o niezwyk\u0142ej urodzie i wdzi\u0119ku. D\u0142ugie, lekkie i bardzo ostre.<\/p>\n<p>D\u0142ugo\u015b\u0107 ostrza (mm\/cale) 222 mm\/9&#8243;<br \/>\nD\u0142ugo\u015b\u0107 z\u0142o\u017conego no\u017ca (mm) 125<br \/>\nD\u0142ugo\u015b\u0107 ostrza (mm) 100<br \/>\nGrubo\u015b\u0107 ostrza (mm) 3 mm \/ 0,12 cala<br \/>\nBagnet typu ostrzowego<br \/>\nMateria\u0142 ostrza Stal nierdzewna AISI 420<br \/>\nWyko\u0144czenie ze stali nierdzewnej<br \/>\nObrotowa blokada podk\u0142adki<br \/>\nMateria\u0142 r\u0119koje\u015bci tworzywo sztuczne, imitacja ko\u015bci s\u0142oniowej<br \/>\nWaga (g) 110<br \/>\nNazwany n\u00f3\u017c sk\u0142adany ma ostrze przypominaj\u0105ce ig\u0142\u0119<br \/>\nKraj W\u0142ochy<\/p>\n","protected":false},"excerpt":{"rendered":"<p>No\u017ce <strong>Beltrame<\/strong> produkowane s\u0105 we W\u0142oszech od 1953 roku. Firma zosta\u0142a za\u0142o\u017cona przez Franka Beltrama. Sekret wytwarzania tych no\u017cy Stiletto jest cz\u0119\u015bci\u0105 historii Maniago, kt\u00f3ra by\u0142a przekazywana z ojca na syna.<br \/>\n<strong>Wyprodukowane we W\u0142oszech.<\/strong><\/p>\n","protected":false},"featured_media":325385,"comment_status":"open","ping_status":"closed","template":"","meta":[],"pwb-brand":[3538],"product_brand":[],"product_cat":[3344,3296],"product_tag":[],"class_list":{"0":"post-325384","1":"product","2":"type-product","3":"status-publish","4":"has-post-thumbnail","6":"pwb-brand-beltrame-pl","7":"product_cat-noze-strzeleckie","8":"product_cat-noze-pl","10":"first","11":"instock","12":"taxable","13":"shipping-taxable","14":"purchasable","15":"product-type-simple"},"brands":[{"id":3538,"name":"Beltrame","slug":"beltrame-pl"}],"_links":{"self":[{"href":"https:\/\/www.moskito.cz\/pl\/wp-json\/wp\/v2\/product\/325384","targetHints":{"allow":["GET"]}}],"collection":[{"href":"https:\/\/www.moskito.cz\/pl\/wp-json\/wp\/v2\/product"}],"about":[{"href":"https:\/\/www.moskito.cz\/pl\/wp-json\/wp\/v2\/types\/product"}],"replies":[{"embeddable":true,"href":"https:\/\/www.moskito.cz\/pl\/wp-json\/wp\/v2\/comments?post=325384"}],"wp:featuredmedia":[{"embeddable":true,"href":"https:\/\/www.moskito.cz\/pl\/wp-json\/wp\/v2\/media\/325385"}],"wp:attachment":[{"href":"https:\/\/www.moskito.cz\/pl\/wp-json\/wp\/v2\/media?parent=325384"}],"wp:term":[{"taxonomy":"pwb-brand","embeddable":true,"href":"https:\/\/www.moskito.cz\/pl\/wp-json\/wp\/v2\/pwb-brand?post=325384"},{"taxonomy":"product_brand","embeddable":true,"href":"https:\/\/www.moskito.cz\/pl\/wp-json\/wp\/v2\/product_brand?post=325384"},{"taxonomy":"product_cat","embeddable":true,"href":"https:\/\/www.moskito.cz\/pl\/wp-json\/wp\/v2\/product_cat?post=325384"},{"taxonomy":"product_tag","embeddable":true,"href":"https:\/\/www.moskito.cz\/pl\/wp-json\/wp\/v2\/product_tag?post=325384"}],"curies":[{"name":"wp","href":"https:\/\/api.w.org\/{rel}","templated":true}]}}