{"id":325400,"date":"2021-05-18T20:38:21","date_gmt":"2021-05-18T19:38:21","guid":{"rendered":"https:\/\/www.moskito.cz\/produkt\/noz-strzelecki-beltrame-bayonet-23-37b\/"},"modified":"2025-05-07T11:08:17","modified_gmt":"2025-05-07T10:08:17","slug":"noz-strzelecki-beltrame-bayonet-23-37b","status":"publish","type":"product","link":"https:\/\/www.moskito.cz\/pl\/produkt\/noz-strzelecki-beltrame-bayonet-23-37b\/","title":{"rendered":"N\u00f3\u017c strzelecki Beltrame Bayonet 23\/37B"},"content":{"rendered":"<p>N\u00f3\u017c strzelecki <strong>Beltrame<\/strong> Bayonet 23\/37B<\/p>\n<p>Klasyczny w\u0142oski bagnet ig\u0142owy czarny 23 cm, tradycyjny w\u0142oski n\u00f3\u017c spr\u0119\u017cynowy. Wykonane w ca\u0142o\u015bci r\u0119cznie, zgodnie z zasadami w\u0142oskiego rzemios\u0142a, no\u017ce Frank Beltrame Stiletto zas\u0142yn\u0119\u0142y na ca\u0142ym \u015bwiecie dzi\u0119ki swojej wyj\u0105tkowej lekko\u015bci i trwa\u0142o\u015bci. Jego cechy sprawiaj\u0105, \u017ce w\u0142oski sztylet nadaje si\u0119 do u\u017cycia w ka\u017cdym \u015brodowisku, od polowania po biwakowanie. Mocna, trwa\u0142a konstrukcja, mocna spr\u0119\u017cyna otwieraj\u0105ca ostrze to znak rozpoznawczy klasycznych w\u0142oskich pas\u00f3w spr\u0119\u017cynowych Franka Beltrame.<\/p>\n<p>R\u0119koje\u015b\u0107 &#8211; pokryta czarn\u0105, tward\u0105 pow\u0142ok\u0105 polimerow\u0105, wyko\u0144czona polerowanymi niklowymi podk\u0142adkami, zapewnia wygodny i pewny chwyt. Bezpiecze\u0144stwo u\u017cytkowania zwi\u0119ksza ergonomiczny kszta\u0142t r\u0119koje\u015bci, kt\u00f3ry zapobiega \u015blizganiu si\u0119 d\u0142oni podczas pracy. Nity mosi\u0119\u017cne.<\/p>\n<p>Blokada &#8211; zapobiega przypadkowemu z\u0142o\u017ceniu lub otwarciu ostrza. Otwieranie no\u017ca automatycznego odbywa si\u0119 za pomoc\u0105 sta\u0142ego przycisku umieszczonego na r\u0119koje\u015bci.<\/p>\n<p>Spr\u0119\u017cyna &#8211; szczeg\u00f3ln\u0105 uwag\u0119 zwr\u00f3cono na konstrukcj\u0119 spr\u0119\u017cyny (stal nierdzewna): ostrze musi otworzy\u0107 si\u0119 w ci\u0105gu kilku setnych sekundy (cecha no\u017cy Stiletto). Komponent Beltrame zapewnia charakterystyczny d\u017awi\u0119k (klikni\u0119cie) podczas otwierania ostrza, co odr\u00f3\u017cnia go od innych no\u017cy spr\u0119\u017cynowych.<\/p>\n<p>G\u0142ownia &#8211; niezwykle ostra o profilu Spear Point, grubo\u015bci 3.5 mm z kr\u00f3tkim fa\u0142szywym ostrzem zwi\u0119kszaj\u0105cym w\u0142a\u015bciwo\u015bci przebijaj\u0105ce. Wykonane z \u0142atwo ostrz\u0105cej si\u0119 stali nierdzewnej AISI 420 MA5M, kt\u00f3ra charakteryzuje si\u0119 du\u017c\u0105 odporno\u015bci\u0105 na korozj\u0119. Stal hartowana 56 HRC. Ostrze p\u0142askie, pochodz\u0105ce ze szlifu p\u0142askiego, zapewniaj\u0105ce dobre w\u0142a\u015bciwo\u015bci tn\u0105ce i penetruj\u0105ce. Stalowa os\u0142ona chroni d\u0142o\u0144 przed przypadkowym ze\u015blizgni\u0119ciem si\u0119 i umo\u017cliwia z\u0142o\u017cenie ostrza po naci\u015bni\u0119ciu.<\/p>\n<p>Dane techniczne:<br \/>\nNumer produktu: FB 23 \/ 37B<br \/>\nNazwa: Klasyczny w\u0142oski bagnet czarny szpilka 23<br \/>\nRodzaj stali: AISI 420 MA5M<br \/>\nTwardo\u015b\u0107 ostrza Rockwella: 56 HRC<br \/>\nD\u0142ugo\u015b\u0107 ostrza: 98mm \/ 3,86&#8243;<br \/>\nGrubo\u015b\u0107 ostrza: 35 mm \/ 1,13&#8243;<br \/>\nD\u0142ugo\u015b\u0107 ca\u0142kowita: 230 mm<br \/>\n: Waga: 108 g<br \/>\nOstrze: G\u0142adkie<br \/>\nTyp ostrza: Szpic w\u0142\u00f3czni<br \/>\nBlokada no\u017ca: Tak<br \/>\nTyp uchwytu: Plastikowy<br \/>\nProducent: F.LLI Beltrame, W\u0142ochy<\/p>\n","protected":false},"excerpt":{"rendered":"<p>No\u017ce <strong>Beltrame<\/strong> produkowane s\u0105 we W\u0142oszech od 1953 roku. Firma zosta\u0142a za\u0142o\u017cona przez Franka Beltrama. Sekret wytwarzania tych no\u017cy Stiletto jest cz\u0119\u015bci\u0105 historii Maniago, kt\u00f3ra by\u0142a przekazywana z ojca na syna.<br \/>\n<strong>Wyprodukowane we W\u0142oszech.<\/strong><\/p>\n","protected":false},"featured_media":325401,"comment_status":"open","ping_status":"closed","template":"","meta":[],"pwb-brand":[3538],"product_brand":[],"product_cat":[3344,3296],"product_tag":[],"class_list":{"0":"post-325400","1":"product","2":"type-product","3":"status-publish","4":"has-post-thumbnail","6":"pwb-brand-beltrame-pl","7":"product_cat-noze-strzeleckie","8":"product_cat-noze-pl","10":"first","11":"instock","12":"taxable","13":"shipping-taxable","14":"purchasable","15":"product-type-simple"},"brands":[{"id":3538,"name":"Beltrame","slug":"beltrame-pl"}],"_links":{"self":[{"href":"https:\/\/www.moskito.cz\/pl\/wp-json\/wp\/v2\/product\/325400","targetHints":{"allow":["GET"]}}],"collection":[{"href":"https:\/\/www.moskito.cz\/pl\/wp-json\/wp\/v2\/product"}],"about":[{"href":"https:\/\/www.moskito.cz\/pl\/wp-json\/wp\/v2\/types\/product"}],"replies":[{"embeddable":true,"href":"https:\/\/www.moskito.cz\/pl\/wp-json\/wp\/v2\/comments?post=325400"}],"wp:featuredmedia":[{"embeddable":true,"href":"https:\/\/www.moskito.cz\/pl\/wp-json\/wp\/v2\/media\/325401"}],"wp:attachment":[{"href":"https:\/\/www.moskito.cz\/pl\/wp-json\/wp\/v2\/media?parent=325400"}],"wp:term":[{"taxonomy":"pwb-brand","embeddable":true,"href":"https:\/\/www.moskito.cz\/pl\/wp-json\/wp\/v2\/pwb-brand?post=325400"},{"taxonomy":"product_brand","embeddable":true,"href":"https:\/\/www.moskito.cz\/pl\/wp-json\/wp\/v2\/product_brand?post=325400"},{"taxonomy":"product_cat","embeddable":true,"href":"https:\/\/www.moskito.cz\/pl\/wp-json\/wp\/v2\/product_cat?post=325400"},{"taxonomy":"product_tag","embeddable":true,"href":"https:\/\/www.moskito.cz\/pl\/wp-json\/wp\/v2\/product_tag?post=325400"}],"curies":[{"name":"wp","href":"https:\/\/api.w.org\/{rel}","templated":true}]}}