{"id":325417,"date":"2020-10-21T15:18:43","date_gmt":"2020-10-21T14:18:43","guid":{"rendered":"https:\/\/www.moskito.cz\/produkt\/noz-mysliwski-beltrame-classic-bone-bayonet\/"},"modified":"2025-12-22T16:01:55","modified_gmt":"2025-12-22T15:01:55","slug":"noz-mysliwski-beltrame-classic-bone-bayonet","status":"publish","type":"product","link":"https:\/\/www.moskito.cz\/pl\/produkt\/noz-mysliwski-beltrame-classic-bone-bayonet\/","title":{"rendered":"Bagnet Beltrame Classic Bone 23 cm"},"content":{"rendered":"<div class=\"flex-1 overflow-hidden @container\/thread\">\n<div class=\"h-full\">\n<div class=\"react-scroll-to-bottom--css-quzxw-79elbk h-full\">\n<div class=\"react-scroll-to-bottom--css-quzxw-1n7m0yu\">\n<div class=\"flex flex-col text-sm\">\n<article class=\"w-full scroll-mb-[var(--thread-trailing-height,150px)] text-token-text-primary focus-visible:outline-2 focus-visible:outline-offset-[-4px]\" dir=\"auto\" data-testid=\"conversation-turn-61\" data-scroll-anchor=\"true\">\n<div class=\"m-auto text-base py-[18px] px-3 md:px-4 w-full md:px-5 lg:px-4 xl:px-5\">\n<div class=\"mx-auto flex flex-1 gap-4 text-base md:gap-5 lg:gap-6 md:max-w-3xl\">\n<div class=\"group\/conversation-turn relative flex w-full min-w-0 flex-col agent-turn\">\n<div class=\"flex-col gap-1 md:gap-3\">\n<div class=\"flex max-w-full flex-col flex-grow\">\n<div class=\"min-h-8 text-message flex w-full flex-col items-end gap-2 whitespace-normal break-words text-start [.text-message+&amp;]:mt-5\" dir=\"auto\" data-message-author-role=\"assistant\" data-message-id=\"f710b637-5037-4e50-84e6-4ac6fb6e6e91\" data-message-model-slug=\"gpt-4o-mini\">\n<div class=\"flex w-full flex-col gap-1 empty:hidden first:pt-[3px]\">\n<div class=\"markdown prose w-full break-words dark:prose-invert light\">\n<h1 data-pm-slice=\"1 1 []\">\ud83d\udde1\ufe0f <strong>N\u00f3\u017c wyrzutowy Beltrame Classic Bone Bayonet 23 cm &#8211; tradycyjna elegancja w luksusowym wydaniu<\/strong><\/h1>\n<p><strong>Beltrame Classic Bone Bayonet 23 cm<\/strong> to <strong>klasyczny w\u0142oski n\u00f3\u017c typu switchblade<\/strong>, kt\u00f3ry wyr\u00f3\u017cnia si\u0119 <strong>eleganckim designem i wysok\u0105 jako\u015bci\u0105 wykonania<\/strong>. R\u0119koje\u015b\u0107 z prawdziwej ko\u015bci nadaje no\u017cowi <strong>luksusowy<\/strong> wygl\u0105d, a <strong>precyzyjne ostrze bagnetowe ze stali nierdzewnej<\/strong> zapewnia niezawodne dzia\u0142anie. <\/p>\n<h2><strong>Kluczowe cechy<\/strong><\/h2>\n<p>\ud83d\udd2a  <strong>Ostrze:<\/strong> Stal nierdzewna <strong>440A<\/strong> &#8211; <strong>odporna na korozj\u0119, \u0142atwa do naostrzenia<\/strong><br \/>\n\ud83d\udccf <strong>D\u0142ugo\u015b\u0107 ostrza<\/strong> <strong>:<\/strong> <strong>10 cm<\/strong> &#8211; <strong>praktyczny i uniwersalny rozmiar<\/strong><br \/>\n\ud83d\udcd0 <strong>D\u0142ugo\u015b\u0107 ca\u0142kowita:<\/strong> <strong>23 cm<\/strong> &#8211; <strong>kompaktowy, ale wci\u0105\u017c \u0142atwy w obs\u0142udze<\/strong><br \/>\n\u2696\ufe0f <strong>Waga:<\/strong> ok. <strong>140 g<\/strong> -&#8230;          <strong>lekki i wywa\u017cony dla wygodnego u\u017cytkowania<\/strong><br \/>\n\ud83d\udd04 <strong>Mechanizm<\/strong>: przycisk boczny &#8211; <strong>szybkie i niezawodne otwieranie<\/strong><br \/>\n\ud83d\udd17 <strong>Bezpiecze\u0144stwo:<\/strong> blokada tylna &#8211; <strong>zapewnia bezpieczne przenoszenie i obs\u0142ug\u0119<\/strong><br \/>\n\ud83c\udfa8 <strong>Uchwyt:<\/strong> prawdziwa ko\u015b\u0107 &#8211;       <strong>Luksusowy, mocny i trwa\u0142y<\/strong><\/p>\n<h2>\ud83d\udccc <strong>Zastosowanie<\/strong><\/h2>\n<p>\u2705  <strong>Klasyczny przedmiot kolekcjonerski<\/strong> &#8211; odpowiedni dla fan\u00f3w tradycyjnych w\u0142oskich no\u017cy<br \/>\n\u2705  <strong>Praktyczny i elegancki dodatek<\/strong> &#8211; idealny do noszenia na co dzie\u0144<br \/>\n\u2705  <strong>Niezawodny mechanizm wyrzutowy<\/strong> &#8211; szybki i wygodny w u\u017cyciu<\/p>\n<h2>\ud83d\udd27 <strong>Konserwacja i szlifowanie<\/strong><\/h2>\n<p><strong>Czyszczenie:<\/strong> po u\u017cyciu nale\u017cy przetrze\u0107 ostrze <strong>such\u0105 szmatk\u0105<\/strong> i regularnie smarowa\u0107 mechanizm.<br \/>\n<strong>Szlifowanie:<\/strong> Zaleca si\u0119 stosowanie <strong>szlifierek ceramicznych lub diamentowych<\/strong> w celu utrzymania ostro\u015bci.<br \/>\n\ud83c\udf21\ufe0f <strong>Przechowywanie:<\/strong> przechowywa\u0107 w <strong>suchym miejscu<\/strong>, aby zachowa\u0107 jako\u015b\u0107 materia\u0142\u00f3w.  <\/p>\n<h2>\u2705 <strong>Korzy\u015bci<\/strong><\/h2>\n<p>\u2714\ufe0f <strong>Luksusowy wygl\u0105d<\/strong> &#8211; prawdziwa ko\u015b\u0107 nadaje no\u017cowi <strong>elegancji i wyj\u0105tkowo\u015bci<\/strong><br \/>\n\u2714\ufe0f <strong>Trwa\u0142e ostrze ze stali nierdzewnej<\/strong> &#8211; \u0142atwa konserwacja i d\u0142uga \u017cywotno\u015b\u0107<br \/>\n\u2714\ufe0f <strong>Szybki i niezawodny mechanizm<\/strong> &#8211; natychmiastowe otwarcie za naci\u015bni\u0119ciem przycisku<br \/>\n\u2714\ufe0f <strong>Lekka i kompaktowa konstrukcja<\/strong> &#8211; idealna do przenoszenia i eksponowania w kolekcji <\/p>\n<h2>\u274c <strong>Wady<\/strong><\/h2>\n<p><strong>Uchwyt z prawej ko\u015bci<\/strong> &#8211; mo\u017ce by\u0107 bardziej wra\u017cliwy na wilgo\u0107 i wstrz\u0105sy<br \/>\n<strong>Nie jest przeznaczony do intensywnego u\u017cytkowania<\/strong> &#8211; bardziej nadaje si\u0119 jako stylowy n\u00f3\u017c ni\u017c narz\u0119dzie robocze.<br \/>\nWymaga <strong>regularnej konserwacji<\/strong> &#8211; smarowania i czyszczenia mechanizmu w celu zapewnienia d\u0142ugotrwa\u0142ej funkcjonalno\u015bci. <\/p>\n<h2>\ud83d\udd1a <strong>Wniosek<\/strong><\/h2>\n<p><strong>Beltrame Classic Bone Bayonet 23 cm<\/strong> to <strong>wyj\u0105tkowy n\u00f3\u017c \u0142\u0105cz\u0105cy<\/strong> <strong>tradycyjn\u0105 w\u0142osk\u0105 jako\u015b\u0107 z luksusowymi materia\u0142ami<\/strong>. Jest idealny dla kolekcjoner\u00f3w, entuzjast\u00f3w no\u017cy i tych, kt\u00f3rzy chc\u0105 <strong>eleganckiego i stylowego no\u017ca z historycznym akcentem<\/strong>. <\/p>\n<p><strong>Zam\u00f3w teraz i dodaj kawa\u0142ek prawdziwej w\u0142oskiej tradycji do swojej kolekcji!<\/strong> \ud83d\uded2<\/p>\n<\/div>\n<\/div>\n<\/div>\n<\/div>\n<\/div>\n<\/div>\n<\/div>\n<\/div>\n<\/article>\n<\/div>\n<\/div>\n<\/div>\n<\/div>\n<\/div>\n","protected":false},"excerpt":{"rendered":"<p><strong>Beltrame Classic Bone Bayonet 23 cm to wyj\u0105tkowy n\u00f3\u017c \u0142\u0105cz\u0105cy tradycyjn\u0105 w\u0142osk\u0105 jako\u015b\u0107 z luksusowymi materia\u0142ami. Jest idealny dla kolekcjoner\u00f3w, entuzjast\u00f3w no\u017cy i tych, kt\u00f3rzy chc\u0105 eleganckiego i stylowego no\u017ca z historycznym akcentem. <\/strong><\/p>\n","protected":false},"featured_media":176147,"comment_status":"open","ping_status":"closed","template":"","meta":[],"pwb-brand":[3538],"product_brand":[],"product_cat":[3344,3296],"product_tag":[],"class_list":{"0":"post-325417","1":"product","2":"type-product","3":"status-publish","4":"has-post-thumbnail","6":"pwb-brand-beltrame-pl","7":"product_cat-noze-strzeleckie","8":"product_cat-noze-pl","10":"first","11":"instock","12":"taxable","13":"shipping-taxable","14":"purchasable","15":"product-type-simple"},"brands":[{"id":3538,"name":"Beltrame","slug":"beltrame-pl"}],"_links":{"self":[{"href":"https:\/\/www.moskito.cz\/pl\/wp-json\/wp\/v2\/product\/325417","targetHints":{"allow":["GET"]}}],"collection":[{"href":"https:\/\/www.moskito.cz\/pl\/wp-json\/wp\/v2\/product"}],"about":[{"href":"https:\/\/www.moskito.cz\/pl\/wp-json\/wp\/v2\/types\/product"}],"replies":[{"embeddable":true,"href":"https:\/\/www.moskito.cz\/pl\/wp-json\/wp\/v2\/comments?post=325417"}],"wp:featuredmedia":[{"embeddable":true,"href":"https:\/\/www.moskito.cz\/pl\/wp-json\/wp\/v2\/media\/176147"}],"wp:attachment":[{"href":"https:\/\/www.moskito.cz\/pl\/wp-json\/wp\/v2\/media?parent=325417"}],"wp:term":[{"taxonomy":"pwb-brand","embeddable":true,"href":"https:\/\/www.moskito.cz\/pl\/wp-json\/wp\/v2\/pwb-brand?post=325417"},{"taxonomy":"product_brand","embeddable":true,"href":"https:\/\/www.moskito.cz\/pl\/wp-json\/wp\/v2\/product_brand?post=325417"},{"taxonomy":"product_cat","embeddable":true,"href":"https:\/\/www.moskito.cz\/pl\/wp-json\/wp\/v2\/product_cat?post=325417"},{"taxonomy":"product_tag","embeddable":true,"href":"https:\/\/www.moskito.cz\/pl\/wp-json\/wp\/v2\/product_tag?post=325417"}],"curies":[{"name":"wp","href":"https:\/\/api.w.org\/{rel}","templated":true}]}}