{"id":325420,"date":"2020-10-09T17:12:13","date_gmt":"2020-10-09T16:12:13","guid":{"rendered":"https:\/\/www.moskito.cz\/produkt\/noz-strzelecki-beltrame-stiletto-pearl-bayonet\/"},"modified":"2025-07-11T07:52:46","modified_gmt":"2025-07-11T06:52:46","slug":"noz-strzelecki-beltrame-stiletto-pearl-bayonet","status":"publish","type":"product","link":"https:\/\/www.moskito.cz\/pl\/produkt\/noz-strzelecki-beltrame-stiletto-pearl-bayonet\/","title":{"rendered":"N\u00f3\u017c strzelecki Beltrame Stiletto Pearl Bayonet"},"content":{"rendered":"<p>N\u00f3\u017c strzelecki <strong>Beltrame<\/strong> Stiletto Pearl Bayonet.<br \/>\nN\u00f3\u017c boczny do strzelania z zabezpieczeniem na kolbie. Trzon wykonany jest z bia\u0142ej masy per\u0142owej, ostrze ze stali 420 (twardo\u015b\u0107 od 54 do 56 HRC). D\u0142ugo\u015b\u0107 w stanie otwartym 23 cm, d\u0142ugo\u015b\u0107 ostrza 9,8 cm.<\/p>\n<p>No\u017ce <strong>Beltrame<\/strong> produkowane s\u0105 we W\u0142oszech od 1953 roku. Firma zosta\u0142a za\u0142o\u017cona przez Franka Beltrama. Sekret wytwarzania tych no\u017cy Stiletto jest cz\u0119\u015bci\u0105 historii Maniago, kt\u00f3ra by\u0142a przekazywana z ojca na syna. Jako ma\u0142y ch\u0142opiec Frank pomaga\u0142 w fabryce swojego ojca, gdzie p\u00f3\u017aniej rozpocz\u0105\u0142 prac\u0119 jako ucze\u0144 ojca. Ponadto ucz\u0119szcza\u0142 do szko\u0142y tradycyjnych sztu\u0107c\u00f3w, gdzie pozna\u0142 r\u00f3\u017cne materia\u0142y, najnowsze technologie przetwarzania i r\u00f3\u017cne style projektowania. W 1958 roku Frank i jego rodzina zacz\u0119li produkowa\u0107 no\u017ce automatyczne. Rok po tym, jak ojciec Franka zmar\u0142 na zawa\u0142 serca podczas pracy w fabryce, Frank za\u0142o\u017cy\u0142 firm\u0119 <strong>Beltrame<\/strong> . W kolejnych latach kontynuowa\u0142 nauk\u0119 i badania no\u017cy, odpowiednich materia\u0142\u00f3w i konstrukcji. Po kr\u00f3tkim czasie na rynku pojawi\u0142y si\u0119 tanie imitacje z Tajwanu, tradycyjne w\u0142oskie no\u017ce Stiletto. Frank musia\u0142 zatem stawi\u0107 czo\u0142a nowemu problemowi. Na szcz\u0119\u015bcie jako\u015b\u0107 tych tanich no\u017cy m\u00f3wi sama za siebie, ka\u017cdy kolekcjoner wie, \u017ce nie da si\u0119 ich por\u00f3wna\u0107 do prawdziwego sztyletu Beltrame. No\u017ce Beltrame zdoby\u0142y uznanie najbardziej wymagaj\u0105cych klient\u00f3w na \u015bwiecie dzi\u0119ki pasji Franka do tych no\u017cy. Wykonuj\u0105c no\u017ce wykorzystuje swoje wieloletnie do\u015bwiadczenie, kt\u00f3re naby\u0142 ju\u017c w m\u0142odym wieku. W 2005 roku no\u017ce Beltrame otrzyma\u0142y certyfikat jako\u015bci Maniago, kt\u00f3rym przekroczy\u0142y europejskie standardy jako\u015bci. Oznacza to, \u017ce te no\u017ce s\u0105 co roku testowane pod k\u0105tem jako\u015bci materia\u0142u.<\/p>\n<p>Do odblokowania ostrza s\u0142u\u017cy obrotowy wspornik wykonany ze stali nierdzewnej lub niklowanego srebra, wykonany r\u00f3wnie\u017c ze stali nierdzewnej AISI 420 nierdzewnej MA5M HRC 56. Otwarcie odbywa si\u0119 za pomoc\u0105 przycisku umieszczonego na \u015brodku klamki.<\/p>\n<p>Opis<br \/>\nDo odblokowania ostrza s\u0142u\u017cy obrotowy wspornik wykonany ze stali nierdzewnej lub niklowanego srebra, wykonany r\u00f3wnie\u017c ze stali nierdzewnej AISI 420 nierdzewnej MA5M HRC 56. Otwarcie odbywa si\u0119 za pomoc\u0105 przycisku umieszczonego na \u015brodku klamki.<br \/>\nR\u0119koje\u015bci mog\u0105 by\u0107 wykonane z kolorowego plastiku: bia\u0142ego, czarno-czerwonego, niebiesko-zielonego, ciemnego rogu, jasnego rogu i brazylijskiego rogu, palisandru, cocobolo, drewna oliwnego, w\u0119\u017ca, jelenia, ko\u015bci, uchowca i masy per\u0142owej.<br \/>\nWk\u0142adki wykonane s\u0105 z mosi\u0105dzu, a spr\u0119\u017cyna ze stali nierdzewnej montowana i sk\u0142adana r\u0119cznie przez <strong>Franka Beltrame<\/strong> , nigdy maszynowo.<br \/>\nNity na uchwytach wykonane s\u0105 z mosi\u0105dzu<br \/>\nModel Classic jest w ca\u0142o\u015bci montowany r\u0119cznie z precyzj\u0105 i dok\u0142adno\u015bci\u0105 oraz ma r\u0119cznie wykonane wyko\u0144czenie.<\/p>\n","protected":false},"excerpt":{"rendered":"<p>No\u017ce <strong>Beltrame<\/strong> produkowane s\u0105 we W\u0142oszech od 1953 roku. Firma zosta\u0142a za\u0142o\u017cona przez Franka Beltrama. Sekret wytwarzania tych no\u017cy Stiletto jest cz\u0119\u015bci\u0105 historii Maniago, kt\u00f3ra by\u0142a przekazywana z ojca na syna.<br \/>\n<strong>Wyprodukowane we W\u0142oszech.<\/strong><\/p>\n","protected":false},"featured_media":176132,"comment_status":"open","ping_status":"closed","template":"","meta":[],"pwb-brand":[3538],"product_brand":[],"product_cat":[3344,3296],"product_tag":[],"class_list":{"0":"post-325420","1":"product","2":"type-product","3":"status-publish","4":"has-post-thumbnail","6":"pwb-brand-beltrame-pl","7":"product_cat-noze-strzeleckie","8":"product_cat-noze-pl","10":"first","11":"instock","12":"taxable","13":"shipping-taxable","14":"purchasable","15":"product-type-simple"},"brands":[{"id":3538,"name":"Beltrame","slug":"beltrame-pl"}],"_links":{"self":[{"href":"https:\/\/www.moskito.cz\/pl\/wp-json\/wp\/v2\/product\/325420","targetHints":{"allow":["GET"]}}],"collection":[{"href":"https:\/\/www.moskito.cz\/pl\/wp-json\/wp\/v2\/product"}],"about":[{"href":"https:\/\/www.moskito.cz\/pl\/wp-json\/wp\/v2\/types\/product"}],"replies":[{"embeddable":true,"href":"https:\/\/www.moskito.cz\/pl\/wp-json\/wp\/v2\/comments?post=325420"}],"wp:featuredmedia":[{"embeddable":true,"href":"https:\/\/www.moskito.cz\/pl\/wp-json\/wp\/v2\/media\/176132"}],"wp:attachment":[{"href":"https:\/\/www.moskito.cz\/pl\/wp-json\/wp\/v2\/media?parent=325420"}],"wp:term":[{"taxonomy":"pwb-brand","embeddable":true,"href":"https:\/\/www.moskito.cz\/pl\/wp-json\/wp\/v2\/pwb-brand?post=325420"},{"taxonomy":"product_brand","embeddable":true,"href":"https:\/\/www.moskito.cz\/pl\/wp-json\/wp\/v2\/product_brand?post=325420"},{"taxonomy":"product_cat","embeddable":true,"href":"https:\/\/www.moskito.cz\/pl\/wp-json\/wp\/v2\/product_cat?post=325420"},{"taxonomy":"product_tag","embeddable":true,"href":"https:\/\/www.moskito.cz\/pl\/wp-json\/wp\/v2\/product_tag?post=325420"}],"curies":[{"name":"wp","href":"https:\/\/api.w.org\/{rel}","templated":true}]}}