{"id":325436,"date":"2022-08-19T22:03:22","date_gmt":"2024-04-05T09:12:32","guid":{"rendered":"https:\/\/www.moskito.cz\/produkt\/noz-zamykajacy-crkt-m16-02db\/"},"modified":"2025-05-07T11:08:21","modified_gmt":"2025-05-07T10:08:21","slug":"noz-zamykajacy-crkt-m16-02db","status":"publish","type":"product","link":"https:\/\/www.moskito.cz\/pl\/produkt\/noz-zamykajacy-crkt-m16-02db\/","title":{"rendered":"N\u00f3\u017c zamykaj\u0105cy CRKT M16-02DB"},"content":{"rendered":"<p>N\u00f3\u017c zamykaj\u0105cy <strong>CRKT<\/strong> M16-02DB.<\/p>\n<p>Odrodzony klasyk.<\/p>\n<p>Jak wzi\u0105\u0107 powszechnie uznany n\u00f3\u017c i uczyni\u0107 go trzy razy lepszym? Bior\u0105c legendarny projekt M16\u00ae, wyobra\u017cony przez jeden z najbardziej niezwyk\u0142ych no\u017cy w historii, i dodaj\u0105c trzy prze\u0142omowe innowacje: Deadbolt\u00ae, Assisted Opening i system sworznia z \u0142o\u017cyskiem kulkowym IKBS\u2122. Powracaj\u0105c z kompaktowym ostrzem tanto, M16\u00ae-02DB jest nie tylko zablokowany i za\u0142adowany, ale jego wdro\u017cenie jest teraz szybsze ni\u017c kiedykolwiek. Projektant no\u017cy Kit Carson da\u0142 nam przed laty ponadczasowy klasyk. Teraz powraca z zupe\u0142nie nowym dziedzictwem, kt\u00f3remu musi sprosta\u0107.<br \/>\nMocny i prosty: zamek Deadbolt\u00ae zapewnia niesamowit\u0105 wytrzyma\u0142o\u015b\u0107 i jest \u0142atwy w u\u017cyciu<br \/>\nWspomagane otwieranie: Flipper szybko rozk\u0142ada ostrze<br \/>\nP\u0142ynne otwieranie: sworze\u0144 z \u0142o\u017cyskiem kulkowym IKBS\u2122 p\u0142ynnie rozk\u0142ada ostrze<br \/>\nDoskona\u0142a wydajno\u015b\u0107: ostrze ze stali D2 zapewnia doskona\u0142e trzymanie ostrza<br \/>\nMocny i lekki: aluminiowy uchwyt \u0142\u0105czy w sobie wytrzyma\u0142o\u015b\u0107 z minimaln\u0105 wag\u0105<br \/>\nNiski profil: klips kieszeniowy zapewnia bezpieczne przenoszenie<\/p>\n<p>SPECYFIKACJE<br \/>\nD\u0142ugo\u015b\u0107 ostrza 3,12 cala (79,15 mm)<br \/>\nOstrze proste<br \/>\nOstrze ze stali D2<br \/>\nWyko\u0144czenie ostrza typu stonewash<br \/>\nGrubo\u015b\u0107 ostrza 0,12 cala (2,95 mm)<br \/>\nD\u0142ugo\u015b\u0107 ca\u0142kowita 7,38 cala (187,33 mm)<br \/>\nD\u0142ugo\u015b\u0107 po zamkni\u0119ciu 4,28 cala (108,59 mm)<br \/>\nWaga 4,00 uncji (113,40 g)<br \/>\nUchwyt aluminiowy<br \/>\nStylowy n\u00f3\u017c sk\u0142adany z blokad\u0105 Deadbolt\u00ae<\/p>\n","protected":false},"excerpt":{"rendered":"<p><strong>Zaprojektowany przez Kita Carsona w Vine Grove w stanie Kentucky.<\/strong><\/p>\n<p><strong>Bezp\u0142atny transport.<\/strong><\/p>\n","protected":false},"featured_media":325443,"comment_status":"open","ping_status":"closed","template":"","meta":[],"pwb-brand":[3458],"product_brand":[],"product_cat":[3307,3296],"product_tag":[3671],"class_list":{"0":"post-325436","1":"product","2":"type-product","3":"status-publish","4":"has-post-thumbnail","6":"pwb-brand-crkt-pl","7":"product_cat-zamykanie-nozy","8":"product_cat-noze-pl","9":"product_tag-b2b-pl","11":"first","12":"instock","13":"sale","14":"taxable","15":"shipping-taxable","16":"purchasable","17":"product-type-simple"},"brands":[{"id":3458,"name":"CRKT","slug":"crkt-pl"}],"_links":{"self":[{"href":"https:\/\/www.moskito.cz\/pl\/wp-json\/wp\/v2\/product\/325436","targetHints":{"allow":["GET"]}}],"collection":[{"href":"https:\/\/www.moskito.cz\/pl\/wp-json\/wp\/v2\/product"}],"about":[{"href":"https:\/\/www.moskito.cz\/pl\/wp-json\/wp\/v2\/types\/product"}],"replies":[{"embeddable":true,"href":"https:\/\/www.moskito.cz\/pl\/wp-json\/wp\/v2\/comments?post=325436"}],"wp:featuredmedia":[{"embeddable":true,"href":"https:\/\/www.moskito.cz\/pl\/wp-json\/wp\/v2\/media\/325443"}],"wp:attachment":[{"href":"https:\/\/www.moskito.cz\/pl\/wp-json\/wp\/v2\/media?parent=325436"}],"wp:term":[{"taxonomy":"pwb-brand","embeddable":true,"href":"https:\/\/www.moskito.cz\/pl\/wp-json\/wp\/v2\/pwb-brand?post=325436"},{"taxonomy":"product_brand","embeddable":true,"href":"https:\/\/www.moskito.cz\/pl\/wp-json\/wp\/v2\/product_brand?post=325436"},{"taxonomy":"product_cat","embeddable":true,"href":"https:\/\/www.moskito.cz\/pl\/wp-json\/wp\/v2\/product_cat?post=325436"},{"taxonomy":"product_tag","embeddable":true,"href":"https:\/\/www.moskito.cz\/pl\/wp-json\/wp\/v2\/product_tag?post=325436"}],"curies":[{"name":"wp","href":"https:\/\/api.w.org\/{rel}","templated":true}]}}