{"id":325472,"date":"2023-09-28T16:00:03","date_gmt":"2024-04-05T09:24:22","guid":{"rendered":"https:\/\/www.moskito.cz\/produkt\/noz-zamykajacy-crkt-zaplonnik-wspomagany-6885\/"},"modified":"2025-05-07T11:08:22","modified_gmt":"2025-05-07T10:08:22","slug":"noz-zamykajacy-crkt-zaplonnik-wspomagany-6885","status":"publish","type":"product","link":"https:\/\/www.moskito.cz\/pl\/produkt\/noz-zamykajacy-crkt-zaplonnik-wspomagany-6885\/","title":{"rendered":"N\u00f3\u017c zamykaj\u0105cy CRKT Zap\u0142onnik wspomagany 6885"},"content":{"rendered":"<p>N\u00f3\u017c zamykaj\u0105cy <strong>CRKT<\/strong> Zap\u0142onnik wspomagany 6885<\/p>\n<p>Idealne po\u0142\u0105czenie formy i funkcjonalno\u015bci.<\/p>\n<p>Ignitor\u2122 jest zbudowany na tej samej eleganckiej ramie, co wersja standardowa, z g\u0142\u0119bokim wyczuciem palca i koj\u0105c\u0105 g\u0142\u00f3wk\u0105, kt\u00f3ra doskonale le\u017cy w d\u0142oni. Ale nowa iteracja zapewnia jeszcze wi\u0119ksz\u0105 wszechstronno\u015b\u0107. Nadal wykorzystuje szybkie wspomagane otwieranie, g\u0142adkie \u0142o\u017cyska IKBS i \u0142atw\u0105 do naostrzenia stal wysokow\u0119glow\u0105, ale 3,5-calowe ostrze typu drop-point jest teraz pokryte pow\u0142ok\u0105 zapewniaj\u0105c\u0105 odporno\u015b\u0107 na korozj\u0119 i wyposa\u017cone w Veff Serration\u2122 do przecinania lin i innych w\u0142\u00f3kien. materia\u0142.<\/p>\n<p>Wspomagane otwieranie: Flipper szybko rozk\u0142ada ostrze<br \/>\nNiezwykle ostre: Veff Serrations\u2122 zapewniaj\u0105 doskona\u0142\u0105 wydajno\u015b\u0107 ci\u0119cia lin i ta\u015bm<br \/>\n\u0141atwe ostrzenie: Ostrze ze stali nierdzewnej o wysokiej zawarto\u015bci w\u0119gla dobrze trzyma kraw\u0119d\u017a<br \/>\nP\u0142ynne otwieranie: sworze\u0144 z \u0142o\u017cyskiem kulkowym IKBS\u2122 p\u0142ynnie rozk\u0142ada ostrze<br \/>\nLepsza ochrona: Czarna pow\u0142oka poprawia odporno\u015b\u0107 na korozj\u0119<br \/>\nWyj\u0105tkowy chwyt: R\u0119koje\u015b\u0107 G10 zapewnia wyj\u0105tkow\u0105 przyczepno\u015b\u0107 w ka\u017cdych warunkach<\/p>\n<p>Szczeg\u00f3\u0142y ostrza<\/p>\n<p>Ostrze wykonane ze stali 8Cr13MoV<br \/>\nZ\u0105bkowania kraw\u0119dzi ostrza Veff\u2122<br \/>\nTlenkowa obr\u00f3bka powierzchni ostrza<\/p>\n<p>D\u0142ugo\u015b\u0107 ostrza: 8,82 cm<br \/>\nGrubo\u015b\u0107 ostrza: 0,26 cm<br \/>\nD\u0142ugo\u015b\u0107 ca\u0142kowita: 19,52 cm<br \/>\nD\u0142ugo\u015b\u0107 po zamkni\u0119ciu: 10,82 cm<br \/>\nWaga: 102,06 g<\/p>\n<p>Materia\u0142 r\u0119koje\u015bci G10<br \/>\nStylowy n\u00f3\u017c sk\u0142adany z obs\u0142ug\u0105 Liner Lock<\/p>\n<p>&nbsp;<\/p>\n","protected":false},"excerpt":{"rendered":"<p><strong>ProjektantKen SteigerwaltOrangeville, Pensylwania.<\/strong><\/p>\n<p><strong>Od dzieci\u0144stwa, kiedy Ken potrzebowa\u0142 no\u017ca, po prostu go zrobi\u0142. Jego pierwszy zosta\u0142 zbudowany z brzeszczotu znajduj\u0105cego si\u0119 na kuchennym stole przy u\u017cyciu imad\u0142a, pilnik\u00f3w i papieru \u015bciernego. Nie trzeba dodawa\u0107, \u017ce postanowi\u0142 stworzy\u0107 jeszcze lepsze no\u017ce, co przynios\u0142o mu 11 nagr\u00f3d Blade Show w ci\u0105gu siedmiu lat z rz\u0119du, w tym dwie nagrody dla najlepszej sk\u0142adanej deski i jedn\u0105 dla najlepszej sk\u0142adanej deski roku. Wsp\u00f3\u0142pracowa\u0142 tak\u017ce przy projektowaniu opatentowanej innowacji w zakresie bezpiecze\u0144stwa Fire Safe\u00ae stosowanej w wielu ostrzach CRKT\u00ae.<\/strong><\/p>\n<p>&nbsp;<\/p>\n","protected":false},"featured_media":325473,"comment_status":"open","ping_status":"closed","template":"","meta":[],"pwb-brand":[3458],"product_brand":[],"product_cat":[3307,3296],"product_tag":[3671],"class_list":{"0":"post-325472","1":"product","2":"type-product","3":"status-publish","4":"has-post-thumbnail","6":"pwb-brand-crkt-pl","7":"product_cat-zamykanie-nozy","8":"product_cat-noze-pl","9":"product_tag-b2b-pl","11":"first","12":"instock","13":"taxable","14":"shipping-taxable","15":"purchasable","16":"product-type-simple"},"brands":[{"id":3458,"name":"CRKT","slug":"crkt-pl"}],"_links":{"self":[{"href":"https:\/\/www.moskito.cz\/pl\/wp-json\/wp\/v2\/product\/325472","targetHints":{"allow":["GET"]}}],"collection":[{"href":"https:\/\/www.moskito.cz\/pl\/wp-json\/wp\/v2\/product"}],"about":[{"href":"https:\/\/www.moskito.cz\/pl\/wp-json\/wp\/v2\/types\/product"}],"replies":[{"embeddable":true,"href":"https:\/\/www.moskito.cz\/pl\/wp-json\/wp\/v2\/comments?post=325472"}],"wp:featuredmedia":[{"embeddable":true,"href":"https:\/\/www.moskito.cz\/pl\/wp-json\/wp\/v2\/media\/325473"}],"wp:attachment":[{"href":"https:\/\/www.moskito.cz\/pl\/wp-json\/wp\/v2\/media?parent=325472"}],"wp:term":[{"taxonomy":"pwb-brand","embeddable":true,"href":"https:\/\/www.moskito.cz\/pl\/wp-json\/wp\/v2\/pwb-brand?post=325472"},{"taxonomy":"product_brand","embeddable":true,"href":"https:\/\/www.moskito.cz\/pl\/wp-json\/wp\/v2\/product_brand?post=325472"},{"taxonomy":"product_cat","embeddable":true,"href":"https:\/\/www.moskito.cz\/pl\/wp-json\/wp\/v2\/product_cat?post=325472"},{"taxonomy":"product_tag","embeddable":true,"href":"https:\/\/www.moskito.cz\/pl\/wp-json\/wp\/v2\/product_tag?post=325472"}],"curies":[{"name":"wp","href":"https:\/\/api.w.org\/{rel}","templated":true}]}}