{"id":325621,"date":"2023-10-03T16:17:41","date_gmt":"2024-04-05T09:42:33","guid":{"rendered":"https:\/\/www.moskito.cz\/produkt\/noz-zamykajacy-crkt-kalbi-7540\/"},"modified":"2025-05-07T11:08:26","modified_gmt":"2025-05-07T10:08:26","slug":"noz-zamykajacy-crkt-kalbi-7540","status":"publish","type":"product","link":"https:\/\/www.moskito.cz\/pl\/produkt\/noz-zamykajacy-crkt-kalbi-7540\/","title":{"rendered":"N\u00f3\u017c zamykaj\u0105cy CRKT Kalbi 7540"},"content":{"rendered":"<p>N\u00f3\u017c zamykaj\u0105cy <strong>CRKT<\/strong> Kalbi 7540<\/p>\n<p>Codzienna ewolucja.<\/p>\n<p>Kalbi, cz\u0142onek rodziny Crossbones, to wszechstronny n\u00f3\u017c do codziennego u\u017cytku, kt\u00f3ry zosta\u0142 ulepszony o japo\u0144skie ostrze Acuto 440 dla lepszego trzymania kraw\u0119dzi. Praktyczny i elegancki design Crossbones powraca, teraz z charakterystyczn\u0105 niebiesk\u0105 aluminiow\u0105 r\u0119koje\u015bci\u0105, kt\u00f3ra wyr\u00f3\u017cnia ten n\u00f3\u017c jako co\u015b wyj\u0105tkowego.<\/p>\n<p>Wi\u0119ksza wydajno\u015b\u0107: Acuto 440 dobrze trzyma przewag\u0119<br \/>\nP\u0142ynne otwieranie: sworze\u0144 z \u0142o\u017cyskiem kulkowym IKBS\u2122 p\u0142ynnie rozk\u0142ada ostrze<br \/>\nMocny i lekki: aluminiowy uchwyt \u0142\u0105czy w sobie wytrzyma\u0142o\u015b\u0107 z minimaln\u0105 wag\u0105<br \/>\n\u0141atwe zamykanie: zamek wk\u0142adany mo\u017cna \u0142atwo zamkn\u0105\u0107 jedn\u0105 r\u0119k\u0105<br \/>\nNiski profil: Kieszonkowy klips zapewnia bezpieczne przenoszenie<br \/>\nOpcje akcesori\u00f3w: Otw\u00f3r na smycz na breloczek lub zawieszk\u0119<\/p>\n<p>Ostrze ze stali Acuto 440<br \/>\nKraw\u0119d\u017a ostrza g\u0142adka<br \/>\nSatynowe wyko\u0144czenie ostrza<\/p>\n<p>D\u0142ugo\u015b\u0107 ostrza: 8,33 cm<br \/>\nGrubo\u015b\u0107 ostrza: 0,26 cm<br \/>\nD\u0142ugo\u015b\u0107 ca\u0142kowita: 18,57 cm<br \/>\nD\u0142ugo\u015b\u0107 po zamkni\u0119ciu: 10,21 cm<br \/>\nWaga: 56,70 g<\/p>\n<p>Materia\u0142 uchwytu aluminium<br \/>\nStylowy n\u00f3\u017c sk\u0142adany z blokad\u0105 Liner Lock<\/p>\n<p><iframe title=\"CRKT Kalbi | Jeff Park Design\" width=\"800\" height=\"450\" src=\"https:\/\/www.youtube.com\/embed\/rBeyUWLRsMA?feature=oembed\" frameborder=\"0\" allow=\"accelerometer; autoplay; clipboard-write; encrypted-media; gyroscope; picture-in-picture; web-share\" referrerpolicy=\"strict-origin-when-cross-origin\" allowfullscreen><\/iframe><\/p>\n<p>&nbsp;<\/p>\n<p>&nbsp;<\/p>\n<p>&nbsp;<\/p>\n","protected":false},"excerpt":{"rendered":"<p><strong>ProjektantJeff Park Mililani, Hawaje<\/strong><\/p>\n<p><strong>Pewnego pami\u0119tnego dnia w 2005 roku wszed\u0142 do sklepu Kena Oniona w Kaneohe na Hawajach i ju\u017c go nie opu\u015bci\u0142. C\u00f3\u017c, to nie do ko\u0144ca prawda, ale z pewno\u015bci\u0105 zaimponowa\u0142 \u015bwiatowej klasy tw\u00f3rcy no\u017cy i przy okazji nauczy\u0142 si\u0119 kilku rzeczy. Jeff Park to osoba dbaj\u0105ca o szczeg\u00f3\u0142y, a przez to mamy na my\u015bli absolutnego perfekcjonist\u0119, co wida\u0107 w jego prostych, ale bezb\u0142\u0119dnych projektach. Jest artyst\u0105 w najbardziej podstawowym sensie: forma pod\u0105\u017ca za funkcj\u0105, a jego no\u017ce odzwierciedlaj\u0105 niezwyk\u0142e zrozumienie obu.<\/strong><\/p>\n<p>&nbsp;<\/p>\n","protected":false},"featured_media":325628,"comment_status":"open","ping_status":"closed","template":"","meta":[],"pwb-brand":[3458],"product_brand":[],"product_cat":[3307,3296],"product_tag":[3671],"class_list":{"0":"post-325621","1":"product","2":"type-product","3":"status-publish","4":"has-post-thumbnail","6":"pwb-brand-crkt-pl","7":"product_cat-zamykanie-nozy","8":"product_cat-noze-pl","9":"product_tag-b2b-pl","11":"first","12":"instock","13":"taxable","14":"shipping-taxable","15":"purchasable","16":"product-type-simple"},"brands":[{"id":3458,"name":"CRKT","slug":"crkt-pl"}],"_links":{"self":[{"href":"https:\/\/www.moskito.cz\/pl\/wp-json\/wp\/v2\/product\/325621","targetHints":{"allow":["GET"]}}],"collection":[{"href":"https:\/\/www.moskito.cz\/pl\/wp-json\/wp\/v2\/product"}],"about":[{"href":"https:\/\/www.moskito.cz\/pl\/wp-json\/wp\/v2\/types\/product"}],"replies":[{"embeddable":true,"href":"https:\/\/www.moskito.cz\/pl\/wp-json\/wp\/v2\/comments?post=325621"}],"wp:featuredmedia":[{"embeddable":true,"href":"https:\/\/www.moskito.cz\/pl\/wp-json\/wp\/v2\/media\/325628"}],"wp:attachment":[{"href":"https:\/\/www.moskito.cz\/pl\/wp-json\/wp\/v2\/media?parent=325621"}],"wp:term":[{"taxonomy":"pwb-brand","embeddable":true,"href":"https:\/\/www.moskito.cz\/pl\/wp-json\/wp\/v2\/pwb-brand?post=325621"},{"taxonomy":"product_brand","embeddable":true,"href":"https:\/\/www.moskito.cz\/pl\/wp-json\/wp\/v2\/product_brand?post=325621"},{"taxonomy":"product_cat","embeddable":true,"href":"https:\/\/www.moskito.cz\/pl\/wp-json\/wp\/v2\/product_cat?post=325621"},{"taxonomy":"product_tag","embeddable":true,"href":"https:\/\/www.moskito.cz\/pl\/wp-json\/wp\/v2\/product_tag?post=325621"}],"curies":[{"name":"wp","href":"https:\/\/api.w.org\/{rel}","templated":true}]}}