{"id":325638,"date":"2022-09-08T21:22:49","date_gmt":"2024-04-05T09:42:39","guid":{"rendered":"https:\/\/www.moskito.cz\/produkt\/noz-zamykajacy-crkt-tuna-2520\/"},"modified":"2025-05-07T11:08:26","modified_gmt":"2025-05-07T10:08:26","slug":"noz-zamykajacy-crkt-tuna-2520","status":"publish","type":"product","link":"https:\/\/www.moskito.cz\/pl\/produkt\/noz-zamykajacy-crkt-tuna-2520\/","title":{"rendered":"N\u00f3\u017c zamykaj\u0105cy CRKT TUNA 2520"},"content":{"rendered":"<div class=\"flex-1 overflow-hidden @container\/thread\">\n<div class=\"h-full\">\n<div class=\"react-scroll-to-bottom--css-vxybp-79elbk h-full\">\n<div class=\"react-scroll-to-bottom--css-vxybp-1n7m0yu\">\n<div class=\"flex flex-col text-sm\">\n<article class=\"w-full scroll-mb-[var(--thread-trailing-height,150px)] text-token-text-primary focus-visible:outline-2 focus-visible:outline-offset-[-4px]\" dir=\"auto\" data-testid=\"conversation-turn-161\" data-scroll-anchor=\"true\">\n<div class=\"m-auto text-base py-[18px] px-3 md:px-4 w-full md:px-5 lg:px-4 xl:px-5\">\n<div class=\"mx-auto flex flex-1 gap-4 text-base md:gap-5 lg:gap-6 md:max-w-3xl\">\n<div class=\"group\/conversation-turn relative flex w-full min-w-0 flex-col agent-turn\">\n<div class=\"flex-col gap-1 md:gap-3\">\n<div class=\"flex max-w-full flex-col flex-grow\">\n<div class=\"min-h-8 text-message flex w-full flex-col items-end gap-2 whitespace-normal break-words text-start [.text-message+&amp;]:mt-5\" dir=\"auto\" data-message-author-role=\"assistant\" data-message-id=\"e43aa1d9-bf93-4e77-bebd-c49e91292557\" data-message-model-slug=\"gpt-4o-mini\">\n<div class=\"flex w-full flex-col gap-1 empty:hidden first:pt-[3px]\">\n<div class=\"markdown prose w-full break-words dark:prose-invert light\">\n<p><strong>N\u00f3\u017c sk\u0142adany CRKT TUNA 2520<\/strong> \u0142\u0105czy w sobie <strong>wyj\u0105tkow\u0105 wydajno\u015b\u0107<\/strong> , <strong>wytrzyma\u0142o\u015b\u0107<\/strong> i <strong>stylowy design<\/strong> . Dzi\u0119ki <strong>mocnemu ostrzu<\/strong> , <strong>ergonomicznej r\u0119koje\u015bci<\/strong> i <strong>\u0142atwemu otwieraniu<\/strong> n\u00f3\u017c ten idealnie nadaje si\u0119 do codziennego u\u017cytku (EDC), jak r\u00f3wnie\u017c do bardziej wymagaj\u0105cych zada\u0144. <\/p>\n<h3>G\u0142\u00f3wne cechy i korzy\u015bci:<\/h3>\n<ol>\n<li><strong>Pot\u0119\u017cne ostrze<\/strong> :\n<ul>\n<li><strong>D\u0142ugo\u015b\u0107 ostrza<\/strong> : 81,81 mm (3,22&#8243;) &#8211; Optymalny rozmiar do codziennych zada\u0144, takich jak ci\u0119cie opakowa\u0144, tektury lub lin.<\/li>\n<li><strong>Stal<\/strong> : <strong>8Cr14MoV<\/strong> \u2013 Materia\u0142 ten jest znany ze swojej <strong>odporno\u015bci na zu\u017cycie<\/strong> i <strong>dobrego utrzymywania ostro\u015bci<\/strong> . Zapewnia tak\u017ce <strong>odporno\u015b\u0107 na korozj\u0119<\/strong> , dzi\u0119ki czemu idealnie nadaje si\u0119 do codziennego u\u017cytku. <\/li>\n<li><strong>Wyko\u0144czenie powierzchni<\/strong> : <strong>Stonewash<\/strong> \u2013 matowy wygl\u0105d, bardzo ma\u0142a widoczno\u015b\u0107 zarysowa\u0144 i \u0142atwa konserwacja.<\/li>\n<\/ul>\n<\/li>\n<li><strong>Szybkie otwieranie<\/strong> :\n<ul>\n<li><strong>Ko\u0142ek<\/strong> umo\u017cliwiaj\u0105cy <strong>szybkie i \u0142atwe otwieranie jedn\u0105 r\u0119k\u0105<\/strong> . Funkcja ta umo\u017cliwia otwarcie no\u017ca jednym ruchem, co zwi\u0119ksza wydajno\u015b\u0107, gdy masz woln\u0105 tylko jedn\u0105 r\u0119k\u0119. <\/li>\n<\/ul>\n<\/li>\n<li><strong>Solidna blokada ramy<\/strong> :\n<ul>\n<li><strong>Blokada ramy<\/strong> za pomoc\u0105 <strong>mocnego rygla<\/strong> gwarantuje <strong>niesamowit\u0105 stabilno\u015b\u0107 ostrza<\/strong> podczas u\u017cytkowania. Ten zamek jest niezwykle niezawodny i bezpieczny, dzi\u0119ki czemu idealnie nadaje si\u0119 do <strong>ci\u0119\u017ckich zada\u0144<\/strong> . <\/li>\n<\/ul>\n<\/li>\n<li><strong>Uchwyt ergonomiczny<\/strong> :\n<ul>\n<li><strong>R\u0119koje\u015b\u0107<\/strong> wykonana z tworzywa <strong>G10<\/strong> i <strong>stali nierdzewnej<\/strong> gwarantuje <strong>pewny chwyt<\/strong> nawet w trudnych warunkach (wilgotne lub \u015bliskie otoczenie).<\/li>\n<li><strong>Materia\u0142 G10<\/strong> gwarantuje wygodny i pewny chwyt, kt\u00f3ry pozostaje stabilny nawet przy intensywnym u\u017cytkowaniu.<\/li>\n<\/ul>\n<\/li>\n<li><strong>Kompaktowa i praktyczna konstrukcja<\/strong> :\n<ul>\n<li><strong>D\u0142ugo\u015b\u0107 ca\u0142kowita<\/strong> : 195,28 mm (7,69&#8243;) &#8211; Kompaktowy rozmiar, wystarczaj\u0105co du\u017cy do wi\u0119kszo\u015bci zada\u0144, a jednocze\u015bnie \u0142atwo mie\u015bci si\u0119 w kieszeni.<\/li>\n<li><strong>D\u0142ugo\u015b\u0107 po z\u0142o\u017ceniu<\/strong> : 113,92 mm (4,49&#8243;) &#8211; N\u00f3\u017c \u015bwietnie nadaje si\u0119 do codziennego noszenia, jest na tyle ma\u0142y, \u017ce nie przeszkadza podczas przenoszenia, a jednocze\u015bnie jest bardzo wytrzyma\u0142y i ma du\u017c\u0105 moc.<\/li>\n<li><strong>Waga<\/strong> : 104,89 g (3,70 uncji) \u2013 przy takiej wadze n\u00f3\u017c jest <strong>wystarczaj\u0105co wytrzyma\u0142y<\/strong> do \u200b\u200bpracy, ale jednocze\u015bnie wystarczaj\u0105co lekki, aby wygodnie nosi\u0107 go przez ca\u0142y dzie\u0144.<\/li>\n<\/ul>\n<\/li>\n<\/ol>\n<h3>Dane techniczne:<\/h3>\n<ul>\n<li><strong>D\u0142ugo\u015b\u0107 ostrza<\/strong> : 81,81 mm (3,22&#8243;)<\/li>\n<li><strong>Ostrze ostrza<\/strong> : g\u0142adkie<\/li>\n<li><strong>Materia\u0142 ostrza<\/strong> : stal 8Cr14MoV<\/li>\n<li><strong>Obr\u00f3bka powierzchni ostrza<\/strong> : Stonewash<\/li>\n<li><strong>Grubo\u015b\u0107 ostrza<\/strong> : 3,68 mm (0,15&#8243;)<\/li>\n<li><strong>D\u0142ugo\u015b\u0107 ca\u0142kowita<\/strong> : 195,28 mm (7,69&#8243;)<\/li>\n<li><strong>D\u0142ugo\u015b\u0107 po z\u0142o\u017ceniu<\/strong> : 113,92 mm (4,49&#8243;)<\/li>\n<li><strong>Waga<\/strong> : 104,89 g (3,70 uncji)<\/li>\n<li><strong>R\u0119koje\u015b\u0107<\/strong> : G10 | Stal nierdzewna<\/li>\n<li><strong>Mechanizm<\/strong> : N\u00f3\u017c sk\u0142adany z blokad\u0105 ramy<\/li>\n<\/ul>\n<h3>Zastosowanie:<\/h3>\n<ul>\n<li><strong>Do codziennego noszenia (EDC)<\/strong> : <strong>Szybkie otwieranie<\/strong> i <strong>trwa\u0142o\u015b\u0107<\/strong> sprawiaj\u0105, \u017ce torba idealnie nadaje si\u0119 do codziennych zada\u0144, takich jak ci\u0119cie, otwieranie paczek lub przecinanie lin.<\/li>\n<li><strong>Na \u015bwie\u017cym powietrzu i przygodzie<\/strong> : <strong>R\u0119koje\u015b\u0107 G10<\/strong> zapewnia <strong>doskona\u0142\u0105 przyczepno\u015b\u0107<\/strong> w trudnych warunkach, a <strong>wytrzyma\u0142e ostrze<\/strong> poradzi sobie z trudniejszymi zadaniami, takimi jak obr\u00f3bka drewna lub przygotowywanie \u017cywno\u015bci.<\/li>\n<li><strong>Zastosowanie taktyczne<\/strong> : <strong>Blokada ramy<\/strong> i <strong>wytrzyma\u0142e ostrze<\/strong> sprawiaj\u0105, \u017ce n\u00f3\u017c ten nadaje si\u0119 do dzia\u0142a\u0144 taktycznych lub samoobrony.<\/li>\n<\/ul>\n<h3>Streszczenie:<\/h3>\n<p><strong>CRKT Tuna 2520<\/strong> to niezwykle funkcjonalny i <strong>stylowy n\u00f3\u017c sk\u0142adany<\/strong> , kt\u00f3ry \u0142\u0105czy w sobie <strong>doskona\u0142e cechy przydatne<\/strong> podczas codziennego noszenia z <strong>wysok\u0105 wydajno\u015bci\u0105<\/strong> i <strong>trwa\u0142o\u015bci\u0105<\/strong> . Dzi\u0119ki <strong>r\u0119koje\u015bci G10<\/strong> , <strong>blokadzie frame lock<\/strong> , <strong>\u0142atwemu otwieraniu<\/strong> i <strong>wytrzyma\u0142emu ostrzu<\/strong> jest to idealne narz\u0119dzie dla ka\u017cdego, kto szuka <strong>niezawodnego<\/strong> i <strong>wszechstronnego no\u017ca<\/strong> do codziennych zada\u0144 lub aktywno\u015bci na \u015bwie\u017cym powietrzu. <\/p>\n<\/div>\n<\/div>\n<\/div>\n<\/div>\n<div class=\"mb-2 flex gap-3 empty:hidden -ml-2\">\n<div class=\"items-center justify-start rounded-xl p-1 flex\">\n<div class=\"flex items-center\"><\/div>\n<\/div>\n<\/div>\n<\/div>\n<\/div>\n<\/div>\n<\/div>\n<\/article>\n<\/div>\n<\/div>\n<\/div>\n<\/div>\n<\/div>\n<div class=\"md:pt-0 dark:border-white\/20 md:border-transparent md:dark:border-transparent w-full\">\n<div>\n<div class=\"m-auto text-base px-3 md:px-4 w-full md:px-5 lg:px-4 xl:px-5\">\n<div class=\"mx-auto flex flex-1 gap-4 text-base md:gap-5 lg:gap-6 md:max-w-3xl\">\n<div class=\"flex justify-center\"><\/div>\n<\/div>\n<\/div>\n<\/div>\n<\/div>\n","protected":false},"excerpt":{"rendered":"<div class=\"flex-1 overflow-hidden @container\/thread\">\n<div class=\"h-full\">\n<div class=\"react-scroll-to-bottom--css-vxybp-79elbk h-full\">\n<div class=\"react-scroll-to-bottom--css-vxybp-1n7m0yu\">\n<div class=\"flex flex-col text-sm\">\n<article class=\"w-full scroll-mb-[var(--thread-trailing-height,150px)] text-token-text-primary focus-visible:outline-2 focus-visible:outline-offset-[-4px]\" dir=\"auto\" data-testid=\"conversation-turn-161\" data-scroll-anchor=\"true\">\n<div class=\"m-auto text-base py-[18px] px-3 md:px-4 w-full md:px-5 lg:px-4 xl:px-5\">\n<div class=\"mx-auto flex flex-1 gap-4 text-base md:gap-5 lg:gap-6 md:max-w-3xl\">\n<div class=\"group\/conversation-turn relative flex w-full min-w-0 flex-col agent-turn\">\n<div class=\"flex-col gap-1 md:gap-3\">\n<div class=\"flex max-w-full flex-col flex-grow\">\n<div class=\"min-h-8 text-message flex w-full flex-col items-end gap-2 whitespace-normal break-words text-start [.text-message+&amp;]:mt-5\" dir=\"auto\" data-message-author-role=\"assistant\" data-message-id=\"e43aa1d9-bf93-4e77-bebd-c49e91292557\" data-message-model-slug=\"gpt-4o-mini\">\n<div class=\"flex w-full flex-col gap-1 empty:hidden first:pt-[3px]\">\n<div class=\"markdown prose w-full break-words dark:prose-invert light\">\n<p><strong>CRKT Tuna 2520 to niezwykle funkcjonalny i stylowy n\u00f3\u017c sk\u0142adany, kt\u00f3ry \u0142\u0105czy w sobie doskona\u0142e cechy przydatne podczas codziennego noszenia z wysok\u0105 wydajno\u015bci\u0105 i trwa\u0142o\u015bci\u0105. Dzi\u0119ki r\u0119koje\u015bci G10, blokadzie frame lock, \u0142atwemu otwieraniu i wytrzyma\u0142emu ostrzu jest to idealne narz\u0119dzie dla ka\u017cdego, kto szuka niezawodnego i wszechstronnego no\u017ca do codziennych zada\u0144 lub aktywno\u015bci na \u015bwie\u017cym powietrzu. <\/strong><\/p>\n<\/div>\n<\/div>\n<\/div>\n<\/div>\n<div class=\"mb-2 flex gap-3 empty:hidden -ml-2\">\n<div class=\"items-center justify-start rounded-xl p-1 flex\">\n<div class=\"flex items-center\"><\/div>\n<\/div>\n<\/div>\n<\/div>\n<\/div>\n<\/div>\n<\/div>\n<\/article>\n<\/div>\n<\/div>\n<\/div>\n<\/div>\n<\/div>\n<div class=\"md:pt-0 dark:border-white\/20 md:border-transparent md:dark:border-transparent w-full\">\n<div>\n<div class=\"m-auto text-base px-3 md:px-4 w-full md:px-5 lg:px-4 xl:px-5\">\n<div class=\"mx-auto flex flex-1 gap-4 text-base md:gap-5 lg:gap-6 md:max-w-3xl\">\n<div class=\"flex justify-center\"><\/div>\n<\/div>\n<\/div>\n<\/div>\n<\/div>\n","protected":false},"featured_media":325639,"comment_status":"open","ping_status":"closed","template":"","meta":[],"pwb-brand":[3458],"product_brand":[],"product_cat":[3307,3296],"product_tag":[3671],"class_list":{"0":"post-325638","1":"product","2":"type-product","3":"status-publish","4":"has-post-thumbnail","6":"pwb-brand-crkt-pl","7":"product_cat-zamykanie-nozy","8":"product_cat-noze-pl","9":"product_tag-b2b-pl","11":"first","12":"instock","13":"sale","14":"taxable","15":"shipping-taxable","16":"purchasable","17":"product-type-simple"},"brands":[{"id":3458,"name":"CRKT","slug":"crkt-pl"}],"_links":{"self":[{"href":"https:\/\/www.moskito.cz\/pl\/wp-json\/wp\/v2\/product\/325638","targetHints":{"allow":["GET"]}}],"collection":[{"href":"https:\/\/www.moskito.cz\/pl\/wp-json\/wp\/v2\/product"}],"about":[{"href":"https:\/\/www.moskito.cz\/pl\/wp-json\/wp\/v2\/types\/product"}],"replies":[{"embeddable":true,"href":"https:\/\/www.moskito.cz\/pl\/wp-json\/wp\/v2\/comments?post=325638"}],"wp:featuredmedia":[{"embeddable":true,"href":"https:\/\/www.moskito.cz\/pl\/wp-json\/wp\/v2\/media\/325639"}],"wp:attachment":[{"href":"https:\/\/www.moskito.cz\/pl\/wp-json\/wp\/v2\/media?parent=325638"}],"wp:term":[{"taxonomy":"pwb-brand","embeddable":true,"href":"https:\/\/www.moskito.cz\/pl\/wp-json\/wp\/v2\/pwb-brand?post=325638"},{"taxonomy":"product_brand","embeddable":true,"href":"https:\/\/www.moskito.cz\/pl\/wp-json\/wp\/v2\/product_brand?post=325638"},{"taxonomy":"product_cat","embeddable":true,"href":"https:\/\/www.moskito.cz\/pl\/wp-json\/wp\/v2\/product_cat?post=325638"},{"taxonomy":"product_tag","embeddable":true,"href":"https:\/\/www.moskito.cz\/pl\/wp-json\/wp\/v2\/product_tag?post=325638"}],"curies":[{"name":"wp","href":"https:\/\/api.w.org\/{rel}","templated":true}]}}