{"id":325706,"date":"2022-09-26T19:44:46","date_gmt":"2024-04-05T09:46:33","guid":{"rendered":"https:\/\/www.moskito.cz\/produkt\/noz-zamykajacy-crkt-fossil-compact-5460\/"},"modified":"2025-05-07T11:08:29","modified_gmt":"2025-05-07T10:08:29","slug":"noz-zamykajacy-crkt-fossil-compact-5460","status":"publish","type":"product","link":"https:\/\/www.moskito.cz\/pl\/produkt\/noz-zamykajacy-crkt-fossil-compact-5460\/","title":{"rendered":"N\u00f3\u017c zamykaj\u0105cy CRKT FOSSIL COMPACT 5460"},"content":{"rendered":"<p>N\u00f3\u017c zamykaj\u0105cy <strong>CRKT<\/strong> FOSSIL COMPACT 5460.<\/p>\n<p>Wszystkie inne stylowe no\u017ce znikn\u0105.<\/p>\n<p>To n\u00f3\u017c, kt\u00f3ry nawi\u0105zuje do innej epoki. Ale dzi\u0119ki kutej dwukolorowej r\u0119koje\u015bci i systemowi sworzni z \u0142o\u017cyskami kulkowymi IKBS\u2122, ten n\u00f3\u017c nigdy si\u0119 nie zestarzeje \u2013 zw\u0142aszcza je\u015bli chodzi o ci\u0119cie.<\/p>\n<p>Fossil\u2122 \u0142\u0105czy w sobie to, co najlepsze projektanta Flavio Ikoma z Presidente Prudente w Brazylii. Dzi\u0119ki elementom stylizacyjnym znanym z poprzednich modeli Sampa\u2122 i Carajas\u2122, podnosi artystyczny zapa\u0142, tworz\u0105c dzie\u0142o, kt\u00f3re niew\u0105tpliwie jest Ikom\u0105, a jednocze\u015bnie wyra\u017anie nowym rodzajem sk\u0142adanej deski EDC.<\/p>\n<p>N\u00f3\u017c posiada niepowtarzalny, prehistoryczny wygl\u0105d. Ale radzi sobie z prac\u0105 jak tyranozaur na sterydach ze stali nierdzewnej dzi\u0119ki wydr\u0105\u017conemu ostrzu 3,410\u201d z punktem opadania.<\/p>\n<p>Unikalnie wygl\u0105daj\u0105cy scyzoryk posiada system obrotu z \u0142o\u017cyskiem kulkowym IKBS\u2122 w po\u0142\u0105czeniu z otwieran\u0105 p\u0142etw\u0105, kt\u00f3ra zapewnia p\u0142ynne i szybkie rozk\u0142adanie ostrza. Wyci\u0119cie na kciuk w ostrzu daje drug\u0105 mo\u017cliwo\u015b\u0107 otwarcia no\u017ca. P\u0142etwa zmienia si\u0119 r\u00f3wnie\u017c w przystojn\u0105 os\u0142on\u0119 palc\u00f3w, gdy ostrze jest otwarte. W dziale funkcji przetrwaj\u0105 najsilniejsi.<\/p>\n<p>Cho\u0107 Fossil\u2122 jest hardcorowy w \u015brodku, jest wspania\u0142y na zewn\u0105trz. R\u0119koje\u015bci wykonane s\u0105 ze stali nierdzewnej o unikalnej m\u0142otkowanej powierzchni. Formowane, wielokolorowe nak\u0142adki na uchwyty sprawiaj\u0105, \u017ce G10 wygl\u0105da jak aligator. Ale ostrze nie spadnie i nie ugryzie Ci\u0119 w pozycji otwartej dzi\u0119ki blokadzie ramki.<\/p>\n<p>SPECYFIKACJE<br \/>\nD\u0142ugo\u015b\u0107 ostrza 3,41 cala (86,61 mm)<br \/>\nOstrze proste<br \/>\nOstrze ze stali 8Cr13MoV<br \/>\nObr\u00f3bka powierzchni ostrza Satyna<br \/>\nGrubo\u015b\u0107 ostrza 0,11 cala (2,79 mm)<br \/>\nD\u0142ugo\u015b\u0107 ca\u0142kowita 7,69 cala (195,33 mm)<br \/>\nD\u0142ugo\u015b\u0107 po zamkni\u0119ciu 4,31 cala (109,47 mm)<br \/>\nWaga 4,10 uncji (116,23 g)<br \/>\nR\u0119koje\u015b\u0107 Stal nierdzewna z nak\u0142adk\u0105 G10<br \/>\nStylowy n\u00f3\u017c sk\u0142adany z blokad\u0105 ramki<\/p>\n<p><iframe title=\"CRKT Fossil Knife Overview | by Flavio Ikoma\" width=\"800\" height=\"450\" src=\"https:\/\/www.youtube.com\/embed\/jWzo_Ikvh0g?feature=oembed\" frameborder=\"0\" allow=\"accelerometer; autoplay; clipboard-write; encrypted-media; gyroscope; picture-in-picture; web-share\" referrerpolicy=\"strict-origin-when-cross-origin\" allowfullscreen><\/iframe><\/p>\n<p>&nbsp;<\/p>\n<p>&nbsp;<\/p>\n","protected":false},"excerpt":{"rendered":"<p>Zaprojektowany przez Flavio Ikom\u0119 w Presidente Prudente w Brazylii.<\/p>\n","protected":false},"featured_media":325707,"comment_status":"open","ping_status":"closed","template":"","meta":[],"pwb-brand":[3458],"product_brand":[],"product_cat":[3307,3296],"product_tag":[3671],"class_list":{"0":"post-325706","1":"product","2":"type-product","3":"status-publish","4":"has-post-thumbnail","6":"pwb-brand-crkt-pl","7":"product_cat-zamykanie-nozy","8":"product_cat-noze-pl","9":"product_tag-b2b-pl","11":"first","12":"instock","13":"taxable","14":"shipping-taxable","15":"purchasable","16":"product-type-simple"},"brands":[{"id":3458,"name":"CRKT","slug":"crkt-pl"}],"_links":{"self":[{"href":"https:\/\/www.moskito.cz\/pl\/wp-json\/wp\/v2\/product\/325706","targetHints":{"allow":["GET"]}}],"collection":[{"href":"https:\/\/www.moskito.cz\/pl\/wp-json\/wp\/v2\/product"}],"about":[{"href":"https:\/\/www.moskito.cz\/pl\/wp-json\/wp\/v2\/types\/product"}],"replies":[{"embeddable":true,"href":"https:\/\/www.moskito.cz\/pl\/wp-json\/wp\/v2\/comments?post=325706"}],"wp:featuredmedia":[{"embeddable":true,"href":"https:\/\/www.moskito.cz\/pl\/wp-json\/wp\/v2\/media\/325707"}],"wp:attachment":[{"href":"https:\/\/www.moskito.cz\/pl\/wp-json\/wp\/v2\/media?parent=325706"}],"wp:term":[{"taxonomy":"pwb-brand","embeddable":true,"href":"https:\/\/www.moskito.cz\/pl\/wp-json\/wp\/v2\/pwb-brand?post=325706"},{"taxonomy":"product_brand","embeddable":true,"href":"https:\/\/www.moskito.cz\/pl\/wp-json\/wp\/v2\/product_brand?post=325706"},{"taxonomy":"product_cat","embeddable":true,"href":"https:\/\/www.moskito.cz\/pl\/wp-json\/wp\/v2\/product_cat?post=325706"},{"taxonomy":"product_tag","embeddable":true,"href":"https:\/\/www.moskito.cz\/pl\/wp-json\/wp\/v2\/product_tag?post=325706"}],"curies":[{"name":"wp","href":"https:\/\/api.w.org\/{rel}","templated":true}]}}