{"id":325812,"date":"2022-08-19T21:32:42","date_gmt":"2024-04-05T09:55:22","guid":{"rendered":"https:\/\/www.moskito.cz\/produkt\/noz-zamykajacy-crkt-squid-assisted-2492\/"},"modified":"2025-05-07T11:08:31","modified_gmt":"2025-05-07T10:08:31","slug":"noz-zamykajacy-crkt-squid-assisted-2492","status":"publish","type":"product","link":"https:\/\/www.moskito.cz\/pl\/produkt\/noz-zamykajacy-crkt-squid-assisted-2492\/","title":{"rendered":"N\u00f3\u017c zamykaj\u0105cy CRKT SQUID ASSISTED 2492"},"content":{"rendered":"<p>N\u00f3\u017c zamykaj\u0105cy <strong>CRKT<\/strong> SQUID ASSISTED 2492.<\/p>\n<p><b>To pistolet jak n\u00f3\u017c: niweczy zadania.<\/b><\/p>\n<p>Zaprojektowany przez Lucasa Burnleya, ten n\u00f3\u017c do noszenia na co dzie\u0144 ma niewielkie rozmiary, ale imponuje funkcjonalno\u015bci\u0105. Wyposa\u017cony w blokad\u0119 ramy zapewniaj\u0105c\u0105 bezpiecze\u0144stwo i wspomagane otwieranie w celu superszybkiego wdro\u017cenia. Uwa\u017caj, gdzie go wskazujesz.<br \/>\nWspomagane otwieranie: Flipper szybko rozk\u0142ada ostrze<br \/>\nP\u0142ynne otwieranie: sworze\u0144 z \u0142o\u017cyskiem kulkowym IKBS\u2122 p\u0142ynnie rozk\u0142ada ostrze<br \/>\n\u0141atwe ostrzenie: Ostrze ze stali nierdzewnej o wysokiej zawarto\u015bci w\u0119gla dobrze trzyma kraw\u0119d\u017a<br \/>\nMaksymalna kontrola: Na rowkach ciernych ostrza do chwytania<br \/>\nMaksymalna trwa\u0142o\u015b\u0107: Uchwyt ze stali nierdzewnej wytrzymuje intensywne u\u017cytkowanie<br \/>\nNiski profil: Kieszonkowy klips zapewnia bezpieczne przenoszenie<br \/>\nOpcje akcesori\u00f3w: Otw\u00f3r na smycz na breloczek lub zawieszk\u0119<\/p>\n<p>SPECYFIKACJE<br \/>\nD\u0142ugo\u015b\u0107 ostrza 2,37 cala (60,20 mm)<br \/>\nOstrze proste<br \/>\nOstrze ze stali 8Cr14MoV<br \/>\nWyko\u0144czenie powierzchni ostrza \u015arutowanie<br \/>\nGrubo\u015b\u0107 ostrza 0,11 cala (2,69 mm)<br \/>\nD\u0142ugo\u015b\u0107 ca\u0142kowita 150,83 mm (5,94 cala)<br \/>\nD\u0142ugo\u015b\u0107 po zamkni\u0119ciu 3,59 cala (91,14 mm)<br \/>\nWaga 3,70 uncji (104,89 g)<br \/>\nR\u0119koje\u015b\u0107 Stal nierdzewna<br \/>\nN\u00f3\u017c sk\u0142adany Style Assisted z blokad\u0105 ramki<\/p>\n","protected":false},"excerpt":{"rendered":"<p>Zaprojektowany przez Lucasa Burnleya w Bend w stanie Oregon.<\/p>\n","protected":false},"featured_media":325813,"comment_status":"open","ping_status":"closed","template":"","meta":[],"pwb-brand":[3458],"product_brand":[],"product_cat":[3296,3307],"product_tag":[3671],"class_list":{"0":"post-325812","1":"product","2":"type-product","3":"status-publish","4":"has-post-thumbnail","6":"pwb-brand-crkt-pl","7":"product_cat-noze-pl","8":"product_cat-zamykanie-nozy","9":"product_tag-b2b-pl","11":"first","12":"outofstock","13":"taxable","14":"shipping-taxable","15":"purchasable","16":"product-type-simple"},"brands":[{"id":3458,"name":"CRKT","slug":"crkt-pl"}],"_links":{"self":[{"href":"https:\/\/www.moskito.cz\/pl\/wp-json\/wp\/v2\/product\/325812","targetHints":{"allow":["GET"]}}],"collection":[{"href":"https:\/\/www.moskito.cz\/pl\/wp-json\/wp\/v2\/product"}],"about":[{"href":"https:\/\/www.moskito.cz\/pl\/wp-json\/wp\/v2\/types\/product"}],"replies":[{"embeddable":true,"href":"https:\/\/www.moskito.cz\/pl\/wp-json\/wp\/v2\/comments?post=325812"}],"wp:featuredmedia":[{"embeddable":true,"href":"https:\/\/www.moskito.cz\/pl\/wp-json\/wp\/v2\/media\/325813"}],"wp:attachment":[{"href":"https:\/\/www.moskito.cz\/pl\/wp-json\/wp\/v2\/media?parent=325812"}],"wp:term":[{"taxonomy":"pwb-brand","embeddable":true,"href":"https:\/\/www.moskito.cz\/pl\/wp-json\/wp\/v2\/pwb-brand?post=325812"},{"taxonomy":"product_brand","embeddable":true,"href":"https:\/\/www.moskito.cz\/pl\/wp-json\/wp\/v2\/product_brand?post=325812"},{"taxonomy":"product_cat","embeddable":true,"href":"https:\/\/www.moskito.cz\/pl\/wp-json\/wp\/v2\/product_cat?post=325812"},{"taxonomy":"product_tag","embeddable":true,"href":"https:\/\/www.moskito.cz\/pl\/wp-json\/wp\/v2\/product_tag?post=325812"}],"curies":[{"name":"wp","href":"https:\/\/api.w.org\/{rel}","templated":true}]}}