{"id":325885,"date":"2022-08-17T21:12:56","date_gmt":"2024-04-05T11:20:13","guid":{"rendered":"https:\/\/www.moskito.cz\/produkt\/noz-zamykajacy-crkt-m21-12g\/"},"modified":"2025-05-07T11:08:32","modified_gmt":"2025-05-07T10:08:32","slug":"noz-zamykajacy-crkt-m21-12g","status":"publish","type":"product","link":"https:\/\/www.moskito.cz\/pl\/produkt\/noz-zamykajacy-crkt-m21-12g\/","title":{"rendered":"N\u00f3\u017c zamykaj\u0105cy CRKT M21-12G"},"content":{"rendered":"<p>N\u00f3\u017c zamykaj\u0105cy <strong>CRKT<\/strong> M21-12G.<\/p>\n<p>Zacz\u0119\u0142o si\u0119 od \u015bwi\u0105tecznej listy \u017cycze\u0144.<\/p>\n<p>Co by by\u0142o, gdyby\u015bmy mogli zbudowa\u0107 seri\u0119 M21\u2122 firmy Kit Carson dok\u0142adnie tak, jak zrobi\u0142by to producent no\u017cy na zam\u00f3wienie: z konstrukcj\u0105 ze stali nierdzewnej G10 i InterFrame oraz najwy\u017cszej jako\u015bci ostrzem ze stali nierdzewnej pokrytym azotkiem tytanu? A co by by\u0142o, gdyby\u015bmy mogli zaoferowa\u0107 to po bardzo konkurencyjnej cenie? Jak dziecko w Bo\u017ce Narodzenie, dostali\u015bmy wszystko, czego chcieli\u015bmy. I ty te\u017c mo\u017cesz.<br \/>\nAutomatyczne zabezpieczenie wk\u0142adu<br \/>\nOtwarcie Flippera Carsona<br \/>\nZ\u0105bki Veff\u2122<\/p>\n<p>SPECYFIKACJE<br \/>\nD\u0142ugo\u015b\u0107 ostrza 3,11 cala (79,10 mm)<br \/>\nKraw\u0119d\u017a ostrza Veff Serrations\u2122<br \/>\nOstrze ze stali 1.4116<br \/>\nObr\u00f3bka powierzchni ostrza Pow\u0142oka teflonowa<br \/>\nGrubo\u015b\u0107 ostrza 0,12 cala (3,00 mm)<br \/>\nD\u0142ugo\u015b\u0107 ca\u0142kowita 7,38 cala (187,33 mm)<br \/>\nD\u0142ugo\u015b\u0107 po zamkni\u0119ciu 4,24 cala (107,67 mm)<br \/>\nWaga 3,70 uncji (104,89 g)<br \/>\nR\u0119koje\u015b\u0107 G10<br \/>\nStylowy n\u00f3\u017c sk\u0142adany z blokad\u0105 Liner Lock<\/p>\n","protected":false},"excerpt":{"rendered":"<p>Zaprojektowany przez Kita Carsona w Vine Grove w stanie Kentucky.<\/p>\n","protected":false},"featured_media":325886,"comment_status":"open","ping_status":"closed","template":"","meta":[],"pwb-brand":[3458],"product_brand":[],"product_cat":[3307,3296],"product_tag":[3671],"class_list":{"0":"post-325885","1":"product","2":"type-product","3":"status-publish","4":"has-post-thumbnail","6":"pwb-brand-crkt-pl","7":"product_cat-zamykanie-nozy","8":"product_cat-noze-pl","9":"product_tag-b2b-pl","11":"first","12":"outofstock","13":"sale","14":"taxable","15":"shipping-taxable","16":"purchasable","17":"product-type-simple"},"brands":[{"id":3458,"name":"CRKT","slug":"crkt-pl"}],"_links":{"self":[{"href":"https:\/\/www.moskito.cz\/pl\/wp-json\/wp\/v2\/product\/325885","targetHints":{"allow":["GET"]}}],"collection":[{"href":"https:\/\/www.moskito.cz\/pl\/wp-json\/wp\/v2\/product"}],"about":[{"href":"https:\/\/www.moskito.cz\/pl\/wp-json\/wp\/v2\/types\/product"}],"replies":[{"embeddable":true,"href":"https:\/\/www.moskito.cz\/pl\/wp-json\/wp\/v2\/comments?post=325885"}],"wp:featuredmedia":[{"embeddable":true,"href":"https:\/\/www.moskito.cz\/pl\/wp-json\/wp\/v2\/media\/325886"}],"wp:attachment":[{"href":"https:\/\/www.moskito.cz\/pl\/wp-json\/wp\/v2\/media?parent=325885"}],"wp:term":[{"taxonomy":"pwb-brand","embeddable":true,"href":"https:\/\/www.moskito.cz\/pl\/wp-json\/wp\/v2\/pwb-brand?post=325885"},{"taxonomy":"product_brand","embeddable":true,"href":"https:\/\/www.moskito.cz\/pl\/wp-json\/wp\/v2\/product_brand?post=325885"},{"taxonomy":"product_cat","embeddable":true,"href":"https:\/\/www.moskito.cz\/pl\/wp-json\/wp\/v2\/product_cat?post=325885"},{"taxonomy":"product_tag","embeddable":true,"href":"https:\/\/www.moskito.cz\/pl\/wp-json\/wp\/v2\/product_tag?post=325885"}],"curies":[{"name":"wp","href":"https:\/\/api.w.org\/{rel}","templated":true}]}}