{"id":325927,"date":"2021-07-29T19:01:25","date_gmt":"2024-04-05T11:27:48","guid":{"rendered":"https:\/\/www.moskito.cz\/produkt\/noz-zamykajacy-crkt-m16-01ks\/"},"modified":"2025-05-07T11:08:33","modified_gmt":"2025-05-07T10:08:33","slug":"noz-zamykajacy-crkt-m16-01ks","status":"publish","type":"product","link":"https:\/\/www.moskito.cz\/pl\/produkt\/noz-zamykajacy-crkt-m16-01ks\/","title":{"rendered":"N\u00f3\u017c zamykaj\u0105cy CRKT M16-01KS"},"content":{"rendered":"<p>N\u00f3\u017c zamykaj\u0105cy <strong>CRKT<\/strong> M16-01KS.<\/p>\n<p>Zaprojektowany przez Kita Carsona w Vine Grove w stanie Kentucky<br \/>\nSeria M16 \u2013SS EDC \u2013 sprawdzona platforma konstrukcji no\u017cy, kt\u00f3ra jest prosta, trwa\u0142a i przyst\u0119pna cenowo.<\/p>\n<p>Je\u015bli jeste\u015b fanem taktycznych no\u017cy sk\u0142adanych M16 zaprojektowanych przez Kita Carsona, warto sprawdzi\u0107 te warianty ze stali nierdzewnej (SS).<br \/>\nBlokada ramy<br \/>\nUchwyty ze stali nierdzewnej<br \/>\nOdporna na korozj\u0119 czarna pow\u0142oka EDP<\/p>\n<p>SPECYFIKACJE<br \/>\nD\u0142ugo\u015b\u0107 ostrza 3,06 cala (77,72 mm)<br \/>\nKraw\u0119d\u017a ostrza prosta<br \/>\nOstrze ze stali 8Cr14MoV<br \/>\nWyko\u0144czenie ostrza EDP<br \/>\nGrubo\u015b\u0107 ostrza 0,49 cala (2,49 mm)<br \/>\nD\u0142ugo\u015b\u0107 ca\u0142kowita 7,13 cala (181,10 mm)<br \/>\nD\u0142ugo\u015b\u0107 zamkni\u0119ta 4,00 cala (101,60 mm)<br \/>\nWaga 2,60 uncji (73,71 g)<br \/>\nR\u0119koje\u015b\u0107 Stal nierdzewna<br \/>\nStylowy n\u00f3\u017c sk\u0142adany z blokad\u0105 ramki<\/p>\n<p><strong>CRKT\u00ae<\/strong> (Columbia River Knife and Tool\u00ae) zosta\u0142a za\u0142o\u017cona w 1994 roku. Od pierwszego dnia na pierwszym miejscu stawia innowacyjno\u015b\u0107 i uczciwo\u015b\u0107. Jego zaanga\u017cowaniem jest tworzenie no\u017cy i narz\u0119dzi, kt\u00f3re inspiruj\u0105 i s\u0105 trwa\u0142e. Wsp\u00f3\u0142pracuje z najlepszymi projektantami na \u015bwiecie i kieruje si\u0119 prost\u0105 zasad\u0105: \u017ce najwspanialsz\u0105 rzecz\u0105, jak\u0105 mo\u017ce da\u0107 klientom, jest zaufanie do swoich r\u0105k.<\/p>\n<p><iframe title=\"M16-01KZ EDC Knife | by Kit Carson\" width=\"800\" height=\"450\" src=\"https:\/\/www.youtube.com\/embed\/LEYJQ9xC1IQ?feature=oembed\" frameborder=\"0\" allow=\"accelerometer; autoplay; clipboard-write; encrypted-media; gyroscope; picture-in-picture; web-share\" referrerpolicy=\"strict-origin-when-cross-origin\" allowfullscreen><\/iframe><\/p>\n<p>&nbsp;<\/p>\n","protected":false},"excerpt":{"rendered":"<p>Zaprojektowany przez Kita Carsona w Vine Grove w stanie Kentucky.<\/p>\n","protected":false},"featured_media":325928,"comment_status":"open","ping_status":"closed","template":"","meta":[],"pwb-brand":[3458],"product_brand":[],"product_cat":[3307,3296],"product_tag":[3671],"class_list":{"0":"post-325927","1":"product","2":"type-product","3":"status-publish","4":"has-post-thumbnail","6":"pwb-brand-crkt-pl","7":"product_cat-zamykanie-nozy","8":"product_cat-noze-pl","9":"product_tag-b2b-pl","11":"first","12":"outofstock","13":"taxable","14":"shipping-taxable","15":"purchasable","16":"product-type-simple"},"brands":[{"id":3458,"name":"CRKT","slug":"crkt-pl"}],"_links":{"self":[{"href":"https:\/\/www.moskito.cz\/pl\/wp-json\/wp\/v2\/product\/325927","targetHints":{"allow":["GET"]}}],"collection":[{"href":"https:\/\/www.moskito.cz\/pl\/wp-json\/wp\/v2\/product"}],"about":[{"href":"https:\/\/www.moskito.cz\/pl\/wp-json\/wp\/v2\/types\/product"}],"replies":[{"embeddable":true,"href":"https:\/\/www.moskito.cz\/pl\/wp-json\/wp\/v2\/comments?post=325927"}],"wp:featuredmedia":[{"embeddable":true,"href":"https:\/\/www.moskito.cz\/pl\/wp-json\/wp\/v2\/media\/325928"}],"wp:attachment":[{"href":"https:\/\/www.moskito.cz\/pl\/wp-json\/wp\/v2\/media?parent=325927"}],"wp:term":[{"taxonomy":"pwb-brand","embeddable":true,"href":"https:\/\/www.moskito.cz\/pl\/wp-json\/wp\/v2\/pwb-brand?post=325927"},{"taxonomy":"product_brand","embeddable":true,"href":"https:\/\/www.moskito.cz\/pl\/wp-json\/wp\/v2\/product_brand?post=325927"},{"taxonomy":"product_cat","embeddable":true,"href":"https:\/\/www.moskito.cz\/pl\/wp-json\/wp\/v2\/product_cat?post=325927"},{"taxonomy":"product_tag","embeddable":true,"href":"https:\/\/www.moskito.cz\/pl\/wp-json\/wp\/v2\/product_tag?post=325927"}],"curies":[{"name":"wp","href":"https:\/\/api.w.org\/{rel}","templated":true}]}}