{"id":325967,"date":"2021-07-31T19:49:52","date_gmt":"2021-07-31T18:49:52","guid":{"rendered":"https:\/\/www.moskito.cz\/produkt\/noz-zamykajacy-crkt-pilar\/"},"modified":"2025-05-07T11:08:35","modified_gmt":"2025-05-07T10:08:35","slug":"noz-zamykajacy-crkt-pilar","status":"publish","type":"product","link":"https:\/\/www.moskito.cz\/pl\/produkt\/noz-zamykajacy-crkt-pilar\/","title":{"rendered":"N\u00f3\u017c zamykaj\u0105cy CRKT PILAR"},"content":{"rendered":"<p>N\u00f3\u017c zamykaj\u0105cy <strong>CRKT<\/strong> PILAR.<\/p>\n<p>Zaprojektowany przez Jespera Voxnaesa w Loegstrup w Danii<br \/>\nGdzie minimalny design \u0142\u0105czy si\u0119 z maksymaln\u0105 u\u017cyteczno\u015bci\u0105.<\/p>\n<p>Pilar\u00ae to super kompaktowy n\u00f3\u017c do codziennego u\u017cytku o uderzaj\u0105cym minimalistycznym designie i epickiej historii kryj\u0105cej si\u0119 za jego nazw\u0105. Jest niskoprofilowy i dyskretny po z\u0142o\u017ceniu, a tak\u017ce starannie zaprojektowany, aby podczas u\u017cytkowania uderza\u0107 ponad swoj\u0105 wag\u0119.<br \/>\nZa\u0142o\u017cenie ostrza na kciuk<br \/>\nSatynowe wyko\u0144czenie ostrza<br \/>\nObr\u00f3bka powierzchni uchwytu<\/p>\n<p>SPECYFIKACJE<br \/>\nD\u0142ugo\u015b\u0107 ostrza 2,40 cala (61,01 mm)<br \/>\nKraw\u0119d\u017a ostrza prosta<br \/>\nOstrze ze stali 8Cr13MoV<br \/>\nSatynowe wyko\u0144czenie ostrza<br \/>\nGrubo\u015b\u0107 ostrza 0,68 cala (3,68 mm)<br \/>\nD\u0142ugo\u015b\u0107 ca\u0142kowita 150,83 mm (5,94 cala)<br \/>\nD\u0142ugo\u015b\u0107 po zamkni\u0119ciu 3,53 cala (89,66 mm)<br \/>\nWaga 4,20 uncji (119,07 g)<br \/>\nR\u0119koje\u015b\u0107 Stal nierdzewna<br \/>\nStylowy n\u00f3\u017c sk\u0142adany z blokad\u0105 ramki<\/p>\n<p><strong>CRKT\u00ae<\/strong> (Columbia River Knife and Tool\u00ae) zosta\u0142a za\u0142o\u017cona w 1994 roku. Od pierwszego dnia na pierwszym miejscu stawia innowacyjno\u015b\u0107 i uczciwo\u015b\u0107. Jego zaanga\u017cowaniem jest tworzenie no\u017cy i narz\u0119dzi, kt\u00f3re inspiruj\u0105 i s\u0105 trwa\u0142e. Wsp\u00f3\u0142pracuje z najlepszymi projektantami na \u015bwiecie i kieruje si\u0119 prost\u0105 zasad\u0105: \u017ce najwspanialsz\u0105 rzecz\u0105, jak\u0105 mo\u017ce da\u0107 klientom, jest zaufanie do swoich r\u0105k.<\/p>\n","protected":false},"excerpt":{"rendered":"<p>N\u00f3\u017c blokowany z zabezpieczeniem i klipsem do przenoszenia.<\/p>\n","protected":false},"featured_media":325968,"comment_status":"open","ping_status":"closed","template":"","meta":[],"pwb-brand":[3458],"product_brand":[],"product_cat":[3307,3296],"product_tag":[3671],"class_list":{"0":"post-325967","1":"product","2":"type-product","3":"status-publish","4":"has-post-thumbnail","6":"pwb-brand-crkt-pl","7":"product_cat-zamykanie-nozy","8":"product_cat-noze-pl","9":"product_tag-b2b-pl","11":"first","12":"outofstock","13":"taxable","14":"shipping-taxable","15":"purchasable","16":"product-type-simple"},"brands":[{"id":3458,"name":"CRKT","slug":"crkt-pl"}],"_links":{"self":[{"href":"https:\/\/www.moskito.cz\/pl\/wp-json\/wp\/v2\/product\/325967","targetHints":{"allow":["GET"]}}],"collection":[{"href":"https:\/\/www.moskito.cz\/pl\/wp-json\/wp\/v2\/product"}],"about":[{"href":"https:\/\/www.moskito.cz\/pl\/wp-json\/wp\/v2\/types\/product"}],"replies":[{"embeddable":true,"href":"https:\/\/www.moskito.cz\/pl\/wp-json\/wp\/v2\/comments?post=325967"}],"wp:featuredmedia":[{"embeddable":true,"href":"https:\/\/www.moskito.cz\/pl\/wp-json\/wp\/v2\/media\/325968"}],"wp:attachment":[{"href":"https:\/\/www.moskito.cz\/pl\/wp-json\/wp\/v2\/media?parent=325967"}],"wp:term":[{"taxonomy":"pwb-brand","embeddable":true,"href":"https:\/\/www.moskito.cz\/pl\/wp-json\/wp\/v2\/pwb-brand?post=325967"},{"taxonomy":"product_brand","embeddable":true,"href":"https:\/\/www.moskito.cz\/pl\/wp-json\/wp\/v2\/product_brand?post=325967"},{"taxonomy":"product_cat","embeddable":true,"href":"https:\/\/www.moskito.cz\/pl\/wp-json\/wp\/v2\/product_cat?post=325967"},{"taxonomy":"product_tag","embeddable":true,"href":"https:\/\/www.moskito.cz\/pl\/wp-json\/wp\/v2\/product_tag?post=325967"}],"curies":[{"name":"wp","href":"https:\/\/api.w.org\/{rel}","templated":true}]}}