{"id":326015,"date":"2022-08-15T20:19:10","date_gmt":"2024-04-05T11:33:52","guid":{"rendered":"https:\/\/www.moskito.cz\/produkt\/noz-zamykajacy-crkt-squid-czarny-z-ostrzem-d2-stal-2490ks\/"},"modified":"2025-05-07T11:08:36","modified_gmt":"2025-05-07T10:08:36","slug":"noz-zamykajacy-crkt-squid-czarny-z-ostrzem-d2-stal-2490ks","status":"publish","type":"product","link":"https:\/\/www.moskito.cz\/pl\/produkt\/noz-zamykajacy-crkt-squid-czarny-z-ostrzem-d2-stal-2490ks\/","title":{"rendered":"N\u00f3\u017c zamykaj\u0105cy CRKT SQUID CZARNY Z OSTRZEM D2 STAL 2490KS"},"content":{"rendered":"<p>N\u00f3\u017c zamykaj\u0105cy <strong>CRKT<\/strong> SQUID CZARNY Z OSTRZEM D2 STAL 2490KS<\/p>\n<p>Zaprojektowany przez Burnley i dost\u0119pny wy\u0142\u0105cznie na CRKT.com, ten n\u00f3\u017c do noszenia na co dzie\u0144 ma niewielkie rozmiary, ale imponuje funkcjonalno\u015bci\u0105.<\/p>\n<p>N\u00f3\u017c ten wyposa\u017cony jest w stopniowane ostrze ze stali D2, r\u0119koje\u015b\u0107 w kolorze czarnym Stonewash, blokad\u0119 ramy zapewniaj\u0105c\u0105 bezpiecze\u0144stwo oraz rowki cierne typu drop point zapewniaj\u0105ce pewny chwyt. Uwa\u017caj, gdzie go wskazujesz.<br \/>\nWy\u0142\u0105cznie na CRKT.com<br \/>\nStal D2 z wyko\u0144czeniem Black Stonewash<br \/>\nBlokada ramy<br \/>\nUchwyty ze stali nierdzewnej<br \/>\nKlips kieszonkowy o niskim profilu<br \/>\nOtw\u00f3r na smycz na dodatkowy breloczek lub zawieszk\u0119<\/p>\n<p>SPECYFIKACJE<br \/>\nD\u0142ugo\u015b\u0107 ostrza 2,16 cala (54,76 mm)<br \/>\nOstrze proste<br \/>\nOstrze ze stali D2<br \/>\nWyko\u0144czenie ostrza typu stonewash<br \/>\nGrubo\u015b\u0107 ostrza 0,11 cala (2,79 mm)<br \/>\nD\u0142ugo\u015b\u0107 ca\u0142kowita 144,81 mm (5,70 cala)<br \/>\nD\u0142ugo\u015b\u0107 po zamkni\u0119ciu 4,49 cala (114,05 mm)<br \/>\nWaga 3,50 uncji (99,22 g)<br \/>\nR\u0119koje\u015b\u0107 Stal nierdzewna<br \/>\nStylowy n\u00f3\u017c sk\u0142adany z blokad\u0105 ramki<\/p>\n<p><iframe title=\"CRKT Squid Knife | by Lucas Burnley\" width=\"800\" height=\"450\" src=\"https:\/\/www.youtube.com\/embed\/sBalyySsT7c?feature=oembed\" frameborder=\"0\" allow=\"accelerometer; autoplay; clipboard-write; encrypted-media; gyroscope; picture-in-picture; web-share\" referrerpolicy=\"strict-origin-when-cross-origin\" allowfullscreen><\/iframe><\/p>\n<p>&nbsp;<\/p>\n<p>&nbsp;<\/p>\n","protected":false},"excerpt":{"rendered":"<p>Zaprojektowany przez Lucasa Burnleya w Bend w stanie Oregon<\/p>\n","protected":false},"featured_media":326016,"comment_status":"open","ping_status":"closed","template":"","meta":[],"pwb-brand":[3458],"product_brand":[],"product_cat":[3296,3307],"product_tag":[3671],"class_list":{"0":"post-326015","1":"product","2":"type-product","3":"status-publish","4":"has-post-thumbnail","6":"pwb-brand-crkt-pl","7":"product_cat-noze-pl","8":"product_cat-zamykanie-nozy","9":"product_tag-b2b-pl","11":"first","12":"instock","13":"taxable","14":"shipping-taxable","15":"purchasable","16":"product-type-simple"},"brands":[{"id":3458,"name":"CRKT","slug":"crkt-pl"}],"_links":{"self":[{"href":"https:\/\/www.moskito.cz\/pl\/wp-json\/wp\/v2\/product\/326015","targetHints":{"allow":["GET"]}}],"collection":[{"href":"https:\/\/www.moskito.cz\/pl\/wp-json\/wp\/v2\/product"}],"about":[{"href":"https:\/\/www.moskito.cz\/pl\/wp-json\/wp\/v2\/types\/product"}],"replies":[{"embeddable":true,"href":"https:\/\/www.moskito.cz\/pl\/wp-json\/wp\/v2\/comments?post=326015"}],"wp:featuredmedia":[{"embeddable":true,"href":"https:\/\/www.moskito.cz\/pl\/wp-json\/wp\/v2\/media\/326016"}],"wp:attachment":[{"href":"https:\/\/www.moskito.cz\/pl\/wp-json\/wp\/v2\/media?parent=326015"}],"wp:term":[{"taxonomy":"pwb-brand","embeddable":true,"href":"https:\/\/www.moskito.cz\/pl\/wp-json\/wp\/v2\/pwb-brand?post=326015"},{"taxonomy":"product_brand","embeddable":true,"href":"https:\/\/www.moskito.cz\/pl\/wp-json\/wp\/v2\/product_brand?post=326015"},{"taxonomy":"product_cat","embeddable":true,"href":"https:\/\/www.moskito.cz\/pl\/wp-json\/wp\/v2\/product_cat?post=326015"},{"taxonomy":"product_tag","embeddable":true,"href":"https:\/\/www.moskito.cz\/pl\/wp-json\/wp\/v2\/product_tag?post=326015"}],"curies":[{"name":"wp","href":"https:\/\/api.w.org\/{rel}","templated":true}]}}