{"id":326055,"date":"2022-08-19T20:28:09","date_gmt":"2024-04-05T11:38:13","guid":{"rendered":"https:\/\/www.moskito.cz\/produkt\/noz-zamykajacy-crkt-m16-02ss\/"},"modified":"2025-05-07T11:08:36","modified_gmt":"2025-05-07T10:08:36","slug":"noz-zamykajacy-crkt-m16-02ss","status":"publish","type":"product","link":"https:\/\/www.moskito.cz\/pl\/produkt\/noz-zamykajacy-crkt-m16-02ss\/","title":{"rendered":"N\u00f3\u017c zamykaj\u0105cy CRKT M16-02SS"},"content":{"rendered":"<p>N\u00f3\u017c zamykaj\u0105cy <strong>CRKT<\/strong> M16-02SS.<\/p>\n<p>Klasyczny powr\u00f3t. Popularna konstrukcja M16\u00ae p\u00f3\u017anego Kit Carsona powraca z seri\u0105 ze stali nierdzewnej. Te trzy wersje oferuj\u0105 jeszcze wi\u0119ksz\u0105 wydajno\u015b\u0107 i funkcjonalno\u015b\u0107 ni\u017c poprzednio oraz oferuj\u0105 szerok\u0105 gam\u0119 rozmiar\u00f3w i konstrukcji ostrzy \u2013 dzi\u0119ki czemu mo\u017cesz wybra\u0107, kt\u00f3ra z nich najbardziej Ci odpowiada. M16\u00ae-02SS zachowuje wszystkie popularne funkcje z gamy komponent\u00f3w taktycznych Kit, kt\u00f3re zosta\u0142y przeprojektowane z my\u015bl\u0105 o codziennym noszeniu, dodaj\u0105c jeszcze wi\u0119cej mocy i wydajno\u015bci. Wykonane z wysokiej jako\u015bci ostrza Tanto Sandvik 12C27\u2122 zapewniaj\u0105cego doskona\u0142e trzymanie kraw\u0119dzi, zosta\u0142o wyko\u0144czone per\u0142owym wyko\u0144czeniem, aby zredukowa\u0107 niepo\u017c\u0105dane odblaski i odbicia. Pochodz\u0105cy z prawdziwego klasyka, stal nierdzewna M16\u00ae-02SS to zupe\u0142nie inny kaliber powrotu.<\/p>\n<p>SPECYFIKACJE<br \/>\nD\u0142ugo\u015b\u0107 ostrza 3,06 cala (77,83 mm)<br \/>\nOstrze proste<br \/>\nOstrze ze stali 12C27 Sandvik<br \/>\nWyko\u0144czenie powierzchni ostrza \u015arutowanie<br \/>\nGrubo\u015b\u0107 ostrza 0,12 cala (2,92 mm)<br \/>\nD\u0142ugo\u015b\u0107 ca\u0142kowita 7,38 cala (187,33 mm)<br \/>\nD\u0142ugo\u015b\u0107 po zamkni\u0119ciu 4,25&#8243; (108,00 mm)<br \/>\nWaga 3,60 uncji (102,06 g)<br \/>\nR\u0119koje\u015b\u0107 Stal nierdzewna<br \/>\nStylowy n\u00f3\u017c sk\u0142adany z blokad\u0105 ramki<\/p>\n<p><iframe title=\"CRKT M16\u00ae-02SS | Kit Carson Design\" width=\"800\" height=\"450\" src=\"https:\/\/www.youtube.com\/embed\/iekqTraZ52A?feature=oembed\" frameborder=\"0\" allow=\"accelerometer; autoplay; clipboard-write; encrypted-media; gyroscope; picture-in-picture; web-share\" referrerpolicy=\"strict-origin-when-cross-origin\" allowfullscreen><\/iframe><\/p>\n<p>&nbsp;<\/p>\n","protected":false},"excerpt":{"rendered":"<p>Zaprojektowany przez Kita Carsona w Vine Grove w stanie Kentucky.<\/p>\n","protected":false},"featured_media":326056,"comment_status":"open","ping_status":"closed","template":"","meta":[],"pwb-brand":[3458],"product_brand":[],"product_cat":[3296,3307],"product_tag":[3671],"class_list":{"0":"post-326055","1":"product","2":"type-product","3":"status-publish","4":"has-post-thumbnail","6":"pwb-brand-crkt-pl","7":"product_cat-noze-pl","8":"product_cat-zamykanie-nozy","9":"product_tag-b2b-pl","11":"first","12":"outofstock","13":"taxable","14":"shipping-taxable","15":"purchasable","16":"product-type-simple"},"brands":[{"id":3458,"name":"CRKT","slug":"crkt-pl"}],"_links":{"self":[{"href":"https:\/\/www.moskito.cz\/pl\/wp-json\/wp\/v2\/product\/326055","targetHints":{"allow":["GET"]}}],"collection":[{"href":"https:\/\/www.moskito.cz\/pl\/wp-json\/wp\/v2\/product"}],"about":[{"href":"https:\/\/www.moskito.cz\/pl\/wp-json\/wp\/v2\/types\/product"}],"replies":[{"embeddable":true,"href":"https:\/\/www.moskito.cz\/pl\/wp-json\/wp\/v2\/comments?post=326055"}],"wp:featuredmedia":[{"embeddable":true,"href":"https:\/\/www.moskito.cz\/pl\/wp-json\/wp\/v2\/media\/326056"}],"wp:attachment":[{"href":"https:\/\/www.moskito.cz\/pl\/wp-json\/wp\/v2\/media?parent=326055"}],"wp:term":[{"taxonomy":"pwb-brand","embeddable":true,"href":"https:\/\/www.moskito.cz\/pl\/wp-json\/wp\/v2\/pwb-brand?post=326055"},{"taxonomy":"product_brand","embeddable":true,"href":"https:\/\/www.moskito.cz\/pl\/wp-json\/wp\/v2\/product_brand?post=326055"},{"taxonomy":"product_cat","embeddable":true,"href":"https:\/\/www.moskito.cz\/pl\/wp-json\/wp\/v2\/product_cat?post=326055"},{"taxonomy":"product_tag","embeddable":true,"href":"https:\/\/www.moskito.cz\/pl\/wp-json\/wp\/v2\/product_tag?post=326055"}],"curies":[{"name":"wp","href":"https:\/\/api.w.org\/{rel}","templated":true}]}}