{"id":326098,"date":"2021-07-29T19:49:21","date_gmt":"2021-07-29T18:49:21","guid":{"rendered":"https:\/\/www.moskito.cz\/produkt\/noz-zamykajacy-crkt-m16-02ks\/"},"modified":"2025-05-07T11:08:37","modified_gmt":"2025-05-07T10:08:37","slug":"noz-zamykajacy-crkt-m16-02ks","status":"publish","type":"product","link":"https:\/\/www.moskito.cz\/pl\/produkt\/noz-zamykajacy-crkt-m16-02ks\/","title":{"rendered":"N\u00f3\u017c zamykaj\u0105cy CRKT M16-02KS"},"content":{"rendered":"<p>N\u00f3\u017c zamykaj\u0105cy <strong>CRKT<\/strong> M16-02KS.<\/p>\n<p>Zaprojektowany przez Kita Carsona w Vine Grove w stanie Kentucky<br \/>\nHo\u0142d: zap\u0142acony. M16\u00ae to najpopularniejsza linia, jak\u0105 CRKT\u00ae kiedykolwiek widzia\u0142. Dzi\u0119ki szanowanemu Kitowi Carsonowi jeste\u015bmy zaszczyceni now\u0105 wersj\u0105 legendarnego no\u017ca sk\u0142adanego do codziennego u\u017cytku inspirowanego taktyk\u0105. To co\u015b wi\u0119cej ni\u017c tylko \u015bwie\u017ce spojrzenie na klasyk\u0119. To ho\u0142d z\u0142o\u017cony jednemu z wielkich.<br \/>\nOtwarcie Carsona Flippera<br \/>\nBlokada ramy<br \/>\nUchwyty ze stali nierdzewnej<\/p>\n<p>SPECYFIKACJE<br \/>\nD\u0142ugo\u015b\u0107 ostrza 3,06 cala (77,65 mm)<br \/>\nKraw\u0119d\u017a ostrza prosta<br \/>\nOstrze ze stali 12C27 Sandvik<br \/>\nUko\u0144czenie ostrza tlenowego<br \/>\nGrubo\u015b\u0107 ostrza 0,12 cala (2,97 mm)<br \/>\nD\u0142ugo\u015b\u0107 ca\u0142kowita 7,31 cala (185,75 mm)<br \/>\nD\u0142ugo\u015b\u0107 po zamkni\u0119ciu 4,30 cala (109,19 mm)<br \/>\nWaga 3,70 uncji (104,89 g)<br \/>\nUchwyt 2Cr13<br \/>\nStylowy n\u00f3\u017c sk\u0142adany z blokad\u0105 ramki<\/p>\n<p><strong>CRKT\u00ae<\/strong> (Columbia River Knife and Tool\u00ae) zosta\u0142a za\u0142o\u017cona w 1994 roku. Od pierwszego dnia na pierwszym miejscu stawia innowacyjno\u015b\u0107 i uczciwo\u015b\u0107. Jego zaanga\u017cowaniem jest tworzenie no\u017cy i narz\u0119dzi, kt\u00f3re inspiruj\u0105 i s\u0105 trwa\u0142e. Wsp\u00f3\u0142pracuje z najlepszymi projektantami na \u015bwiecie i kieruje si\u0119 prost\u0105 zasad\u0105: \u017ce najwspanialsz\u0105 rzecz\u0105, jak\u0105 mo\u017ce da\u0107 klientom, jest zaufanie do swoich r\u0105k.<\/p>\n","protected":false},"excerpt":{"rendered":"<p>Zaprojektowany przez Kita Carsona w Vine Grove w stanie Kentucky.<\/p>\n","protected":false},"featured_media":326099,"comment_status":"open","ping_status":"closed","template":"","meta":[],"pwb-brand":[3458],"product_brand":[],"product_cat":[3307,3296],"product_tag":[3671],"class_list":{"0":"post-326098","1":"product","2":"type-product","3":"status-publish","4":"has-post-thumbnail","6":"pwb-brand-crkt-pl","7":"product_cat-zamykanie-nozy","8":"product_cat-noze-pl","9":"product_tag-b2b-pl","11":"first","12":"instock","13":"taxable","14":"shipping-taxable","15":"purchasable","16":"product-type-simple"},"brands":[{"id":3458,"name":"CRKT","slug":"crkt-pl"}],"_links":{"self":[{"href":"https:\/\/www.moskito.cz\/pl\/wp-json\/wp\/v2\/product\/326098","targetHints":{"allow":["GET"]}}],"collection":[{"href":"https:\/\/www.moskito.cz\/pl\/wp-json\/wp\/v2\/product"}],"about":[{"href":"https:\/\/www.moskito.cz\/pl\/wp-json\/wp\/v2\/types\/product"}],"replies":[{"embeddable":true,"href":"https:\/\/www.moskito.cz\/pl\/wp-json\/wp\/v2\/comments?post=326098"}],"wp:featuredmedia":[{"embeddable":true,"href":"https:\/\/www.moskito.cz\/pl\/wp-json\/wp\/v2\/media\/326099"}],"wp:attachment":[{"href":"https:\/\/www.moskito.cz\/pl\/wp-json\/wp\/v2\/media?parent=326098"}],"wp:term":[{"taxonomy":"pwb-brand","embeddable":true,"href":"https:\/\/www.moskito.cz\/pl\/wp-json\/wp\/v2\/pwb-brand?post=326098"},{"taxonomy":"product_brand","embeddable":true,"href":"https:\/\/www.moskito.cz\/pl\/wp-json\/wp\/v2\/product_brand?post=326098"},{"taxonomy":"product_cat","embeddable":true,"href":"https:\/\/www.moskito.cz\/pl\/wp-json\/wp\/v2\/product_cat?post=326098"},{"taxonomy":"product_tag","embeddable":true,"href":"https:\/\/www.moskito.cz\/pl\/wp-json\/wp\/v2\/product_tag?post=326098"}],"curies":[{"name":"wp","href":"https:\/\/api.w.org\/{rel}","templated":true}]}}