{"id":326184,"date":"2022-09-03T10:32:32","date_gmt":"2024-04-05T12:19:19","guid":{"rendered":"https:\/\/www.moskito.cz\/produkt\/noz-zamykajacy-crkt-kith-6433\/"},"modified":"2025-05-07T11:08:39","modified_gmt":"2025-05-07T10:08:39","slug":"noz-zamykajacy-crkt-kith-6433","status":"publish","type":"product","link":"https:\/\/www.moskito.cz\/pl\/produkt\/noz-zamykajacy-crkt-kith-6433\/","title":{"rendered":"N\u00f3\u017c zamykaj\u0105cy CRKT KITH 6433"},"content":{"rendered":"<p>N\u00f3\u017c zamykaj\u0105cy <strong>CRKT<\/strong> KITH 6433.<\/p>\n<p>Znany. Zupe\u0142nie jak stary przyjaciel. Kith zosta\u0142 zaprojektowany przez weterana produkcji no\u017cy Kena Steigerwalta, kt\u00f3ry zainspirowa\u0142 si\u0119 tradycyjnymi \u0142\u0105cznikami \u015brodkowymi i sk\u0142adanymi ty\u0142ami, aby stworzy\u0107 zupe\u0142nie nowe podej\u015bcie do konstrukcji przedniego zamka. Intuicyjnie skonstruowane, otwarcie ostrza wydaje si\u0119 drugorz\u0119dne, co nadaje staroangielskiemu imieniu \u201eprzyjaciel\u201d tego no\u017ca zupe\u0142nie inne znaczenie.<\/p>\n<p>Mistrz produkcji no\u017cy Ken Steigerwalt z Orangeville w Pensylwanii na nowo odkrywa tradycyjne mechanizmy blokuj\u0105ce za pomoc\u0105 funkcji przedniej blokady Kith, kt\u00f3ra wykorzystuje wk\u0142adki no\u017cowe jako spr\u0119\u017cyny, aby zapewni\u0107 wi\u0119cej miejsca na ostrze. Bazuj\u0105c na tych sprawdzonych konstrukcjach zamk\u00f3w, strategicznie rozmieszczony ko\u0142ek pod kciuk i blokada przedniego ostrza pozwalaj\u0105 na \u0142atwe otwieranie i zamykanie preferowan\u0105 r\u0119k\u0105, zapewniaj\u0105c ca\u0142kowit\u0105 swobod\u0119 obur\u0119czn\u0105.<\/p>\n<p>Dzi\u0119ki ostrzu o \u015brednicy 2,95 cala z cienk\u0105 i solidn\u0105 ko\u0144c\u00f3wk\u0105 Kith dostosowuje si\u0119 do pracy z wi\u0119ksz\u0105 precyzj\u0105. Zainspirowany klasycznym wygl\u0105dem szmatki z micarty, r\u0119koje\u015b\u0107 zachowuje prost\u0105 i czyst\u0105 estetyk\u0119, kt\u00f3ra pozwala r\u00f3wnie\u017c na wiele opcji chwytania i przenoszenia. Sprawdzaj\u0105c trwa\u0142o\u015b\u0107 i lekko\u015b\u0107 obu pude\u0142ek, ten niskoprofilowy n\u00f3\u017c m\u0119ski ma nylonow\u0105 r\u0119koje\u015b\u0107 wzmocnion\u0105 w\u0142\u00f3knem szklanym, dzi\u0119ki czemu jest doskona\u0142ym narz\u0119dziem do codziennego noszenia, kt\u00f3re nie b\u0119dzie obci\u0105\u017ca\u0107 Ciebie ani Twojej kieszeni.<\/p>\n<p>Prosto i prosto: Kith jest znajomym, codziennym ulubie\u0144cem.<\/p>\n<p>SPECYFIKACJE<br \/>\nD\u0142ugo\u015b\u0107 ostrza 2,95 cala (74,96 mm)<br \/>\nOstrze proste<br \/>\nOstrze ze stali 8Cr13MoV<br \/>\nObr\u00f3bka powierzchni ostrza Satyna<br \/>\nGrubo\u015b\u0107 ostrza 0,11 cala (2,69 mm)<br \/>\nD\u0142ugo\u015b\u0107 ca\u0142kowita 6,75 cala (171,45 mm)<br \/>\nD\u0142ugo\u015b\u0107 po zamkni\u0119ciu 3,78 cala (95,91 mm)<br \/>\nWaga 2,30 uncji (65,20 g)<br \/>\nR\u0119koje\u015b\u0107 Nylon wzmocniony szk\u0142em<br \/>\nStylowy n\u00f3\u017c sk\u0142adany z przedni\u0105 blokad\u0105<\/p>\n<p><iframe title=\"CRKT KITH | Ken Steigerwalt Design\" width=\"800\" height=\"450\" src=\"https:\/\/www.youtube.com\/embed\/739SVHTsvOk?feature=oembed\" frameborder=\"0\" allow=\"accelerometer; autoplay; clipboard-write; encrypted-media; gyroscope; picture-in-picture; web-share\" referrerpolicy=\"strict-origin-when-cross-origin\" allowfullscreen><\/iframe><\/p>\n<p>&nbsp;<\/p>\n","protected":false},"excerpt":{"rendered":"<p>Zaprojektowany przez Kena Steigerwalta w Orangeville w Pensylwanii.<\/p>\n","protected":false},"featured_media":326185,"comment_status":"open","ping_status":"closed","template":"","meta":[],"pwb-brand":[3458],"product_brand":[],"product_cat":[3307,3296],"product_tag":[3671],"class_list":{"0":"post-326184","1":"product","2":"type-product","3":"status-publish","4":"has-post-thumbnail","6":"pwb-brand-crkt-pl","7":"product_cat-zamykanie-nozy","8":"product_cat-noze-pl","9":"product_tag-b2b-pl","11":"first","12":"instock","13":"taxable","14":"shipping-taxable","15":"purchasable","16":"product-type-simple"},"brands":[{"id":3458,"name":"CRKT","slug":"crkt-pl"}],"_links":{"self":[{"href":"https:\/\/www.moskito.cz\/pl\/wp-json\/wp\/v2\/product\/326184","targetHints":{"allow":["GET"]}}],"collection":[{"href":"https:\/\/www.moskito.cz\/pl\/wp-json\/wp\/v2\/product"}],"about":[{"href":"https:\/\/www.moskito.cz\/pl\/wp-json\/wp\/v2\/types\/product"}],"replies":[{"embeddable":true,"href":"https:\/\/www.moskito.cz\/pl\/wp-json\/wp\/v2\/comments?post=326184"}],"wp:featuredmedia":[{"embeddable":true,"href":"https:\/\/www.moskito.cz\/pl\/wp-json\/wp\/v2\/media\/326185"}],"wp:attachment":[{"href":"https:\/\/www.moskito.cz\/pl\/wp-json\/wp\/v2\/media?parent=326184"}],"wp:term":[{"taxonomy":"pwb-brand","embeddable":true,"href":"https:\/\/www.moskito.cz\/pl\/wp-json\/wp\/v2\/pwb-brand?post=326184"},{"taxonomy":"product_brand","embeddable":true,"href":"https:\/\/www.moskito.cz\/pl\/wp-json\/wp\/v2\/product_brand?post=326184"},{"taxonomy":"product_cat","embeddable":true,"href":"https:\/\/www.moskito.cz\/pl\/wp-json\/wp\/v2\/product_cat?post=326184"},{"taxonomy":"product_tag","embeddable":true,"href":"https:\/\/www.moskito.cz\/pl\/wp-json\/wp\/v2\/product_tag?post=326184"}],"curies":[{"name":"wp","href":"https:\/\/api.w.org\/{rel}","templated":true}]}}