{"id":326233,"date":"2021-08-02T19:26:58","date_gmt":"2024-04-05T13:20:37","guid":{"rendered":"https:\/\/www.moskito.cz\/produkt\/noz-zamykajacy-crkt-compano\/"},"modified":"2025-05-07T11:08:40","modified_gmt":"2025-05-07T10:08:40","slug":"noz-zamykajacy-crkt-compano","status":"publish","type":"product","link":"https:\/\/www.moskito.cz\/pl\/produkt\/noz-zamykajacy-crkt-compano\/","title":{"rendered":"N\u00f3\u017c zamykaj\u0105cy CRKT COMPANO"},"content":{"rendered":"<p><strong>N\u00f3\u017c sk\u0142adany CRKT Compano<\/strong> to bardzo praktyczne i kompaktowe narz\u0119dzie zaprojektowane do codziennego noszenia, idealne dla tych, kt\u00f3rzy musz\u0105 mie\u0107 zawsze pod r\u0119k\u0105 ma\u0142y, ale skuteczny n\u00f3\u017c. <strong>Compano\u2122<\/strong> zosta\u0142 zaprojektowany z my\u015bl\u0105 o mobilno\u015bci i funkcjonalno\u015bci. Jest \u015bwietnym towarzyszem, kt\u00f3rego z \u0142atwo\u015bci\u0105 przymocujesz do kieszeni, breloka lub plecaka. <\/p>\n<h3>G\u0142\u00f3wne cechy <strong>CRKT Compano<\/strong> :<\/h3>\n<ol>\n<li><strong>Kompaktowa i przeno\u015bna konstrukcja<\/strong> :\n<ul>\n<li><strong>D\u0142ugo\u015b\u0107 ostrza:<\/strong> 1,42 cala (36,17 mm) \u2013 bardzo ma\u0142e, dzi\u0119ki czemu idealnie nadaje si\u0119 jako <strong>miniaturowe narz\u0119dzie do codziennego noszenia (EDC)<\/strong> . N\u00f3\u017c ten zaprojektowano tak, aby z \u0142atwo\u015bci\u0105 zmie\u015bci\u0142 si\u0119 w kieszeni lub mo\u017cna go by\u0142o przymocowa\u0107 do kluczy czy plecaka. <\/li>\n<li><strong>D\u0142ugo\u015b\u0107 ca\u0142kowita:<\/strong> 4,59 cala (116,56 mm), <strong>d\u0142ugo\u015b\u0107 po z\u0142o\u017ceniu:<\/strong> 3,23 cala (82,04 mm) \u2013 bardzo kompaktowy rozmiar zapewniaj\u0105cy maksymaln\u0105 mobilno\u015b\u0107.<\/li>\n<\/ul>\n<\/li>\n<li><strong>Trwa\u0142e ostrze<\/strong> :\n<ul>\n<li><strong>Stal 5Cr15MoV<\/strong> to <strong>stal nierdzewna o wysokiej zawarto\u015bci w\u0119gla<\/strong> , co oznacza, \u017ce \u200b\u200bostrze dobrze trzyma ostro\u015b\u0107 i jest odporne na korozj\u0119. Mimo \u017ce nie jest to stal najwy\u017cszej jako\u015bci, jak na ma\u0142y n\u00f3\u017c EDC oferuje solidn\u0105 wydajno\u015b\u0107. <\/li>\n<li><strong>Wyko\u0144czenie ostrza<\/strong> : Satynowe wyko\u0144czenie zapewnia estetyczny wygl\u0105d, kt\u00f3ry u\u0142atwia r\u00f3wnie\u017c konserwacj\u0119 i ostrzenie.<\/li>\n<\/ul>\n<\/li>\n<li><strong>Praktyczne zastosowanie<\/strong> :\n<ul>\n<li><strong>Przesuwne po\u0142\u0105czenie:<\/strong> Klasyczny mechanizm przesuwny umo\u017cliwia \u0142atwe otwieranie i zamykanie no\u017ca, gwarantuj\u0105c jego bezpieczne zablokowanie w pozycji zamkni\u0119tej. System ten gwarantuje, \u017ce ostrze pozostaje na swoim miejscu, gdy n\u00f3\u017c jest zamkni\u0119ty, a jednocze\u015bnie umo\u017cliwia wygodne u\u017cytkowanie po jego otwarciu. <\/li>\n<li><strong>Karabi\u0144czyk do mocowania:<\/strong> N\u00f3\u017c wyposa\u017cony jest <strong>w karabi\u0144czyk<\/strong> , kt\u00f3ry umo\u017cliwia \u0142atwe przymocowanie go do kluczy, paska czy plecaka, dzi\u0119ki czemu mo\u017cesz mie\u0107 go zawsze pod r\u0119k\u0105. Jest to bardzo przydatna funkcja przy codziennym noszeniu. <\/li>\n<\/ul>\n<\/li>\n<li><strong>Wygl\u0105d estetyczny<\/strong> :\n<ul>\n<li><strong>R\u0119koje\u015b\u0107:<\/strong> R\u0119koje\u015b\u0107 wykonana jest ze <strong>stali nierdzewnej 2Cr13<\/strong> i ma <strong>czarne wyko\u0144czenie stonewash z br\u0105zowymi akcentami<\/strong> , co nadaje no\u017cowi elegancki wygl\u0105d. Ten uchwyt nie tylko \u015bwietnie wygl\u0105da, ale r\u00f3wnie\u017c zapewnia wygodny chwyt. <\/li>\n<\/ul>\n<\/li>\n<\/ol>\n<h3>Dane techniczne:<\/h3>\n<ul>\n<li><strong>D\u0142ugo\u015b\u0107 ostrza:<\/strong> 1,42 cala (36,17 mm)<\/li>\n<li><strong>Ostrze ostrza:<\/strong> g\u0142adkie<\/li>\n<li><strong>Stal ostrza:<\/strong> 5Cr15MoV<\/li>\n<li><strong>Wyko\u0144czenie powierzchni ostrza:<\/strong> Satynowe<\/li>\n<li><strong>Grubo\u015b\u0107 ostrza:<\/strong> 0,66 cala (3,66 mm)<\/li>\n<li><strong>D\u0142ugo\u015b\u0107 ca\u0142kowita:<\/strong> 4,59 cala (116,56 mm)<\/li>\n<li><strong>D\u0142ugo\u015b\u0107 po z\u0142o\u017ceniu:<\/strong> 3,23 cala (82,04 mm)<\/li>\n<li><strong>Waga:<\/strong> 2,20 uncji (62,37 g)<\/li>\n<li><strong>R\u0119koje\u015b\u0107:<\/strong> 2Cr13 SS<\/li>\n<li><strong>Styl:<\/strong> N\u00f3\u017c sk\u0142adany z antypo\u015blizgowym przegubem<\/li>\n<\/ul>\n<h3>Wniosek:<\/h3>\n<p><strong>CRKT Compano<\/strong> to doskona\u0142y wyb\u00f3r dla os\u00f3b poszukuj\u0105cych <strong>kompaktowego, funkcjonalnego i przeno\u015bnego no\u017ca<\/strong> do codziennego u\u017cytku. Mimo \u017ce ostrze nie jest wyj\u0105tkowo du\u017ce, jest wystarczaj\u0105co wytrzyma\u0142e do wykonywania typowych zada\u0144, takich jak otwieranie paczek i pude\u0142ek czy przecinanie sznurka. <strong>Karabi\u0144czyk<\/strong> do mocowania i <strong>mechanizm przesuwny<\/strong> sprawiaj\u0105, \u017ce n\u00f3\u017c ten jest bardzo por\u0119czny i wygodny do codziennego noszenia. Dzi\u0119ki <strong>atrakcyjnemu wygl\u0105dowi<\/strong> i <strong>wysokiej jako\u015bci wykonania<\/strong> <strong>Compano\u2122<\/strong> jest idealnym wyborem dla ka\u017cdego, kto szuka po\u0142\u0105czenia <strong>praktyczno\u015bci i stylu<\/strong> .  <\/p>\n<p><iframe title=\"CRKT COMPANO\u2122 | Mike Bond Design\" width=\"800\" height=\"450\" src=\"https:\/\/www.youtube.com\/embed\/aNM14OvTMNE?feature=oembed\" frameborder=\"0\" allow=\"accelerometer; autoplay; clipboard-write; encrypted-media; gyroscope; picture-in-picture; web-share\" referrerpolicy=\"strict-origin-when-cross-origin\" allowfullscreen><\/iframe><\/p>\n<p>&nbsp;<\/p>\n<p>&nbsp;<\/p>\n","protected":false},"excerpt":{"rendered":"<p><strong>CRKT Compano to doskona\u0142y wyb\u00f3r dla os\u00f3b poszukuj\u0105cych kompaktowego, funkcjonalnego i przeno\u015bnego no\u017ca do codziennego u\u017cytku. Mimo \u017ce ostrze nie jest wyj\u0105tkowo du\u017ce, jest wystarczaj\u0105co wytrzyma\u0142e do wykonywania typowych zada\u0144, takich jak otwieranie paczek i pude\u0142ek czy przecinanie sznurka. Karabi\u0144czyk do mocowania i mechanizm przesuwny sprawiaj\u0105, \u017ce n\u00f3\u017c ten jest bardzo por\u0119czny i wygodny do codziennego noszenia. Dzi\u0119ki atrakcyjnemu wygl\u0105dowi i wysokiej jako\u015bci wykonania Compano\u2122 jest idealnym wyborem dla ka\u017cdego, kto szuka po\u0142\u0105czenia praktyczno\u015bci i stylu.   <\/strong><\/p>\n","protected":false},"featured_media":326234,"comment_status":"open","ping_status":"closed","template":"","meta":[],"pwb-brand":[3458],"product_brand":[],"product_cat":[3296,3307],"product_tag":[3671],"class_list":{"0":"post-326233","1":"product","2":"type-product","3":"status-publish","4":"has-post-thumbnail","6":"pwb-brand-crkt-pl","7":"product_cat-noze-pl","8":"product_cat-zamykanie-nozy","9":"product_tag-b2b-pl","11":"first","12":"instock","13":"taxable","14":"shipping-taxable","15":"purchasable","16":"product-type-simple"},"brands":[{"id":3458,"name":"CRKT","slug":"crkt-pl"}],"_links":{"self":[{"href":"https:\/\/www.moskito.cz\/pl\/wp-json\/wp\/v2\/product\/326233","targetHints":{"allow":["GET"]}}],"collection":[{"href":"https:\/\/www.moskito.cz\/pl\/wp-json\/wp\/v2\/product"}],"about":[{"href":"https:\/\/www.moskito.cz\/pl\/wp-json\/wp\/v2\/types\/product"}],"replies":[{"embeddable":true,"href":"https:\/\/www.moskito.cz\/pl\/wp-json\/wp\/v2\/comments?post=326233"}],"wp:featuredmedia":[{"embeddable":true,"href":"https:\/\/www.moskito.cz\/pl\/wp-json\/wp\/v2\/media\/326234"}],"wp:attachment":[{"href":"https:\/\/www.moskito.cz\/pl\/wp-json\/wp\/v2\/media?parent=326233"}],"wp:term":[{"taxonomy":"pwb-brand","embeddable":true,"href":"https:\/\/www.moskito.cz\/pl\/wp-json\/wp\/v2\/pwb-brand?post=326233"},{"taxonomy":"product_brand","embeddable":true,"href":"https:\/\/www.moskito.cz\/pl\/wp-json\/wp\/v2\/product_brand?post=326233"},{"taxonomy":"product_cat","embeddable":true,"href":"https:\/\/www.moskito.cz\/pl\/wp-json\/wp\/v2\/product_cat?post=326233"},{"taxonomy":"product_tag","embeddable":true,"href":"https:\/\/www.moskito.cz\/pl\/wp-json\/wp\/v2\/product_tag?post=326233"}],"curies":[{"name":"wp","href":"https:\/\/api.w.org\/{rel}","templated":true}]}}