{"id":326347,"date":"2022-08-18T22:02:01","date_gmt":"2024-04-05T13:37:13","guid":{"rendered":"https:\/\/www.moskito.cz\/produkt\/noz-zamykajacy-crkt-squid-assisted-black-2493\/"},"modified":"2025-07-07T16:45:45","modified_gmt":"2025-07-07T15:45:45","slug":"noz-zamykajacy-crkt-squid-assisted-black-2493","status":"publish","type":"product","link":"https:\/\/www.moskito.cz\/pl\/produkt\/noz-zamykajacy-crkt-squid-assisted-black-2493\/","title":{"rendered":"N\u00f3\u017c zamykaj\u0105cy CRKT SQUID ASSISTED BLACK 2493"},"content":{"rendered":"<div class=\"flex-1 overflow-hidden @container\/thread\">\n<div class=\"h-full\">\n<div class=\"react-scroll-to-bottom--css-vxybp-79elbk h-full\">\n<div class=\"react-scroll-to-bottom--css-vxybp-1n7m0yu\">\n<div class=\"flex flex-col text-sm md:pb-9\">\n<article class=\"w-full scroll-mb-[var(--thread-trailing-height,150px)] text-token-text-primary focus-visible:outline-2 focus-visible:outline-offset-[-4px]\" dir=\"auto\" data-testid=\"conversation-turn-333\" data-scroll-anchor=\"true\">\n<div class=\"m-auto text-base py-[18px] px-3 md:px-4 w-full md:px-5 lg:px-4 xl:px-5\">\n<div class=\"mx-auto flex flex-1 gap-4 text-base md:gap-5 lg:gap-6 md:max-w-3xl\">\n<div class=\"group\/conversation-turn relative flex w-full min-w-0 flex-col agent-turn\">\n<div class=\"flex-col gap-1 md:gap-3\">\n<div class=\"flex max-w-full flex-col flex-grow\">\n<div class=\"min-h-8 text-message flex w-full flex-col items-end gap-2 whitespace-normal break-words text-start [.text-message+&amp;]:mt-5\" dir=\"auto\" data-message-author-role=\"assistant\" data-message-id=\"ea06138a-2774-443a-a280-2c306eb68c67\" data-message-model-slug=\"gpt-4o-mini\">\n<div class=\"flex w-full flex-col gap-1 empty:hidden first:pt-[3px]\">\n<div class=\"markdown prose w-full break-words dark:prose-invert light\">\n<p><strong>N\u00f3\u017c sk\u0142adany CRKT SQUID ASSISTED BLACK 2493<\/strong> to kompaktowe i wydajne narz\u0119dzie \u0142\u0105cz\u0105ce w sobie nowoczesny design z niezwykle funkcjonalnymi cechami. Zaprojektowany przez Lucasa Burnleya n\u00f3\u017c charakteryzuje si\u0119 wspomaganym otwieraniem, jest wykonany z wysokiej jako\u015bci stali i ma trwa\u0142\u0105 konstrukcj\u0119, dzi\u0119ki czemu idealnie nadaje si\u0119 do codziennego noszenia i wykonywania r\u00f3\u017cnorodnych zada\u0144 w pracy. Ten model o czarnym wyko\u0144czeniu jest nie tylko atrakcyjny, ale i niezwykle praktyczny.  <\/p>\n<h3><strong>G\u0142\u00f3wne cechy:<\/strong><\/h3>\n<ol>\n<li><strong>Otwieranie wspomagane:<\/strong>\n<ul>\n<li><strong>P\u0142etwa<\/strong> umieszczona na r\u0119koje\u015bci umo\u017cliwia szybkie i \u0142atwe otwarcie no\u017ca jednym ruchem, co jest idealne, gdy zachodzi taka potrzeba. Otwieranie jest intuicyjne i p\u0142ynne, co zapewnia maksymaln\u0105 wydajno\u015b\u0107. <\/li>\n<\/ul>\n<\/li>\n<li><strong>P\u0142ynne otwieranie dzi\u0119ki IKBS\u2122:<\/strong>\n<ul>\n<li>\u0141o\u017cyska kulkowe <strong>IKBS\u2122 (Ikoma Korth Bearing System)<\/strong> zapewniaj\u0105 p\u0142ynne i nieprzerwane otwieranie ostrza bez \u017cadnego oporu. System ten przyczynia si\u0119 do wygodnego u\u017cytkowania no\u017ca oraz gwarantuje szybki dost\u0119p do ostrza w krytycznych momentach. <\/li>\n<\/ul>\n<\/li>\n<li><strong>Ostrze wysokiej jako\u015bci:<\/strong>\n<ul>\n<li><strong>Stal 8Cr14MoV<\/strong> to wysokiej jako\u015bci stal nierdzewna zapewniaj\u0105ca doskona\u0142e utrzymywanie ostro\u015bci, \u0142atwe ostrzenie i wysok\u0105 odporno\u015b\u0107 na korozj\u0119. Idealnie nadaje si\u0119 do codziennych czynno\u015bci, takich jak ci\u0119cie karton\u00f3w, otwieranie opakowa\u0144 czy przecinanie przewod\u00f3w. <\/li>\n<\/ul>\n<\/li>\n<li><strong>Maksymalna kontrola:<\/strong>\n<ul>\n<li><strong>Na ostrzu umieszczono rowki cierne<\/strong> , kt\u00f3re poprawiaj\u0105 chwyt i gwarantuj\u0105 wi\u0119ksz\u0105 kontrol\u0119 podczas u\u017cytkowania, nawet gdy n\u00f3\u017c jest mokry lub \u015bliski. Dzi\u0119ki temu pos\u0142ugiwanie si\u0119 no\u017cem jest wygodne i bezpieczne. <\/li>\n<\/ul>\n<\/li>\n<li><strong>Solidny uchwyt ze stali nierdzewnej:<\/strong>\n<ul>\n<li><strong>R\u0119koje\u015b\u0107 ze stali nierdzewnej<\/strong> jest wyj\u0105tkowo odporna na uderzenia i zu\u017cycie, co oznacza, \u017ce \u200b\u200bn\u00f3\u017c mo\u017ce wytrzyma\u0107 intensywne u\u017cytkowanie bez utraty funkcjonalno\u015bci. Materia\u0142 ten jest na tyle mocny, \u017ce gwarantuje pewny chwyt nawet podczas intensywnej pracy. <\/li>\n<\/ul>\n<\/li>\n<li><strong>Niski profil u\u0142atwiaj\u0105cy przenoszenie:<\/strong>\n<ul>\n<li><strong>Niski profil<\/strong> no\u017ca sprawia, \u017ce \u200b\u200bmo\u017cna go \u0142atwo nosi\u0107 w kieszeni ka\u017cdego dnia. Pomaga w tym tak\u017ce <strong>klips kieszonkowy<\/strong> , dzi\u0119ki kt\u00f3remu n\u00f3\u017c mo\u017cna bezpiecznie przymocowa\u0107 do ubrania, dzi\u0119ki czemu zawsze b\u0119dzie pod r\u0119k\u0105, gdy go potrzebujesz. <\/li>\n<\/ul>\n<\/li>\n<li><strong>Mo\u017cliwo\u015b\u0107 zamocowania smyczy:<\/strong>\n<ul>\n<li>N\u00f3\u017c wyposa\u017cony jest w <strong>otw\u00f3r na smycz<\/strong> , kt\u00f3ry umo\u017cliwia przymocowanie breloka lub wisiorka, co u\u0142atwia przenoszenie i lepsze obchodzenie si\u0119 z no\u017cem.<\/li>\n<\/ul>\n<\/li>\n<\/ol>\n<h3><strong>Dane techniczne:<\/strong><\/h3>\n<ul>\n<li><strong>D\u0142ugo\u015b\u0107 ostrza:<\/strong> 2,37&#8243; (60,20 mm)<\/li>\n<li><strong>Ostrze ostrza:<\/strong> g\u0142adkie<\/li>\n<li><strong>Materia\u0142 ostrza:<\/strong> stal 8Cr14MoV<\/li>\n<li><strong>Obr\u00f3bka powierzchni ostrza:<\/strong> Stonewash<\/li>\n<li><strong>Grubo\u015b\u0107 ostrza:<\/strong> 0,11&#8243; (2,69 mm)<\/li>\n<li><strong>D\u0142ugo\u015b\u0107 ca\u0142kowita:<\/strong> 5,94&#8243; (150,83 mm)<\/li>\n<li><strong>D\u0142ugo\u015b\u0107 po z\u0142o\u017ceniu:<\/strong> 3,59&#8243; (91,14 mm)<\/li>\n<li><strong>Waga:<\/strong> 3,70 uncji (104,89 g)<\/li>\n<li><strong>Uchwyt:<\/strong> Stal nierdzewna<\/li>\n<li><strong>Styl:<\/strong> sk\u0142adany n\u00f3\u017c z blokad\u0105 ramy<\/li>\n<\/ul>\n<h3><strong>U\u017cywa\u0107:<\/strong><\/h3>\n<ul>\n<li>Do <strong>codziennego u\u017cytku (EDC):<\/strong> Ten n\u00f3\u017c idealnie nadaje si\u0119 do otwierania paczek, przecinania sznurka, usuwania opakowa\u0144 lub wykonywania drobnych zmian. Jest kompaktowy, lekki i \u0142atwy do przenoszenia. <\/li>\n<li><strong>Zadania robocze:<\/strong> Dzi\u0119ki solidnemu ostrzu i ergonomicznemu uchwytowi narz\u0119dzie to sprawdzi si\u0119 podczas trudniejszych zada\u0144 w terenie, w magazynie lub warsztacie.<\/li>\n<li><strong>Na \u015bwie\u017cym powietrzu i na kempingu:<\/strong> Cho\u0107 n\u00f3\u017c ten przeznaczony jest do codziennego u\u017cytku, jego cechy sprawiaj\u0105, \u017ce sprawdzi si\u0119 r\u00f3wnie\u017c podczas aktywno\u015bci na \u015bwie\u017cym powietrzu, takich jak kemping, polowanie czy w\u0119dr\u00f3wki piesze.<\/li>\n<\/ul>\n<h3><strong>Streszczenie:<\/strong><\/h3>\n<p><strong>CRKT SQUID ASSISTED BLACK 2493<\/strong> to pi\u0119knie zaprojektowany i niezwykle funkcjonalny n\u00f3\u017c do codziennego noszenia. Dzi\u0119ki wspomaganemu otwieraniu, wysokiej jako\u015bci stali, solidnemu uchwytowi i p\u0142ynnemu otwieraniu dzi\u0119ki systemowi \u0142o\u017cysk kulkowych, jest to idealne narz\u0119dzie dla ka\u017cdego, kto szuka niezawodnego, \u0142atwego w u\u017cyciu narz\u0119dzia do codziennych zada\u0144. Niezale\u017cnie od tego, czy potrzebujesz no\u017ca do otwarcia paczki, przeci\u0119cia sznurka czy wykonania innych drobnych zada\u0144, ten n\u00f3\u017c nigdy Ci\u0119 nie zawiedzie.  <\/p>\n<\/div>\n<\/div>\n<\/div>\n<\/div>\n<div class=\"mb-2 flex gap-3 empty:hidden -ml-2\">\n<div class=\"items-center justify-start rounded-xl p-1 flex\">\n<div class=\"flex items-center\"><\/div>\n<\/div>\n<\/div>\n<div class=\"pr-2 lg:pr-0\"><\/div>\n<\/div>\n<\/div>\n<\/div>\n<\/div>\n<\/article>\n<\/div>\n<\/div>\n<\/div>\n<\/div>\n<\/div>\n<p><iframe title=\"CRKT SQUID\u2122 | Lucas Burnley Design\" width=\"800\" height=\"450\" src=\"https:\/\/www.youtube.com\/embed\/Hi4sEgwb9CU?feature=oembed\" frameborder=\"0\" allow=\"accelerometer; autoplay; clipboard-write; encrypted-media; gyroscope; picture-in-picture; web-share\" referrerpolicy=\"strict-origin-when-cross-origin\" allowfullscreen><\/iframe><\/p>\n<p><iframe title=\"Meet Knifemaker and Designer Lucas Burnley\" width=\"800\" height=\"450\" src=\"https:\/\/www.youtube.com\/embed\/GC8WctypoNo?feature=oembed\" frameborder=\"0\" allow=\"accelerometer; autoplay; clipboard-write; encrypted-media; gyroscope; picture-in-picture; web-share\" referrerpolicy=\"strict-origin-when-cross-origin\" allowfullscreen><\/iframe><\/p>\n<p><iframe title=\"CRKT ASSISTED OPENING | How It Works\" width=\"800\" height=\"450\" src=\"https:\/\/www.youtube.com\/embed\/QUSQFRDMrEI?feature=oembed\" frameborder=\"0\" allow=\"accelerometer; autoplay; clipboard-write; encrypted-media; gyroscope; picture-in-picture; web-share\" referrerpolicy=\"strict-origin-when-cross-origin\" allowfullscreen><\/iframe><\/p>\n<p>&nbsp;<\/p>\n","protected":false},"excerpt":{"rendered":"<div class=\"flex max-w-full flex-col flex-grow\">\n<div class=\"min-h-8 text-message flex w-full flex-col items-end gap-2 whitespace-normal break-words text-start [.text-message+&amp;]:mt-5\" dir=\"auto\" data-message-author-role=\"assistant\" data-message-id=\"ea06138a-2774-443a-a280-2c306eb68c67\" data-message-model-slug=\"gpt-4o-mini\">\n<div class=\"flex w-full flex-col gap-1 empty:hidden first:pt-[3px]\">\n<div class=\"markdown prose w-full break-words dark:prose-invert light\">\n<p><strong>CRKT SQUID ASSISTED BLACK 2493 to pi\u0119knie zaprojektowany i niezwykle funkcjonalny n\u00f3\u017c do codziennego noszenia. Dzi\u0119ki wspomaganemu otwieraniu, wysokiej jako\u015bci stali, solidnemu uchwytowi i p\u0142ynnemu otwieraniu dzi\u0119ki systemowi \u0142o\u017cysk kulkowych, jest to idealne narz\u0119dzie dla ka\u017cdego, kto szuka niezawodnego, \u0142atwego w u\u017cyciu narz\u0119dzia do codziennych zada\u0144. Niezale\u017cnie od tego, czy potrzebujesz no\u017ca do otwarcia paczki, przeci\u0119cia sznurka czy wykonania innych drobnych zada\u0144, ten n\u00f3\u017c nigdy Ci\u0119 nie zawiedzie.  <\/strong><\/p>\n<\/div>\n<\/div>\n<\/div>\n<\/div>\n<div class=\"mb-2 flex gap-3 empty:hidden -ml-2\">\n<div class=\"items-center justify-start rounded-xl p-1 flex\">\n<div class=\"flex items-center\"><\/div>\n<\/div>\n<\/div>\n","protected":false},"featured_media":326348,"comment_status":"open","ping_status":"closed","template":"","meta":[],"pwb-brand":[3458],"product_brand":[],"product_cat":[3307,3296],"product_tag":[3671],"class_list":{"0":"post-326347","1":"product","2":"type-product","3":"status-publish","4":"has-post-thumbnail","6":"pwb-brand-crkt-pl","7":"product_cat-zamykanie-nozy","8":"product_cat-noze-pl","9":"product_tag-b2b-pl","11":"first","12":"instock","13":"sale","14":"taxable","15":"shipping-taxable","16":"purchasable","17":"product-type-simple"},"brands":[{"id":3458,"name":"CRKT","slug":"crkt-pl"}],"_links":{"self":[{"href":"https:\/\/www.moskito.cz\/pl\/wp-json\/wp\/v2\/product\/326347","targetHints":{"allow":["GET"]}}],"collection":[{"href":"https:\/\/www.moskito.cz\/pl\/wp-json\/wp\/v2\/product"}],"about":[{"href":"https:\/\/www.moskito.cz\/pl\/wp-json\/wp\/v2\/types\/product"}],"replies":[{"embeddable":true,"href":"https:\/\/www.moskito.cz\/pl\/wp-json\/wp\/v2\/comments?post=326347"}],"wp:featuredmedia":[{"embeddable":true,"href":"https:\/\/www.moskito.cz\/pl\/wp-json\/wp\/v2\/media\/326348"}],"wp:attachment":[{"href":"https:\/\/www.moskito.cz\/pl\/wp-json\/wp\/v2\/media?parent=326347"}],"wp:term":[{"taxonomy":"pwb-brand","embeddable":true,"href":"https:\/\/www.moskito.cz\/pl\/wp-json\/wp\/v2\/pwb-brand?post=326347"},{"taxonomy":"product_brand","embeddable":true,"href":"https:\/\/www.moskito.cz\/pl\/wp-json\/wp\/v2\/product_brand?post=326347"},{"taxonomy":"product_cat","embeddable":true,"href":"https:\/\/www.moskito.cz\/pl\/wp-json\/wp\/v2\/product_cat?post=326347"},{"taxonomy":"product_tag","embeddable":true,"href":"https:\/\/www.moskito.cz\/pl\/wp-json\/wp\/v2\/product_tag?post=326347"}],"curies":[{"name":"wp","href":"https:\/\/api.w.org\/{rel}","templated":true}]}}