{"id":326419,"date":"2023-09-28T15:47:40","date_gmt":"2024-04-05T13:45:31","guid":{"rendered":"https:\/\/www.moskito.cz\/produkt\/noz-zamykajacy-crkt-tuna-compact-2522\/"},"modified":"2025-05-07T11:08:44","modified_gmt":"2025-05-07T10:08:44","slug":"noz-zamykajacy-crkt-tuna-compact-2522","status":"publish","type":"product","link":"https:\/\/www.moskito.cz\/pl\/produkt\/noz-zamykajacy-crkt-tuna-compact-2522\/","title":{"rendered":"N\u00f3\u017c zamykaj\u0105cy CRKT Tuna Compact 2522"},"content":{"rendered":"<p>N\u00f3\u017c zamykaj\u0105cy <strong>CRKT<\/strong> Tuna Compact 2522<\/p>\n<p>Ma\u0142a rybka, kt\u00f3ra rz\u0105dzi ka\u017cdym stawem.<\/p>\n<p>Mimo \u017ce Tuna\u2122 Compact jest niewielka, przywo\u0142uje na my\u015bl moc jednej z najwi\u0119kszych i najszybszych ryb na \u015bwiecie. Czerpie subteln\u0105 elegancj\u0119 oryginalnego projektanta Tuna\u2122, Lucasa Burnleya, i kondensuje j\u0105 w ultrakompaktowym sk\u0142adanym no\u017cu. Dzi\u0119ki profilowi \u200b\u200bsugeruj\u0105cemu silny p\u0119d do przodu i kszta\u0142towi ostrza przypominaj\u0105cego g\u0142\u0119binowego mi\u0119so\u017cerc\u0119, ten codzienny kawa\u0142ek przemieszcza si\u0119 przez bele i pude\u0142ka szybciej ni\u017c kawa\u0142ek b\u0142\u0119kitnop\u0142etwego po fali po w\u0105skiej linii.<\/p>\n<p>\u0141atwe ostrzenie: Ostrze ze stali nierdzewnej o wysokiej zawarto\u015bci w\u0119gla dobrze trzyma kraw\u0119d\u017a<br \/>\nP\u0142ynne otwieranie: sworze\u0144 z \u0142o\u017cyskiem kulkowym IKBS\u2122 p\u0142ynnie rozk\u0142ada ostrze<br \/>\n\u0141atwe otwieranie: ko\u0142ek pod kciuk umo\u017cliwia szybkie otwieranie jedn\u0105 r\u0119k\u0105<br \/>\nWyj\u0105tkowy chwyt: R\u0119koje\u015b\u0107 G10 zapewnia wyj\u0105tkow\u0105 przyczepno\u015b\u0107 w ka\u017cdych warunkach<br \/>\nBrutalna si\u0142a: Blokada ramy wykorzystuje mocn\u0105 \u015brub\u0119 do zabezpieczenia ostrza<br \/>\nNiski profil: Kieszonkowy klips zapewnia bezpieczne przenoszenie<\/p>\n<p>Szczeg\u00f3\u0142y ostrza<\/p>\n<p>Ostrze ze stali: 8Cr13MoV<br \/>\nKraw\u0119d\u017a ostrza g\u0142adka<br \/>\nWyko\u0144czenie ostrza typu stonewash<\/p>\n<p>D\u0142ugo\u015b\u0107 ostrza: 6,92 cm<br \/>\nGrubo\u015b\u0107 ostrza 0,36 cm<br \/>\nD\u0142ugo\u015b\u0107 ca\u0142kowita: 16,35 cm<br \/>\nD\u0142ugo\u015b\u0107 po zamkni\u0119ciu: 9,67 cm<br \/>\nWaga: 79,38 g<\/p>\n<p>Materia\u0142 r\u0119koje\u015bci G10 | Stal nierdzewna<br \/>\nStylowy n\u00f3\u017c sk\u0142adany z blokad\u0105 Frame Lock<\/p>\n<p>&nbsp;<\/p>\n","protected":false},"excerpt":{"rendered":"<p><strong>ProjektantLucas Burnley Bend, Oregon.<\/strong><\/p>\n<p><strong>Kiedy zapytasz Lucasa, co wprowadzi\u0142o go w \u015bwiat no\u017cy, gdy by\u0142 nastolatkiem, odpowie, \u017ce by\u0142y to historie o przetrwaniu, przygody terenowe z ojcem i spora dawka film\u00f3w akcji. Przez lata eksperymentowa\u0142 z szerok\u0105 gam\u0105 styl\u00f3w, aby umiej\u0119tnie \u0142\u0105czy\u0107 klasyczne przyk\u0142ady z nowoczesnymi materia\u0142ami i technikami, takimi jak n\u00f3\u017c Obake\u2122. Lucas wierzy, \u017ce no\u017ce s\u0105 osobistym wyrazem niezale\u017cno\u015bci. Nie mogli\u015bmy si\u0119 bardziej zgodzi\u0107.<\/strong><\/p>\n<p>&nbsp;<\/p>\n","protected":false},"featured_media":326420,"comment_status":"open","ping_status":"closed","template":"","meta":[],"pwb-brand":[3458],"product_brand":[],"product_cat":[3307,3296],"product_tag":[3671],"class_list":{"0":"post-326419","1":"product","2":"type-product","3":"status-publish","4":"has-post-thumbnail","6":"pwb-brand-crkt-pl","7":"product_cat-zamykanie-nozy","8":"product_cat-noze-pl","9":"product_tag-b2b-pl","11":"first","12":"instock","13":"taxable","14":"shipping-taxable","15":"purchasable","16":"product-type-simple"},"brands":[{"id":3458,"name":"CRKT","slug":"crkt-pl"}],"_links":{"self":[{"href":"https:\/\/www.moskito.cz\/pl\/wp-json\/wp\/v2\/product\/326419","targetHints":{"allow":["GET"]}}],"collection":[{"href":"https:\/\/www.moskito.cz\/pl\/wp-json\/wp\/v2\/product"}],"about":[{"href":"https:\/\/www.moskito.cz\/pl\/wp-json\/wp\/v2\/types\/product"}],"replies":[{"embeddable":true,"href":"https:\/\/www.moskito.cz\/pl\/wp-json\/wp\/v2\/comments?post=326419"}],"wp:featuredmedia":[{"embeddable":true,"href":"https:\/\/www.moskito.cz\/pl\/wp-json\/wp\/v2\/media\/326420"}],"wp:attachment":[{"href":"https:\/\/www.moskito.cz\/pl\/wp-json\/wp\/v2\/media?parent=326419"}],"wp:term":[{"taxonomy":"pwb-brand","embeddable":true,"href":"https:\/\/www.moskito.cz\/pl\/wp-json\/wp\/v2\/pwb-brand?post=326419"},{"taxonomy":"product_brand","embeddable":true,"href":"https:\/\/www.moskito.cz\/pl\/wp-json\/wp\/v2\/product_brand?post=326419"},{"taxonomy":"product_cat","embeddable":true,"href":"https:\/\/www.moskito.cz\/pl\/wp-json\/wp\/v2\/product_cat?post=326419"},{"taxonomy":"product_tag","embeddable":true,"href":"https:\/\/www.moskito.cz\/pl\/wp-json\/wp\/v2\/product_tag?post=326419"}],"curies":[{"name":"wp","href":"https:\/\/api.w.org\/{rel}","templated":true}]}}