{"id":326461,"date":"2023-03-22T18:46:34","date_gmt":"2024-04-05T13:47:40","guid":{"rendered":"https:\/\/www.moskito.cz\/produkt\/noz-zamykajacy-crkt-attaboy-5410\/"},"modified":"2025-05-07T11:08:46","modified_gmt":"2025-05-07T10:08:46","slug":"noz-zamykajacy-crkt-attaboy-5410","status":"publish","type":"product","link":"https:\/\/www.moskito.cz\/pl\/produkt\/noz-zamykajacy-crkt-attaboy-5410\/","title":{"rendered":"N\u00f3\u017c zamykaj\u0105cy CRKT ATTABOY 5410"},"content":{"rendered":"<p>N\u00f3\u017c zamykaj\u0105cy <strong>CRKT<\/strong> ATTABOY 5410<\/p>\n<p><strong>Lekki jak pi\u00f3rko, ostry jak pazur.<\/strong><\/p>\n<p>Zbudowany, aby poradzi\u0107 sobie z ka\u017cdym dniem, Attaboy\u2122 pakuje wszystko, czego potrzebujesz, od codziennego noszenia, do ultrakompaktowego sk\u0142adanego no\u017ca, kt\u00f3ry wa\u017cy zaledwie 3,5 uncji. Niezale\u017cnie od tego, czy jeste\u015b w pracy, czy zwiedzasz backcountry, nie spowolni Ci\u0119 to.<br \/>\nMocny i prosty: zamek Deadbolt\u00ae zapewnia niesamowit\u0105 wytrzyma\u0142o\u015b\u0107 i jest \u0142atwy w u\u017cyciu<br \/>\nWspomagane otwieranie: Flipper szybko rozk\u0142ada ostrze<br \/>\nP\u0142ynne otwieranie: sworze\u0144 z \u0142o\u017cyskiem kulkowym IKBS\u2122 p\u0142ynnie rozk\u0142ada ostrze<br \/>\nDoskona\u0142a wydajno\u015b\u0107: ostrze ze stali D2 zapewnia doskona\u0142e trzymanie ostrza<br \/>\nMocny i lekki: nylonowy uchwyt wzmocniony w\u0142\u00f3knem szklanym jest trwa\u0142y i lekki<br \/>\nNiski profil: G\u0142\u0119boki klips do przenoszenia mie\u015bci si\u0119 nisko w kieszeni<\/p>\n<p>SPECYFIKACJE<br \/>\nD\u0142ugo\u015b\u0107 ostrza 6,93 cm<br \/>\nKraw\u0119d\u017a ostrza g\u0142adka<br \/>\nOstrze ze stali D2<br \/>\nWyko\u0144czenie ostrza typu stonewash<br \/>\nGrubo\u015b\u0107 ostrza 0,32 cm<br \/>\nD\u0142ugo\u015b\u0107 ca\u0142kowita 16,51 cm<br \/>\nD\u0142ugo\u015b\u0107 po zamkni\u0119ciu 9,65 cm<br \/>\nWaga 99,22 g<br \/>\nR\u0119koje\u015b\u0107 Nylon wzmocniony szk\u0142em<br \/>\nStylowy n\u00f3\u017c sk\u0142adany z blokad\u0105 Deadbolt\u00ae<\/p>\n<p>&nbsp;<\/p>\n","protected":false},"excerpt":{"rendered":"<p><strong>Zaprojektowany przez Flavio Ikom\u0119 w Presidente Prudente w Brazylii<\/strong><\/p>\n","protected":false},"featured_media":326462,"comment_status":"open","ping_status":"closed","template":"","meta":[],"pwb-brand":[3458],"product_brand":[],"product_cat":[3307,3296],"product_tag":[3671],"class_list":{"0":"post-326461","1":"product","2":"type-product","3":"status-publish","4":"has-post-thumbnail","6":"pwb-brand-crkt-pl","7":"product_cat-zamykanie-nozy","8":"product_cat-noze-pl","9":"product_tag-b2b-pl","11":"first","12":"instock","13":"taxable","14":"shipping-taxable","15":"purchasable","16":"product-type-simple"},"brands":[{"id":3458,"name":"CRKT","slug":"crkt-pl"}],"_links":{"self":[{"href":"https:\/\/www.moskito.cz\/pl\/wp-json\/wp\/v2\/product\/326461","targetHints":{"allow":["GET"]}}],"collection":[{"href":"https:\/\/www.moskito.cz\/pl\/wp-json\/wp\/v2\/product"}],"about":[{"href":"https:\/\/www.moskito.cz\/pl\/wp-json\/wp\/v2\/types\/product"}],"replies":[{"embeddable":true,"href":"https:\/\/www.moskito.cz\/pl\/wp-json\/wp\/v2\/comments?post=326461"}],"wp:featuredmedia":[{"embeddable":true,"href":"https:\/\/www.moskito.cz\/pl\/wp-json\/wp\/v2\/media\/326462"}],"wp:attachment":[{"href":"https:\/\/www.moskito.cz\/pl\/wp-json\/wp\/v2\/media?parent=326461"}],"wp:term":[{"taxonomy":"pwb-brand","embeddable":true,"href":"https:\/\/www.moskito.cz\/pl\/wp-json\/wp\/v2\/pwb-brand?post=326461"},{"taxonomy":"product_brand","embeddable":true,"href":"https:\/\/www.moskito.cz\/pl\/wp-json\/wp\/v2\/product_brand?post=326461"},{"taxonomy":"product_cat","embeddable":true,"href":"https:\/\/www.moskito.cz\/pl\/wp-json\/wp\/v2\/product_cat?post=326461"},{"taxonomy":"product_tag","embeddable":true,"href":"https:\/\/www.moskito.cz\/pl\/wp-json\/wp\/v2\/product_tag?post=326461"}],"curies":[{"name":"wp","href":"https:\/\/api.w.org\/{rel}","templated":true}]}}