{"id":326479,"date":"2022-08-18T20:26:30","date_gmt":"2024-04-05T13:54:19","guid":{"rendered":"https:\/\/www.moskito.cz\/produkt\/noz-zamykajacy-crkt-pazoda-2-6470\/"},"modified":"2025-05-07T11:08:46","modified_gmt":"2025-05-07T10:08:46","slug":"noz-zamykajacy-crkt-pazoda-2-6470","status":"publish","type":"product","link":"https:\/\/www.moskito.cz\/pl\/produkt\/noz-zamykajacy-crkt-pazoda-2-6470\/","title":{"rendered":"N\u00f3\u017c zamykaj\u0105cy CRKT PAZODA 2 6470"},"content":{"rendered":"<p>N\u00f3\u017c zamykaj\u0105cy CRKT PAZODA 2 6470.<\/p>\n<p>Co wyr\u00f3\u017cnia dobry n\u00f3\u017c do logo? Powinna by\u0107 przyst\u0119pna cenowo i mie\u0107 du\u017ce, p\u0142askie powierzchnie na ostrzu lub ramie, odpowiednie do nadruku logo. Dlatego jeste\u015bmy bardzo szcz\u0119\u015bliwi mog\u0105c przedstawi\u0107 Pa\u0144stwu seri\u0119 Pazoda\u2122. S\u0105 to no\u017ce wysokiej jako\u015bci, kt\u00f3rych cena jest na tyle niska, \u017ce \u200b\u200bmo\u017cna je kupowa\u0107 hurtowo, a wszystkie maj\u0105 p\u0142askie powierzchnie, idealne do laserowego lub sitodruku \u201eCompany Billboard\u201d. Mo\u017cesz te\u017c zabra\u0107 dowoln\u0105 osob\u0119 do lokalnego domu trofe\u00f3w w celu osobistego grawerowania.<br \/>\nWyko\u0144czenie ostrza z ciemnoszarego azotku tytanu<br \/>\nUchwyty ze stali nierdzewnej<br \/>\nSuwak kciuka na ostrzu zapewnia optymaln\u0105 kontrol\u0119 ci\u0119cia.<\/p>\n<p>SPECYFIKACJE<br \/>\nKolor Szary i srebrny<br \/>\nD\u0142ugo\u015b\u0107 ostrza 2,14 cala (54,25 mm)<br \/>\nOstrze proste<br \/>\nOstrze ze stali 8Cr13MoV<br \/>\nObr\u00f3bka powierzchni ostrza Azotek tytanu<br \/>\nGrubo\u015b\u0107 ostrza 0,09 cala (2,21 mm)<br \/>\nD\u0142ugo\u015b\u0107 ca\u0142kowita 130,71 mm (5,15 cala)<br \/>\nD\u0142ugo\u015b\u0107 po zamkni\u0119ciu 2,98 cala (75,64 mm)<br \/>\nWaga 1,80 uncji (51,03 g)<br \/>\nR\u0119koje\u015b\u0107 Stal nierdzewna<br \/>\nStylowy n\u00f3\u017c sk\u0142adany z blokad\u0105 ramki<\/p>\n","protected":false},"excerpt":{"rendered":"<p>Co wyr\u00f3\u017cnia dobry n\u00f3\u017c do logo? Powinna by\u0107 przyst\u0119pna cenowo i mie\u0107 du\u017ce, p\u0142askie powierzchnie na ostrzu lub ramie, odpowiednie do nadruku logo.<\/p>\n","protected":false},"featured_media":326480,"comment_status":"open","ping_status":"closed","template":"","meta":[],"pwb-brand":[3458],"product_brand":[],"product_cat":[3296,3307],"product_tag":[3671],"class_list":{"0":"post-326479","1":"product","2":"type-product","3":"status-publish","4":"has-post-thumbnail","6":"pwb-brand-crkt-pl","7":"product_cat-noze-pl","8":"product_cat-zamykanie-nozy","9":"product_tag-b2b-pl","11":"first","12":"outofstock","13":"taxable","14":"shipping-taxable","15":"purchasable","16":"product-type-simple"},"brands":[{"id":3458,"name":"CRKT","slug":"crkt-pl"}],"_links":{"self":[{"href":"https:\/\/www.moskito.cz\/pl\/wp-json\/wp\/v2\/product\/326479","targetHints":{"allow":["GET"]}}],"collection":[{"href":"https:\/\/www.moskito.cz\/pl\/wp-json\/wp\/v2\/product"}],"about":[{"href":"https:\/\/www.moskito.cz\/pl\/wp-json\/wp\/v2\/types\/product"}],"replies":[{"embeddable":true,"href":"https:\/\/www.moskito.cz\/pl\/wp-json\/wp\/v2\/comments?post=326479"}],"wp:featuredmedia":[{"embeddable":true,"href":"https:\/\/www.moskito.cz\/pl\/wp-json\/wp\/v2\/media\/326480"}],"wp:attachment":[{"href":"https:\/\/www.moskito.cz\/pl\/wp-json\/wp\/v2\/media?parent=326479"}],"wp:term":[{"taxonomy":"pwb-brand","embeddable":true,"href":"https:\/\/www.moskito.cz\/pl\/wp-json\/wp\/v2\/pwb-brand?post=326479"},{"taxonomy":"product_brand","embeddable":true,"href":"https:\/\/www.moskito.cz\/pl\/wp-json\/wp\/v2\/product_brand?post=326479"},{"taxonomy":"product_cat","embeddable":true,"href":"https:\/\/www.moskito.cz\/pl\/wp-json\/wp\/v2\/product_cat?post=326479"},{"taxonomy":"product_tag","embeddable":true,"href":"https:\/\/www.moskito.cz\/pl\/wp-json\/wp\/v2\/product_tag?post=326479"}],"curies":[{"name":"wp","href":"https:\/\/api.w.org\/{rel}","templated":true}]}}