{"id":326505,"date":"2021-07-31T20:12:49","date_gmt":"2024-04-05T13:58:36","guid":{"rendered":"https:\/\/www.moskito.cz\/produkt\/noz-zamykajacy-crkt-pilar-duzy-g10\/"},"modified":"2025-05-07T11:08:47","modified_gmt":"2025-05-07T10:08:47","slug":"noz-zamykajacy-crkt-pilar-duzy-g10","status":"publish","type":"product","link":"https:\/\/www.moskito.cz\/pl\/produkt\/noz-zamykajacy-crkt-pilar-duzy-g10\/","title":{"rendered":"N\u00f3\u017c zamykaj\u0105cy CRKT PILAR DU\u017bY G10"},"content":{"rendered":"<p>N\u00f3\u017c zamykaj\u0105cy <strong>CRKT<\/strong> PILAR DU\u017bY G10.<\/p>\n<p>Zaprojektowany przez Jespera Voxnaesa w Loegstrup w Danii<br \/>\nGdzie minimalny design \u0142\u0105czy si\u0119 z maksymaln\u0105 u\u017cyteczno\u015bci\u0105. Pilar\u00ae to kompaktowy n\u00f3\u017c do codziennego u\u017cytku o uderzaj\u0105cym minimalistycznym designie i epickiej historii kryj\u0105cej si\u0119 za jego nazw\u0105.<br \/>\nDu\u017ca wersja bestsellera Pilar\u00ae<br \/>\nOstrze ze stali nierdzewnej o wysokiej zawarto\u015bci w\u0119gla dobrze trzyma kraw\u0119d\u017a i jest idealne do codziennego noszenia<br \/>\nOtwierane klapk\u0105 umo\u017cliwiaj\u0105ce szybkie roz\u0142o\u017cenie ostrza<br \/>\nChwyt G10 zapewnia wyj\u0105tkow\u0105 przyczepno\u015b\u0107 w ka\u017cdych warunkach pogodowych<br \/>\nDwupozycyjny klips do opcji podnoszenia lub opuszczania<\/p>\n<p>SPECYFIKACJE<br \/>\nD\u0142ugo\u015b\u0107 ostrza 2,67 cala (67,79 mm)<br \/>\nKraw\u0119d\u017a ostrza prosta<br \/>\nOstrze ze stali 8Cr14MoV<br \/>\nSatynowe wyko\u0144czenie ostrza<br \/>\nGrubo\u015b\u0107 ostrza 0,73 cala (3,73 mm)<br \/>\nD\u0142ugo\u015b\u0107 ca\u0142kowita 6,69 cala (169,88 mm)<br \/>\nD\u0142ugo\u015b\u0107 zamkni\u0119ta 4,00 cala (101,55 mm)<br \/>\nWaga 3,80 uncji (107,73 g)<br \/>\nR\u0119koje\u015b\u0107 G10<br \/>\nStylowy n\u00f3\u017c sk\u0142adany z blokad\u0105 ramki<\/p>\n<p><strong>CRKT\u00ae<\/strong> (Columbia River Knife and Tool\u00ae) zosta\u0142a za\u0142o\u017cona w 1994 roku. Od pierwszego dnia na pierwszym miejscu stawia innowacyjno\u015b\u0107 i uczciwo\u015b\u0107. Jego zaanga\u017cowaniem jest tworzenie no\u017cy i narz\u0119dzi, kt\u00f3re inspiruj\u0105 i s\u0105 trwa\u0142e. Wsp\u00f3\u0142pracuje z najlepszymi projektantami na \u015bwiecie i kieruje si\u0119 prost\u0105 zasad\u0105: \u017ce najwspanialsz\u0105 rzecz\u0105, jak\u0105 mo\u017ce da\u0107 klientom, jest zaufanie do swoich r\u0105k.<\/p>\n","protected":false},"excerpt":{"rendered":"<p>N\u00f3\u017c blokowany z zabezpieczeniem i klipsem do przenoszenia.<\/p>\n","protected":false},"featured_media":326506,"comment_status":"open","ping_status":"closed","template":"","meta":[],"pwb-brand":[3458],"product_brand":[],"product_cat":[3307,3296],"product_tag":[3671],"class_list":{"0":"post-326505","1":"product","2":"type-product","3":"status-publish","4":"has-post-thumbnail","6":"pwb-brand-crkt-pl","7":"product_cat-zamykanie-nozy","8":"product_cat-noze-pl","9":"product_tag-b2b-pl","11":"first","12":"instock","13":"sale","14":"taxable","15":"shipping-taxable","16":"purchasable","17":"product-type-simple"},"brands":[{"id":3458,"name":"CRKT","slug":"crkt-pl"}],"_links":{"self":[{"href":"https:\/\/www.moskito.cz\/pl\/wp-json\/wp\/v2\/product\/326505","targetHints":{"allow":["GET"]}}],"collection":[{"href":"https:\/\/www.moskito.cz\/pl\/wp-json\/wp\/v2\/product"}],"about":[{"href":"https:\/\/www.moskito.cz\/pl\/wp-json\/wp\/v2\/types\/product"}],"replies":[{"embeddable":true,"href":"https:\/\/www.moskito.cz\/pl\/wp-json\/wp\/v2\/comments?post=326505"}],"wp:featuredmedia":[{"embeddable":true,"href":"https:\/\/www.moskito.cz\/pl\/wp-json\/wp\/v2\/media\/326506"}],"wp:attachment":[{"href":"https:\/\/www.moskito.cz\/pl\/wp-json\/wp\/v2\/media?parent=326505"}],"wp:term":[{"taxonomy":"pwb-brand","embeddable":true,"href":"https:\/\/www.moskito.cz\/pl\/wp-json\/wp\/v2\/pwb-brand?post=326505"},{"taxonomy":"product_brand","embeddable":true,"href":"https:\/\/www.moskito.cz\/pl\/wp-json\/wp\/v2\/product_brand?post=326505"},{"taxonomy":"product_cat","embeddable":true,"href":"https:\/\/www.moskito.cz\/pl\/wp-json\/wp\/v2\/product_cat?post=326505"},{"taxonomy":"product_tag","embeddable":true,"href":"https:\/\/www.moskito.cz\/pl\/wp-json\/wp\/v2\/product_tag?post=326505"}],"curies":[{"name":"wp","href":"https:\/\/api.w.org\/{rel}","templated":true}]}}