{"id":326508,"date":"2022-08-16T20:10:11","date_gmt":"2024-04-05T14:03:45","guid":{"rendered":"https:\/\/www.moskito.cz\/produkt\/noz-zamykajacy-crkt-lanny-6525\/"},"modified":"2025-05-07T11:08:48","modified_gmt":"2025-05-07T10:08:48","slug":"noz-zamykajacy-crkt-lanny-6525","status":"publish","type":"product","link":"https:\/\/www.moskito.cz\/pl\/produkt\/noz-zamykajacy-crkt-lanny-6525\/","title":{"rendered":"N\u00f3\u017c zamykaj\u0105cy CRKT LANNY 6525"},"content":{"rendered":"<p>N\u00f3\u017c zamykaj\u0105cy <strong>CRKT<\/strong> LANNY 6525.<\/p>\n<p>Zbudowany z my\u015bl\u0105 o nostalgii. Zainspirowany legendarnym klipsem Lanny&#8217;s Clip Tony&#8217;ego Bose&#8217;a, n\u00f3\u017c Lanny\u2122 Everyday Carry Knife przyjmuje klasyczny styl \u0142\u0105czenia przesuwnego i przenosi go w przysz\u0142o\u015b\u0107 dzi\u0119ki innowacjom wspomaganego otwierania zapewniaj\u0105cym niewiarygodnie du\u017ce pr\u0119dko\u015bci otwierania. Nazwij to najbardziej nostalgicznym, ale futurystycznym transferem.<\/p>\n<p>Liong Mah z Palm Bay na Florydzie wie, jak to zrobi\u0107, od znajomego faworyta. Kiedy zdecydowa\u0142 si\u0119 przenie\u015b\u0107 klasyczny Lanny&#8217;s Clip w przysz\u0142o\u015b\u0107, dok\u0142adnie okre\u015bli\u0142, co nale\u017cy zachowa\u0107, a co dok\u0142adnie od\u015bwie\u017cy\u0107. Liong zmniejszy\u0142 rozmiar i wykona\u0142 nieco ponad 3-calowe zmodyfikowane ostrze klipsowe z \u0142atwej do szlifowania stali nierdzewnej o wysokiej zawarto\u015bci w\u0119gla. W d\u0142oni aluminiowa r\u0105czka doskonale nosi si\u0119 w kieszeni.<\/p>\n<p>Aby zdecydowanie wyr\u00f3\u017cni\u0107 ten model na tle innych, Liong zbudowa\u0142 Lanny\u2122 w oparciu o innowacj\u0119 wspomaganego otwierania. Przesu\u0144 ostrze cz\u0119\u015bciowo, a wspomagane otwieranie zostanie aktywowane i otworzy si\u0119 z bardzo du\u017c\u0105 pr\u0119dko\u015bci\u0105. System obrotowy z \u0142o\u017cyskiem kulkowym IKBS\u2122 zapewnia p\u0142ynny obr\u00f3t, a blokada wk\u0142adki utrzymuje j\u0105 pewnie na miejscu.<\/p>\n<p>Futurystyczny leporelo, kt\u00f3ry sprawia wra\u017cenie, jakby\u015b nosi\u0142 go od lat.<\/p>\n<p>Jak dzia\u0142a wspomagane otwieranie<br \/>\nTrzyma si\u0119 bezpiecznie w kieszeni, ale wystarczy rozpocz\u0105\u0107 rozk\u0142adanie, a ostrze otwiera si\u0119 z imponuj\u0105c\u0105 pr\u0119dko\u015bci\u0105 podczas obrotu, zapewniaj\u0105c proste i mocne otwarcie jedn\u0105 r\u0119k\u0105.<\/p>\n<p>SPECYFIKACJE<br \/>\nD\u0142ugo\u015b\u0107 ostrza 3,18 cala (80,65 mm)<br \/>\nOstrze proste<br \/>\nOstrze ze stali 8Cr13MoV<br \/>\nObr\u00f3bka powierzchni ostrza Satyna<br \/>\nGrubo\u015b\u0107 ostrza 0,15 cala (3,68 mm)<br \/>\nD\u0142ugo\u015b\u0107 ca\u0142kowita 7,44 cala (188,93 mm)<br \/>\nD\u0142ugo\u015b\u0107 po zamkni\u0119ciu 4,26 cala (108,25 mm)<br \/>\nWaga 4,10 uncji (116,23 g)<br \/>\nUchwyt aluminiowy<br \/>\nN\u00f3\u017c sk\u0142adany Style Assisted z blokad\u0105 Liner Lock<\/p>\n<p><iframe title=\"CRKT LANNY | Liong Mah Design\" width=\"800\" height=\"450\" src=\"https:\/\/www.youtube.com\/embed\/KIiQuTTB8Qk?feature=oembed\" frameborder=\"0\" allow=\"accelerometer; autoplay; clipboard-write; encrypted-media; gyroscope; picture-in-picture; web-share\" referrerpolicy=\"strict-origin-when-cross-origin\" allowfullscreen><\/iframe><\/p>\n<p>&nbsp;<\/p>\n","protected":false},"excerpt":{"rendered":"<p>Zaprojektowany przez Liong Mah w Palm Bay na Florydzie.<\/p>\n","protected":false},"featured_media":326509,"comment_status":"open","ping_status":"closed","template":"","meta":[],"pwb-brand":[3458],"product_brand":[],"product_cat":[3307,3296],"product_tag":[3671],"class_list":{"0":"post-326508","1":"product","2":"type-product","3":"status-publish","4":"has-post-thumbnail","6":"pwb-brand-crkt-pl","7":"product_cat-zamykanie-nozy","8":"product_cat-noze-pl","9":"product_tag-b2b-pl","11":"first","12":"instock","13":"taxable","14":"shipping-taxable","15":"purchasable","16":"product-type-simple"},"brands":[{"id":3458,"name":"CRKT","slug":"crkt-pl"}],"_links":{"self":[{"href":"https:\/\/www.moskito.cz\/pl\/wp-json\/wp\/v2\/product\/326508","targetHints":{"allow":["GET"]}}],"collection":[{"href":"https:\/\/www.moskito.cz\/pl\/wp-json\/wp\/v2\/product"}],"about":[{"href":"https:\/\/www.moskito.cz\/pl\/wp-json\/wp\/v2\/types\/product"}],"replies":[{"embeddable":true,"href":"https:\/\/www.moskito.cz\/pl\/wp-json\/wp\/v2\/comments?post=326508"}],"wp:featuredmedia":[{"embeddable":true,"href":"https:\/\/www.moskito.cz\/pl\/wp-json\/wp\/v2\/media\/326509"}],"wp:attachment":[{"href":"https:\/\/www.moskito.cz\/pl\/wp-json\/wp\/v2\/media?parent=326508"}],"wp:term":[{"taxonomy":"pwb-brand","embeddable":true,"href":"https:\/\/www.moskito.cz\/pl\/wp-json\/wp\/v2\/pwb-brand?post=326508"},{"taxonomy":"product_brand","embeddable":true,"href":"https:\/\/www.moskito.cz\/pl\/wp-json\/wp\/v2\/product_brand?post=326508"},{"taxonomy":"product_cat","embeddable":true,"href":"https:\/\/www.moskito.cz\/pl\/wp-json\/wp\/v2\/product_cat?post=326508"},{"taxonomy":"product_tag","embeddable":true,"href":"https:\/\/www.moskito.cz\/pl\/wp-json\/wp\/v2\/product_tag?post=326508"}],"curies":[{"name":"wp","href":"https:\/\/api.w.org\/{rel}","templated":true}]}}