{"id":326574,"date":"2023-10-03T16:02:44","date_gmt":"2024-04-05T14:08:39","guid":{"rendered":"https:\/\/www.moskito.cz\/produkt\/noz-zamykajacy-crkt-overland-compact-6277\/"},"modified":"2025-05-07T11:08:49","modified_gmt":"2025-05-07T10:08:49","slug":"noz-zamykajacy-crkt-overland-compact-6277","status":"publish","type":"product","link":"https:\/\/www.moskito.cz\/pl\/produkt\/noz-zamykajacy-crkt-overland-compact-6277\/","title":{"rendered":"N\u00f3\u017c zamykaj\u0105cy CRKT Overland Compact 6277"},"content":{"rendered":"<p>N\u00f3\u017c zamykaj\u0105cy <strong>CRKT<\/strong> Overland Compact 6277<\/p>\n<p>Kompaktowy n\u00f3\u017c sk\u0142adany gotowy na podb\u00f3j ka\u017cdego terenu.<\/p>\n<p>Mo\u017ce i jest ma\u0142y, ale podobnie jak ulepszone przyczepy 4&#215;4, kt\u00f3re zainspirowa\u0142y jego nazw\u0119, Overland\u2122 Compact jest przebudowany i gotowy na najtrudniejsze warunki. Pobiera elementy konstrukcyjne i materia\u0142y pe\u0142nowymiarowego Overland\u2122 i umieszcza je w ultraprzeno\u015bnej obudowie, kt\u00f3ra praktycznie znika w Twojej kieszeni. Kiedy nadejdzie czas, aby zatrzyma\u0107 konw\u00f3j i rozbi\u0107 ob\u00f3z, ten n\u00f3\u017c szybko przygotuje lekki posi\u0142ek i utnie idealn\u0105 piank\u0119 marshmallow.<\/p>\n<p>Doskona\u0142a wydajno\u015b\u0107: ostrze ze stali D2 zapewnia doskona\u0142e trzymanie ostrza<br \/>\n\u0141atwe otwieranie: kciuk umo\u017cliwia szybkie otwieranie jedn\u0105 r\u0119k\u0105<br \/>\nMocny i trwa\u0142y: G10 z uchwytem ze stali nierdzewnej \u0142\u0105czy w sobie trwa\u0142o\u015b\u0107 i wytrzyma\u0142o\u015b\u0107<br \/>\nBrutalna si\u0142a: Blokada ramy wykorzystuje mocn\u0105 \u015brub\u0119 do zabezpieczenia ostrza<br \/>\nNiski profil: Kieszonkowy klips zapewnia bezpieczne przenoszenie<br \/>\nAtrakcyjny wygl\u0105d: anodowany na pomara\u0144czowo pier\u015bcie\u0144 obrotowy i akcenty tylnej przek\u0142adki<\/p>\n<p>Ostrze ze stali D2<br \/>\nKraw\u0119d\u017a ostrza g\u0142adka<br \/>\nWyko\u0144czenie ostrza typu stonewash<\/p>\n<p>D\u0142ugo\u015b\u0107 ostrza: 5,67 cm<br \/>\nGrubo\u015b\u0107 ostrza: 0,32 cm<br \/>\nD\u0142ugo\u015b\u0107 ca\u0142kowita: 13,74 cm<br \/>\nD\u0142ugo\u015b\u0107 po zamkni\u0119ciu: 8,10 cm<br \/>\nWaga: 87,88 g<\/p>\n<p>jMateria\u0142 r\u0119koje\u015bci G10 | Stal nierdzewna<br \/>\nStylowy n\u00f3\u017c sk\u0142adany z blokad\u0105 Frame Lock<\/p>\n<p>&nbsp;<\/p>\n<p>&nbsp;<\/p>\n","protected":false},"excerpt":{"rendered":"<p><strong>ProjektantT.J. Schwarzboise, Idaho<\/strong><\/p>\n<p><strong>TJ mia\u0142 zosta\u0107 projektantem samochod\u00f3w. W szkole \u015bredniej odkry\u0142 swoj\u0105 niesamowit\u0105 umiej\u0119tno\u015b\u0107 rysowania samochod\u00f3w \u2013 by\u0142 w tym tak dobry, \u017ce ju\u017c na studiach przyjmowa\u0142 zlecenia od w\u0142a\u015bcicieli klasycznych samochod\u00f3w. Gdy jego kariera zaczyna\u0142a si\u0119 na drogach samochodowych, wkroczy\u0142 jego dobry przyjaciel Bill Koenig z Koenig Knives i wszystko si\u0119 zmieni\u0142o. Kiedy ju\u017c posmakowa\u0142 projektu no\u017cy, nigdy nie ogl\u0105da\u0142 si\u0119 za siebie. Kiedy wi\u0119c m\u00f3wi\u0105 \u201ezbudowany z my\u015bl\u0105 o wydajno\u015bci\u201d, maj\u0105 to na my\u015bli.<\/strong><\/p>\n<p>&nbsp;<\/p>\n","protected":false},"featured_media":326575,"comment_status":"open","ping_status":"closed","template":"","meta":[],"pwb-brand":[3458],"product_brand":[],"product_cat":[3307,3296],"product_tag":[3671],"class_list":{"0":"post-326574","1":"product","2":"type-product","3":"status-publish","4":"has-post-thumbnail","6":"pwb-brand-crkt-pl","7":"product_cat-zamykanie-nozy","8":"product_cat-noze-pl","9":"product_tag-b2b-pl","11":"first","12":"outofstock","13":"sale","14":"taxable","15":"shipping-taxable","16":"purchasable","17":"product-type-simple"},"brands":[{"id":3458,"name":"CRKT","slug":"crkt-pl"}],"_links":{"self":[{"href":"https:\/\/www.moskito.cz\/pl\/wp-json\/wp\/v2\/product\/326574","targetHints":{"allow":["GET"]}}],"collection":[{"href":"https:\/\/www.moskito.cz\/pl\/wp-json\/wp\/v2\/product"}],"about":[{"href":"https:\/\/www.moskito.cz\/pl\/wp-json\/wp\/v2\/types\/product"}],"replies":[{"embeddable":true,"href":"https:\/\/www.moskito.cz\/pl\/wp-json\/wp\/v2\/comments?post=326574"}],"wp:featuredmedia":[{"embeddable":true,"href":"https:\/\/www.moskito.cz\/pl\/wp-json\/wp\/v2\/media\/326575"}],"wp:attachment":[{"href":"https:\/\/www.moskito.cz\/pl\/wp-json\/wp\/v2\/media?parent=326574"}],"wp:term":[{"taxonomy":"pwb-brand","embeddable":true,"href":"https:\/\/www.moskito.cz\/pl\/wp-json\/wp\/v2\/pwb-brand?post=326574"},{"taxonomy":"product_brand","embeddable":true,"href":"https:\/\/www.moskito.cz\/pl\/wp-json\/wp\/v2\/product_brand?post=326574"},{"taxonomy":"product_cat","embeddable":true,"href":"https:\/\/www.moskito.cz\/pl\/wp-json\/wp\/v2\/product_cat?post=326574"},{"taxonomy":"product_tag","embeddable":true,"href":"https:\/\/www.moskito.cz\/pl\/wp-json\/wp\/v2\/product_tag?post=326574"}],"curies":[{"name":"wp","href":"https:\/\/api.w.org\/{rel}","templated":true}]}}