{"id":326659,"date":"2022-08-16T19:50:31","date_gmt":"2024-04-05T14:16:15","guid":{"rendered":"https:\/\/www.moskito.cz\/produkt\/noz-zamykajacy-crkt-ceo-compact-7095\/"},"modified":"2025-05-14T09:19:51","modified_gmt":"2025-05-14T08:19:51","slug":"noz-zamykajacy-crkt-ceo-compact-7095","status":"publish","type":"product","link":"https:\/\/www.moskito.cz\/pl\/produkt\/noz-zamykajacy-crkt-ceo-compact-7095\/","title":{"rendered":"N\u00f3\u017c zamykaj\u0105cy CRKT CEO COMPACT 7095"},"content":{"rendered":"<p><strong style=\"font-family: -apple-system, BlinkMacSystemFont, 'Segoe UI', Roboto, 'Helvetica Neue', Arial, 'Noto Sans', sans-serif, 'Apple Color Emoji', 'Segoe UI Emoji', 'Segoe UI Symbol', 'Noto Color Emoji';\">N\u00f3\u017c sk\u0142adany CRKT CEO COMPACT 7095<\/strong> <span style=\"font-family: -apple-system, BlinkMacSystemFont, 'Segoe UI', Roboto, 'Helvetica Neue', Arial, 'Noto Sans', sans-serif, 'Apple Color Emoji', 'Segoe UI Emoji', 'Segoe UI Symbol', 'Noto Color Emoji';\">to \u015bwietny wyb\u00f3r dla os\u00f3b poszukuj\u0105cych<\/span> <strong style=\"font-family: -apple-system, BlinkMacSystemFont, 'Segoe UI', Roboto, 'Helvetica Neue', Arial, 'Noto Sans', sans-serif, 'Apple Color Emoji', 'Segoe UI Emoji', 'Segoe UI Symbol', 'Noto Color Emoji';\">eleganckiego<\/strong> <span style=\"font-family: -apple-system, BlinkMacSystemFont, 'Segoe UI', Roboto, 'Helvetica Neue', Arial, 'Noto Sans', sans-serif, 'Apple Color Emoji', 'Segoe UI Emoji', 'Segoe UI Symbol', 'Noto Color Emoji';\">i<\/span> <strong style=\"font-family: -apple-system, BlinkMacSystemFont, 'Segoe UI', Roboto, 'Helvetica Neue', Arial, 'Noto Sans', sans-serif, 'Apple Color Emoji', 'Segoe UI Emoji', 'Segoe UI Symbol', 'Noto Color Emoji';\">kompaktowego<\/strong> <span style=\"font-family: -apple-system, BlinkMacSystemFont, 'Segoe UI', Roboto, 'Helvetica Neue', Arial, 'Noto Sans', sans-serif, 'Apple Color Emoji', 'Segoe UI Emoji', 'Segoe UI Symbol', 'Noto Color Emoji';\">no\u017ca, idealnego do<\/span> <strong style=\"font-family: -apple-system, BlinkMacSystemFont, 'Segoe UI', Roboto, 'Helvetica Neue', Arial, 'Noto Sans', sans-serif, 'Apple Color Emoji', 'Segoe UI Emoji', 'Segoe UI Symbol', 'Noto Color Emoji';\">codziennego noszenia.<\/strong><span style=\"font-family: -apple-system, BlinkMacSystemFont, 'Segoe UI', Roboto, 'Helvetica Neue', Arial, 'Noto Sans', sans-serif, 'Apple Color Emoji', 'Segoe UI Emoji', 'Segoe UI Symbol', 'Noto Color Emoji';\">  (EDC) i zmie\u015bci si\u0119 w ka\u017cdej kieszeni lub torbie. Ten model jest wersj\u0105 popularnego   <\/span><strong style=\"font-family: -apple-system, BlinkMacSystemFont, 'Segoe UI', Roboto, 'Helvetica Neue', Arial, 'Noto Sans', sans-serif, 'Apple Color Emoji', 'Segoe UI Emoji', 'Segoe UI Symbol', 'Noto Color Emoji';\">CEO<\/strong> <span style=\"font-family: -apple-system, BlinkMacSystemFont, 'Segoe UI', Roboto, 'Helvetica Neue', Arial, 'Noto Sans', sans-serif, 'Apple Color Emoji', 'Segoe UI Emoji', 'Segoe UI Symbol', 'Noto Color Emoji';\">, zaprojektowany przez projektanta<\/span> <strong style=\"font-family: -apple-system, BlinkMacSystemFont, 'Segoe UI', Roboto, 'Helvetica Neue', Arial, 'Noto Sans', sans-serif, 'Apple Color Emoji', 'Segoe UI Emoji', 'Segoe UI Symbol', 'Noto Color Emoji';\">Richarda Rogersa<\/strong> <span style=\"font-family: -apple-system, BlinkMacSystemFont, 'Segoe UI', Roboto, 'Helvetica Neue', Arial, 'Noto Sans', sans-serif, 'Apple Color Emoji', 'Segoe UI Emoji', 'Segoe UI Symbol', 'Noto Color Emoji';\">, jest<\/span> <strong style=\"font-family: -apple-system, BlinkMacSystemFont, 'Segoe UI', Roboto, 'Helvetica Neue', Arial, 'Noto Sans', sans-serif, 'Apple Color Emoji', 'Segoe UI Emoji', 'Segoe UI Symbol', 'Noto Color Emoji';\">mniejszy<\/strong> <span style=\"font-family: -apple-system, BlinkMacSystemFont, 'Segoe UI', Roboto, 'Helvetica Neue', Arial, 'Noto Sans', sans-serif, 'Apple Color Emoji', 'Segoe UI Emoji', 'Segoe UI Symbol', 'Noto Color Emoji';\">, dzi\u0119ki czemu \u0142atwiej go nosi\u0107 i u\u017cywa\u0107 na co dzie\u0144, w \u015brodowiskach zawodowych i biurowych.<\/span><\/p>\n<div class=\"flex-1 overflow-hidden @container\/thread\">\n<div class=\"h-full\">\n<div class=\"react-scroll-to-bottom--css-vxybp-79elbk h-full\">\n<div class=\"react-scroll-to-bottom--css-vxybp-1n7m0yu\">\n<div class=\"flex flex-col text-sm\">\n<article class=\"w-full scroll-mb-[var(--thread-trailing-height,150px)] text-token-text-primary focus-visible:outline-2 focus-visible:outline-offset-[-4px]\" dir=\"auto\" data-testid=\"conversation-turn-381\" data-scroll-anchor=\"true\">\n<div class=\"m-auto text-base py-[18px] px-3 md:px-4 w-full md:px-5 lg:px-4 xl:px-5\">\n<div class=\"mx-auto flex flex-1 gap-4 text-base md:gap-5 lg:gap-6 md:max-w-3xl\">\n<div class=\"group\/conversation-turn relative flex w-full min-w-0 flex-col agent-turn\">\n<div class=\"flex-col gap-1 md:gap-3\">\n<div class=\"flex max-w-full flex-col flex-grow\">\n<div class=\"min-h-8 text-message flex w-full flex-col items-end gap-2 whitespace-normal break-words text-start [.text-message+&amp;]:mt-5\" dir=\"auto\" data-message-author-role=\"assistant\" data-message-id=\"2f61b6b7-ffbb-468f-a9e6-7637ac73046e\" data-message-model-slug=\"gpt-4o-mini\">\n<div class=\"flex w-full flex-col gap-1 empty:hidden first:pt-[3px]\">\n<div class=\"markdown prose w-full break-words dark:prose-invert light\">\n<h3>G\u0142\u00f3wne cechy <strong>CRKT CEO COMPACT 7095<\/strong> :<\/h3>\n<h4>1. <strong>Kompaktowa i dyskretna konstrukcja<\/strong><\/h4>\n<ul>\n<li><strong>Wygodny w noszeniu:<\/strong> N\u00f3\u017c zaprojektowano tak, aby <strong>wygl\u0105da\u0142 jak d\u0142ugopis<\/strong> , dzi\u0119ki czemu idealnie nadaje si\u0119 dla <strong>d\u017centelmen\u00f3w<\/strong> lub os\u00f3b potrzebuj\u0105cych <strong>praktycznego narz\u0119dzia<\/strong> do codziennego u\u017cytku w biurze lub na spotkaniach. Dzi\u0119ki <strong>kompaktowym wymiarom<\/strong> jest bardzo dyskretny i mo\u017cna go \u0142atwo ukry\u0107 w kieszeni, nie zwracaj\u0105c na siebie uwagi. <\/li>\n<li><strong>Rozmiar kieszonkowy:<\/strong> D\u0142ugo\u015b\u0107 ca\u0142kowita no\u017ca wynosi <strong>6,13&#8243;<\/strong> (155,58 mm), a d\u0142ugo\u015b\u0107 ostrza <strong>2,61&#8243;<\/strong> (66,27 mm). N\u00f3\u017c jest na tyle ma\u0142y, \u017ce zmie\u015bci si\u0119 w <strong>ka\u017cdej kieszeni<\/strong> , dzi\u0119ki czemu jest idealnym towarzyszem do codziennego noszenia.<\/li>\n<\/ul>\n<h4>2. <strong>Szybkie i p\u0142ynne otwieranie<\/strong><\/h4>\n<ul>\n<li><strong>Szybko otwierana p\u0142etwa:<\/strong> N\u00f3\u017c wyposa\u017cony jest w <strong>p\u0142etw\u0119<\/strong> umo\u017cliwiaj\u0105c\u0105 \u0142atwe i szybkie otwarcie jedn\u0105 r\u0119k\u0105. Mechanizm ten jest idealny, gdy potrzebujesz szybkiego dost\u0119pu do no\u017ca, gdy jest to potrzebne. <\/li>\n<li><strong>System \u0142o\u017cysk kulkowych IKBS\u2122:<\/strong> <strong>\u0141o\u017cyska kulkowe<\/strong> zapewniaj\u0105 p\u0142ynny i <strong>ci\u0105g\u0142y obr\u00f3t ostrza<\/strong> , co oznacza, \u017ce \u200b\u200bostrze otwiera si\u0119 przy minimalnym wysi\u0142ku i bardzo szybko.<\/li>\n<\/ul>\n<h4>3. <strong>Ostrze i materia\u0142y<\/strong><\/h4>\n<ul>\n<li><strong>Stal 1.4116:<\/strong> Ostrze wykonane jest ze <strong>stali 1.4116<\/strong> , kt\u00f3ra jest <strong>stal\u0105 nierdzewn\u0105 o wysokiej zawarto\u015bci w\u0119gla<\/strong> , znan\u0105 ze swojej <strong>odporno\u015bci na korozj\u0119<\/strong> i <strong>dobrej zdolno\u015bci do utrzymywania ostro\u015bci<\/strong> , dzi\u0119ki czemu idealnie nadaje si\u0119 do codziennego u\u017cytku.<\/li>\n<li><strong>Wyko\u0144czenie satynowe:<\/strong> Ostrze ma <strong>satynowe wyko\u0144czenie<\/strong> , kt\u00f3re nadaje mu elegancki wygl\u0105d i zwi\u0119ksza odporno\u015b\u0107 na zu\u017cycie.<\/li>\n<\/ul>\n<h4>4. <strong>Ergonomiczny i solidny uchwyt<\/strong><\/h4>\n<ul>\n<li><strong>R\u0119koje\u015b\u0107 z nylonu wzmocnionego w\u0142\u00f3knem szklanym:<\/strong> R\u0119koje\u015b\u0107 wykonana jest z <strong>nylonu wzmocnionego w\u0142\u00f3knem szklanym<\/strong> , kt\u00f3ry jest <strong>lekkim, ale wytrzyma\u0142ym materia\u0142em<\/strong> zapewniaj\u0105cym dobry <strong>chwyt<\/strong> nawet podczas pracy no\u017cem.<\/li>\n<li><strong>Kompaktowa i ergonomiczna konstrukcja:<\/strong> Dzi\u0119ki swoim rozmiarom i ergonomicznemu kszta\u0142towi n\u00f3\u017c <strong>wygodnie le\u017cy w d\u0142oni<\/strong> , zapewniaj\u0105c pewny chwyt nawet podczas d\u0142ugotrwa\u0142ej pracy.<\/li>\n<\/ul>\n<h4>5. <strong>Bezpiecze\u0144stwo i komfort<\/strong><\/h4>\n<ul>\n<li><strong>Blokada Liner Lock:<\/strong> N\u00f3\u017c wyposa\u017cony jest w <strong>blokad\u0119 Liner Lock<\/strong> , kt\u00f3ra gwarantuje, \u017ce ostrze pozostanie bezpiecznie zablokowane w pozycji otwartej, a\u017c do momentu jego zamkni\u0119cia. Blokad\u0119 t\u0119 mo\u017cna <strong>\u0142atwo obs\u0142ugiwa\u0107<\/strong> jedn\u0105 r\u0119k\u0105, co zapewnia wygodne i szybkie zamykanie no\u017ca. <\/li>\n<\/ul>\n<h4>6. <strong>Opcje noszenia<\/strong><\/h4>\n<ul>\n<li><strong>Regulowany klips:<\/strong> N\u00f3\u017c posiada <strong>regulowany klips<\/strong> umo\u017cliwiaj\u0105cy noszenie go w kieszeni, dzi\u0119ki czemu jest \u015bwietnym rozwi\u0105zaniem <strong>zar\u00f3wno dla os\u00f3b prawo-, jak i lewor\u0119cznych<\/strong> . Klips mo\u017cna regulowa\u0107 tak, aby n\u00f3\u017c mo\u017cna by\u0142o nosi\u0107 w <strong>lewej lub prawej kieszeni<\/strong> , zale\u017cnie od preferencji u\u017cytkownika. <\/li>\n<\/ul>\n<h4>7. <strong>Kompaktowa i lekka konstrukcja<\/strong><\/h4>\n<ul>\n<li><strong>Waga:<\/strong> N\u00f3\u017c wa\u017cy <strong>45,36 g (1,60 uncji<\/strong> ), jest wi\u0119c <strong>lekki<\/strong> , dzi\u0119ki czemu mo\u017cna go \u0142atwo przenosi\u0107 i wygodnie nosi\u0107 przy sobie przez ca\u0142y dzie\u0144, nie obci\u0105\u017caj\u0105c kieszeni ani torby.<\/li>\n<\/ul>\n<h3>Mo\u017cliwe zastosowania <strong>CRKT CEO COMPACT 7095<\/strong> :<\/h3>\n<ol>\n<li><strong>Codzienne noszenie (EDC):<\/strong>\n<ul>\n<li>N\u00f3\u017c ten idealnie nadaje si\u0119 do <strong>codziennych zada\u0144,<\/strong> takich jak <strong>otwieranie kopert<\/strong> , <strong>ci\u0119cie paczek<\/strong> czy <strong>przenoszenie materia\u0142\u00f3w<\/strong> . Dzi\u0119ki <strong>kompaktowym wymiarom urz\u0105dzenie jest na tyle dyskretne,<\/strong> \u017ce mo\u017cna go u\u017cywa\u0107 w biurze lub podczas spotka\u0144 biznesowych. <\/li>\n<\/ul>\n<\/li>\n<li><strong>Zastosowanie w biurze:<\/strong>\n<ul>\n<li>N\u00f3\u017c doskonale sprawdzi si\u0119 w <strong>biurze,<\/strong> gdzie wymagane jest niezawodne narz\u0119dzie do codziennych zada\u0144, nie rzucaj\u0105ce si\u0119 w oczy. <strong>Elegancki design<\/strong> sprawia, \u017ce \u200b\u200bidealnie nadaje si\u0119 do stworzenia profesjonalnego wizerunku. <\/li>\n<\/ul>\n<\/li>\n<li><strong>Podr\u00f3\u017ce i \u017cycie codzienne:<\/strong>\n<ul>\n<li>Je\u015bli cz\u0119sto podr\u00f3\u017cujesz lub potrzebujesz no\u017ca do <strong>r\u00f3\u017cnych zada\u0144 w podr\u00f3\u017cy<\/strong> , CEO Compact to \u015bwietne rozwi\u0105zanie, kt\u00f3re zmie\u015bci si\u0119 w <strong>ka\u017cdej kieszeni<\/strong> i zapewni Ci funkcjonalno\u015b\u0107, kt\u00f3rej potrzebujesz.<\/li>\n<\/ul>\n<\/li>\n<\/ol>\n<h3>Wniosek:<\/h3>\n<p><strong>CRKT CEO COMPACT 7095<\/strong> to idealny, <strong>kompaktowy n\u00f3\u017c<\/strong> do codziennego noszenia, \u0142\u0105cz\u0105cy <strong>klasyczny, elegancki design<\/strong> z <strong>nowoczesnymi cechami,<\/strong> takimi jak <strong>wspomagane otwieranie<\/strong> , <strong>p\u0142ynny ruch ostrza<\/strong> i <strong>lekkie materia\u0142y<\/strong> . To \u015bwietne rozwi\u0105zanie dla ka\u017cdego, kto poszukuje <strong>niezawodnego i dyskretnego narz\u0119dzia<\/strong> do codziennych zada\u0144 w biurze lub w podr\u00f3\u017cy. <\/p>\n<\/div>\n<\/div>\n<\/div>\n<\/div>\n<div class=\"mb-2 flex gap-3 empty:hidden -ml-2\">\n<div class=\"items-center justify-start rounded-xl p-1 flex\">\n<div class=\"flex items-center\"><\/div>\n<\/div>\n<\/div>\n<div class=\"pr-2 lg:pr-0\"><\/div>\n<\/div>\n<\/div>\n<\/div>\n<\/div>\n<\/article>\n<\/div>\n<\/div>\n<\/div>\n<\/div>\n<\/div>\n<p><iframe title=\"CRKT CEO COMPACT | Richard Rogers Design\" width=\"800\" height=\"450\" src=\"https:\/\/www.youtube.com\/embed\/okQq-JghOqc?feature=oembed\" frameborder=\"0\" allow=\"accelerometer; autoplay; clipboard-write; encrypted-media; gyroscope; picture-in-picture; web-share\" referrerpolicy=\"strict-origin-when-cross-origin\" allowfullscreen><\/iframe><\/p>\n<p>&nbsp;<\/p>\n","protected":false},"excerpt":{"rendered":"<p><strong>CRKT CEO COMPACT 7095 to idealny, kompaktowy n\u00f3\u017c do codziennego noszenia, \u0142\u0105cz\u0105cy klasyczny, elegancki design z nowoczesnymi rozwi\u0105zaniami, takimi jak wspomagane otwieranie, p\u0142ynny ruch ostrza i lekkie materia\u0142y. To \u015bwietne rozwi\u0105zanie dla ka\u017cdego, kto poszukuje niezawodnego i dyskretnego narz\u0119dzia do codziennych zada\u0144 w biurze lub w podr\u00f3\u017cy. <\/strong><\/p>\n","protected":false},"featured_media":326660,"comment_status":"open","ping_status":"closed","template":"","meta":[],"pwb-brand":[3458],"product_brand":[],"product_cat":[3307,3296],"product_tag":[3671],"class_list":{"0":"post-326659","1":"product","2":"type-product","3":"status-publish","4":"has-post-thumbnail","6":"pwb-brand-crkt-pl","7":"product_cat-zamykanie-nozy","8":"product_cat-noze-pl","9":"product_tag-b2b-pl","11":"first","12":"outofstock","13":"sale","14":"taxable","15":"shipping-taxable","16":"purchasable","17":"product-type-simple"},"brands":[{"id":3458,"name":"CRKT","slug":"crkt-pl"}],"_links":{"self":[{"href":"https:\/\/www.moskito.cz\/pl\/wp-json\/wp\/v2\/product\/326659","targetHints":{"allow":["GET"]}}],"collection":[{"href":"https:\/\/www.moskito.cz\/pl\/wp-json\/wp\/v2\/product"}],"about":[{"href":"https:\/\/www.moskito.cz\/pl\/wp-json\/wp\/v2\/types\/product"}],"replies":[{"embeddable":true,"href":"https:\/\/www.moskito.cz\/pl\/wp-json\/wp\/v2\/comments?post=326659"}],"wp:featuredmedia":[{"embeddable":true,"href":"https:\/\/www.moskito.cz\/pl\/wp-json\/wp\/v2\/media\/326660"}],"wp:attachment":[{"href":"https:\/\/www.moskito.cz\/pl\/wp-json\/wp\/v2\/media?parent=326659"}],"wp:term":[{"taxonomy":"pwb-brand","embeddable":true,"href":"https:\/\/www.moskito.cz\/pl\/wp-json\/wp\/v2\/pwb-brand?post=326659"},{"taxonomy":"product_brand","embeddable":true,"href":"https:\/\/www.moskito.cz\/pl\/wp-json\/wp\/v2\/product_brand?post=326659"},{"taxonomy":"product_cat","embeddable":true,"href":"https:\/\/www.moskito.cz\/pl\/wp-json\/wp\/v2\/product_cat?post=326659"},{"taxonomy":"product_tag","embeddable":true,"href":"https:\/\/www.moskito.cz\/pl\/wp-json\/wp\/v2\/product_tag?post=326659"}],"curies":[{"name":"wp","href":"https:\/\/api.w.org\/{rel}","templated":true}]}}