{"id":326716,"date":"2022-08-16T20:36:16","date_gmt":"2024-04-05T14:27:42","guid":{"rendered":"https:\/\/www.moskito.cz\/produkt\/noz-zamykajacy-crkt-squid-xm-2495k\/"},"modified":"2025-05-07T11:08:52","modified_gmt":"2025-05-07T10:08:52","slug":"noz-zamykajacy-crkt-squid-xm-2495k","status":"publish","type":"product","link":"https:\/\/www.moskito.cz\/pl\/produkt\/noz-zamykajacy-crkt-squid-xm-2495k\/","title":{"rendered":"N\u00f3\u017c zamykaj\u0105cy CRKT SQUID XM 2495K"},"content":{"rendered":"<p>N\u00f3\u017c zamykaj\u0105cy <strong>CRKT<\/strong> SQUID XM 2495K.<\/p>\n<p>To wr\u00f3ci\u0142o. Ale wi\u0119kszy. Wiele lat temu projektant Lucas Burnley o\u017cywi\u0142 kultow\u0105 Squid\u2122. N\u00f3\u017c sk\u0142adany, kt\u00f3ry szybko zyskuje na popularno\u015bci w\u015br\u00f3d fan\u00f3w popularnego kompaktowego no\u015bnika, sta\u0142 si\u0119 najlepszym wyborem dla os\u00f3b poszukuj\u0105cych odpowiedniego balansu pomi\u0119dzy prostot\u0105, wydajno\u015bci\u0105 i funkcjonalno\u015bci\u0105. Teraz Lucas przerobi\u0142 ten sprawdzony projekt i stworzy\u0142 wi\u0119kszy model SQUID\u2122 XM. Wci\u0105\u017c podkre\u015blamy, \u017ce jest to wszechstronna bro\u0144 do noszenia na co dzie\u0144, d\u0142u\u017csze ostrze radzi sobie z du\u017cymi i ma\u0142ymi zadaniami, a obecnie jest uwa\u017cana za nieco bardziej \u201eekstra \u015bredni\u0105\u201d.<\/p>\n<p>Zaprojektowany przez Lucasa Burnleya, Squid \u2122 zosta\u0142 pomy\u015blany jako pot\u0119\u017cny, a jednocze\u015bnie r\u00f3wnie \u0142atwy do dostosowania do codziennych wyzwa\u0144. Niezale\u017cnie od tego, czy pracujesz w domu, w gara\u017cu czy w biurze, Squid\u2122 mo\u017ce zabra\u0107 Ci\u0119 wsz\u0119dzie. Po wydaniu oryginalnego projektu Lucas nadal cieszy\u0142 si\u0119 zainteresowaniem fan\u00f3w, kt\u00f3rzy prosili go o ponowne zaprojektowanie popularnego ostrza jako nieco wi\u0119kszego. I na wz\u00f3r Lucasa projektant no\u017cy zabra\u0142 si\u0119 do pracy, aby zobaczy\u0107, co jest mo\u017cliwe. Teraz, wraz z wprowadzeniem SQUID\u2122 XM, Lucas dostarcza dzie\u0142o, kt\u00f3re jest r\u00f3wnie kultowe jak orygina\u0142, a jednocze\u015bnie jest liderem pod wzgl\u0119dem funkcjonalno\u015bci i przyjaznej dla u\u017cytkownika prostoty.<\/p>\n<p>Udoskonalaj\u0105c spos\u00f3b skalowania najnowszej wersji, Lucas nie pomin\u0105\u0142 \u017cadnych szczeg\u00f3\u0142\u00f3w &#8211;<br \/>\nzapewnienie, \u017ce \u201edodatkowy no\u015bnik\u201d b\u0119dzie r\u00f3wnie bezproblemowy pod wzgl\u0119dem dzia\u0142ania. Podobnie jak jego poprzednik, SQUID\u2122 XM posiada ostrze typu drop-point, kt\u00f3re zapewnia doskona\u0142\u0105 r\u00f3wnowag\u0119 pomi\u0119dzy wytrzyma\u0142o\u015bci\u0105 szczyt\u00f3wki a geometri\u0105 ko\u0144c\u00f3wki do zada\u0144 u\u017cytkowych. Kiedy b\u0119dziesz gotowy do pracy, wspomagane otwieranie Kena Oniona rozk\u0142ada ostrze w mgnieniu oka, a system obrotu z \u0142o\u017cyskami kulkowymi IKBS\u2122 zapewnia wyj\u0105tkowo p\u0142ynny obr\u00f3t.<\/p>\n<p>Gdy trwa\u0142e ostrze D2 spe\u0142ni swoje zadanie, mo\u017cesz je bezpiecznie przechowywa\u0107 w kieszeni &#8211; wewn\u0119trzna blokada ramy i g\u0142\u0119boki klips kieszeniowy sprawiaj\u0105, \u017ce mo\u017cna go bezpiecznie nosi\u0107 w podr\u00f3\u017cy.<\/p>\n<p>Kultowy projekt powraca. Dopiero teraz jest klasyfikowany pod wzgl\u0119dem wielko\u015bci.<\/p>\n<p>Jak dzia\u0142a wspomagane otwieranie<br \/>\nTrzyma si\u0119 go bezpiecznie zamkni\u0119tego w kieszeni, ale wystarczy zainicjowa\u0107 roz\u0142o\u017cenie, a ostrze otwiera si\u0119 z imponuj\u0105c\u0105 pr\u0119dko\u015bci\u0105 podczas obrotu, zapewniaj\u0105c proste i mocne otwarcie jedn\u0105 r\u0119k\u0105.<\/p>\n<p>SPECYFIKACJE<br \/>\nD\u0142ugo\u015b\u0107 ostrza 2,95 cala (74,83 mm)<br \/>\nOstrze proste<br \/>\nOstrze ze stali D2<br \/>\nWyko\u0144czenie ostrza typu stonewash<br \/>\nGrubo\u015b\u0107 ostrza 0,10 cala (2,62 mm)<br \/>\nD\u0142ugo\u015b\u0107 ca\u0142kowita 7,03 cala (178,59 mm)<br \/>\nD\u0142ugo\u015b\u0107 po zamkni\u0119ciu 4,11 cala (104,34 mm)<br \/>\nWaga 3,60 uncji (102,06 g)<br \/>\nUchwyt G10 | Stal nierdzewna<br \/>\nN\u00f3\u017c sk\u0142adany Style Assisted z blokad\u0105 ramki<\/p>\n<p><iframe title=\"CRKT SQUID\u2122 XM | Lucas Burnley Design\" width=\"800\" height=\"450\" src=\"https:\/\/www.youtube.com\/embed\/Kq8g1Yr1NxI?feature=oembed\" frameborder=\"0\" allow=\"accelerometer; autoplay; clipboard-write; encrypted-media; gyroscope; picture-in-picture; web-share\" referrerpolicy=\"strict-origin-when-cross-origin\" allowfullscreen><\/iframe><\/p>\n<p>&nbsp;<\/p>\n","protected":false},"excerpt":{"rendered":"<p>Zaprojektowany przez Lucasa Burnleya w Bend w stanie Oregon.<\/p>\n","protected":false},"featured_media":326717,"comment_status":"open","ping_status":"closed","template":"","meta":[],"pwb-brand":[3458],"product_brand":[],"product_cat":[3307,3296],"product_tag":[3671],"class_list":{"0":"post-326716","1":"product","2":"type-product","3":"status-publish","4":"has-post-thumbnail","6":"pwb-brand-crkt-pl","7":"product_cat-zamykanie-nozy","8":"product_cat-noze-pl","9":"product_tag-b2b-pl","11":"first","12":"instock","13":"sale","14":"taxable","15":"shipping-taxable","16":"purchasable","17":"product-type-simple"},"brands":[{"id":3458,"name":"CRKT","slug":"crkt-pl"}],"_links":{"self":[{"href":"https:\/\/www.moskito.cz\/pl\/wp-json\/wp\/v2\/product\/326716","targetHints":{"allow":["GET"]}}],"collection":[{"href":"https:\/\/www.moskito.cz\/pl\/wp-json\/wp\/v2\/product"}],"about":[{"href":"https:\/\/www.moskito.cz\/pl\/wp-json\/wp\/v2\/types\/product"}],"replies":[{"embeddable":true,"href":"https:\/\/www.moskito.cz\/pl\/wp-json\/wp\/v2\/comments?post=326716"}],"wp:featuredmedia":[{"embeddable":true,"href":"https:\/\/www.moskito.cz\/pl\/wp-json\/wp\/v2\/media\/326717"}],"wp:attachment":[{"href":"https:\/\/www.moskito.cz\/pl\/wp-json\/wp\/v2\/media?parent=326716"}],"wp:term":[{"taxonomy":"pwb-brand","embeddable":true,"href":"https:\/\/www.moskito.cz\/pl\/wp-json\/wp\/v2\/pwb-brand?post=326716"},{"taxonomy":"product_brand","embeddable":true,"href":"https:\/\/www.moskito.cz\/pl\/wp-json\/wp\/v2\/product_brand?post=326716"},{"taxonomy":"product_cat","embeddable":true,"href":"https:\/\/www.moskito.cz\/pl\/wp-json\/wp\/v2\/product_cat?post=326716"},{"taxonomy":"product_tag","embeddable":true,"href":"https:\/\/www.moskito.cz\/pl\/wp-json\/wp\/v2\/product_tag?post=326716"}],"curies":[{"name":"wp","href":"https:\/\/api.w.org\/{rel}","templated":true}]}}