{"id":326752,"date":"2020-12-19T18:21:28","date_gmt":"2024-04-05T14:37:37","guid":{"rendered":"https:\/\/www.moskito.cz\/produkt\/crkt-provoke-kinematic-responder-4042-noz-zamykajacy\/"},"modified":"2025-07-11T07:53:19","modified_gmt":"2025-07-11T06:53:19","slug":"crkt-provoke-kinematic-responder-4042-noz-zamykajacy","status":"publish","type":"product","link":"https:\/\/www.moskito.cz\/pl\/produkt\/crkt-provoke-kinematic-responder-4042-noz-zamykajacy\/","title":{"rendered":"CRKT Provoke Kinematic Responder 4042 N\u00f3\u017c zamykaj\u0105cy"},"content":{"rendered":"<p><strong>CRKT<\/strong> Provoke Kinematic Responder 4042 N\u00f3\u017c zamykaj\u0105cy.<\/p>\n<p>Podawa\u0107. Broni\u0107. Morfuj\u0105cy n\u00f3\u017c karambitowy Provoke\u00ae First Responder jest jednym z pierwszych wyposa\u017conych w technologi\u0119 Kinematic\u00ae, mo\u017cna go dobrze schowa\u0107 podczas transportu i o\u017cywa, gdy pojawi\u0105 si\u0119 k\u0142opoty. Wiele opcji noszenia oraz element do t\u0142uczenia szk\u0142a zosta\u0142y zaprojektowane specjalnie z my\u015bl\u0105 o m\u0119\u017cczyznach i kobietach nosz\u0105cych mundury.<\/p>\n<p>W tym przypadku projektanta Joe Caswella postrzegamy jako szalonego naukowca. Kiedy zobaczyli\u015bmy szkice tego, co mia\u0142o sta\u0107 si\u0119 Provokiem\u00ae \u2013 zaprojektowanym w Newbury Park w Kalifornii \u2013 wiedzieli\u015bmy, \u017ce jego przeznaczeniem jest sta\u0107 si\u0119 jednym z najbardziej innowacyjnych projektant\u00f3w, jaki kiedykolwiek widzia\u0142 \u015bwiat no\u017cy. Ostrze typu hawkbill, wzorowane na tradycyjnym karambicie, jest kute z najwy\u017cszej jako\u015bci stali D2 i pokryte czarnym azotkiem tytanu, co zapewnia wysok\u0105 trwa\u0142o\u015b\u0107 i doskona\u0142e zachowanie kraw\u0119dzi. Aby lepiej wyposa\u017cy\u0107 m\u0119\u017cczyzn i kobiety w kolorze niebieskim, dodali\u015bmy zbijak do szk\u0142a na ko\u0144cu ramy i dodali\u015bmy kabur\u0119 z wieloma opcjami mocowania sprz\u0119tu do Provoke\u00ae First Responder.<\/p>\n<p>Mechanizm otwieraj\u0105cy przenosi folder w przysz\u0142o\u015b\u0107, gotowy lub nie. Naci\u015bni\u0119cie kciukiem na g\u00f3rny dr\u0105\u017cek wywo\u0142uje reakcj\u0119 \u0142a\u0144cuchow\u0105, powoduj\u0105c, \u017ce ostrze uruchamia si\u0119, podczas gdy Ty trzymasz mocno r\u0119koje\u015b\u0107. Wykonany jest z aluminium lotniczego 6061, co zapewnia maksymaln\u0105 sztywno\u015b\u0107. Klips kieszonkowy, w prawdziwym stylu Joe, jest r\u00f3wnie\u017c nowo\u015bci\u0105 na \u015bwiecie \u2013 jest prawie ca\u0142kowicie zr\u00f3wnany z r\u0105czk\u0105 i mo\u017cna go r\u00f3wnie\u017c aktywowa\u0107 lekkim naci\u015bni\u0119ciem kciuka.<\/p>\n<p>Ratownik Provoke\u00ae First Responder jest silny, gdy zostanie wezwany do s\u0142u\u017cby.<\/p>\n<p>Jak dzia\u0142a Kinematic\u00ae<\/p>\n<p>Wci\u015bnij kciuk w g\u00f3rn\u0105 poprzeczk\u0119, podczas gdy pozosta\u0142e palce mocno \u015bciskaj\u0105 r\u0119koje\u015b\u0107, a ostrze o\u017cyje i zatrza\u015bnie si\u0119 na swoim miejscu. Przesu\u0144 dyskretn\u0105 d\u017awigni\u0119 u podstawy p\u0119tli na palec, a ostrze cofnie si\u0119 do pozycji zamkni\u0119tej.<\/p>\n<p>SPECYFIKACJE<br \/>\nD\u0142ugo\u015b\u0107 ostrza 2,41 cala (61,21 mm)<br \/>\nOstrze proste<br \/>\nOstrze ze stali D2<br \/>\nObr\u00f3bka powierzchni ostrza Azotek tytanu<br \/>\nGrubo\u015b\u0107 ostrza 0,21 cala (5,31 mm)<br \/>\nD\u0142ugo\u015b\u0107 ca\u0142kowita 7,25 cala (184,15 mm)<br \/>\nD\u0142ugo\u015b\u0107 po zamkni\u0119ciu 5,06 cala (128,52 mm)<br \/>\nWaga 6,10 uncji (172,93 g)<br \/>\nUchwyt aluminiowy<br \/>\nStylowy n\u00f3\u017c sk\u0142adany z Kinematic\u2122<br \/>\nMateria\u0142 skorupy Boltaron\u00ae<br \/>\nMasa skorupy 1,10 uncji (31,18 g)<\/p>\n<p><iframe title=\"CRKT Kinematic | How It Works\" width=\"800\" height=\"450\" src=\"https:\/\/www.youtube.com\/embed\/birKtIe7HRY?feature=oembed\" frameborder=\"0\" allow=\"accelerometer; autoplay; clipboard-write; encrypted-media; gyroscope; picture-in-picture; web-share\" referrerpolicy=\"strict-origin-when-cross-origin\" allowfullscreen><\/iframe><\/p>\n<p>&nbsp;<\/p>\n<p>&nbsp;<\/p>\n","protected":false},"excerpt":{"rendered":"<p>Zaprojektowany przez Joe Caswella w Newbury Park w Kalifornii.<br \/>\n<strong>Bezp\u0142atny transport.<\/strong><\/p>\n","protected":false},"featured_media":176878,"comment_status":"open","ping_status":"closed","template":"","meta":[],"pwb-brand":[3458],"product_brand":[],"product_cat":[3296,3307],"product_tag":[3671],"class_list":{"0":"post-326752","1":"product","2":"type-product","3":"status-publish","4":"has-post-thumbnail","6":"pwb-brand-crkt-pl","7":"product_cat-noze-pl","8":"product_cat-zamykanie-nozy","9":"product_tag-b2b-pl","11":"first","12":"outofstock","13":"taxable","14":"shipping-taxable","15":"purchasable","16":"product-type-simple"},"brands":[{"id":3458,"name":"CRKT","slug":"crkt-pl"}],"_links":{"self":[{"href":"https:\/\/www.moskito.cz\/pl\/wp-json\/wp\/v2\/product\/326752","targetHints":{"allow":["GET"]}}],"collection":[{"href":"https:\/\/www.moskito.cz\/pl\/wp-json\/wp\/v2\/product"}],"about":[{"href":"https:\/\/www.moskito.cz\/pl\/wp-json\/wp\/v2\/types\/product"}],"replies":[{"embeddable":true,"href":"https:\/\/www.moskito.cz\/pl\/wp-json\/wp\/v2\/comments?post=326752"}],"wp:featuredmedia":[{"embeddable":true,"href":"https:\/\/www.moskito.cz\/pl\/wp-json\/wp\/v2\/media\/176878"}],"wp:attachment":[{"href":"https:\/\/www.moskito.cz\/pl\/wp-json\/wp\/v2\/media?parent=326752"}],"wp:term":[{"taxonomy":"pwb-brand","embeddable":true,"href":"https:\/\/www.moskito.cz\/pl\/wp-json\/wp\/v2\/pwb-brand?post=326752"},{"taxonomy":"product_brand","embeddable":true,"href":"https:\/\/www.moskito.cz\/pl\/wp-json\/wp\/v2\/product_brand?post=326752"},{"taxonomy":"product_cat","embeddable":true,"href":"https:\/\/www.moskito.cz\/pl\/wp-json\/wp\/v2\/product_cat?post=326752"},{"taxonomy":"product_tag","embeddable":true,"href":"https:\/\/www.moskito.cz\/pl\/wp-json\/wp\/v2\/product_tag?post=326752"}],"curies":[{"name":"wp","href":"https:\/\/api.w.org\/{rel}","templated":true}]}}