{"id":326878,"date":"2022-08-23T21:26:05","date_gmt":"2024-04-05T14:49:29","guid":{"rendered":"https:\/\/www.moskito.cz\/produkt\/noz-zamykajacy-crkt-provoke-compact-4045\/"},"modified":"2025-05-07T11:08:56","modified_gmt":"2025-05-07T10:08:56","slug":"noz-zamykajacy-crkt-provoke-compact-4045","status":"publish","type":"product","link":"https:\/\/www.moskito.cz\/pl\/produkt\/noz-zamykajacy-crkt-provoke-compact-4045\/","title":{"rendered":"N\u00f3\u017c zamykaj\u0105cy CRKT PROVOKE COMPACT 4045"},"content":{"rendered":"<p>N\u00f3\u017c zamykaj\u0105cy <strong>CRKT<\/strong> PROVOKE COMPACT 4045.<\/p>\n<p>Moc w Twojej kieszeni.<\/p>\n<p>Provoke\u00ae Compact to klasyk w nowej ods\u0142onie, przeprojektowany tak, aby by\u0142 ultraprzeno\u015bnym przedmiotem do noszenia na co dzie\u0144. Solidna aluminiowa r\u0119koje\u015b\u0107 o wydajno\u015bci w kompaktowym rozmiarze przyczynia si\u0119 do jej ultralekkiej konstrukcji, kt\u00f3ra mo\u017ce s\u0142u\u017cy\u0107 r\u00f3wnie\u017c jako idealna torba do samoobrony. Dzi\u0119ki technologii Kinematic\u00ae pozostaje starannie ukryty podczas transportu i o\u017cywa, gdy wezwie Ci\u0119 serwis.<br \/>\nUnikalna innowacja: Kinematic\u00ae rozk\u0142ada ostrze za naci\u015bni\u0119ciem kciuka<br \/>\nDoskona\u0142a wydajno\u015b\u0107: ostrze ze stali D2 zapewnia doskona\u0142e trzymanie ostrza<br \/>\nMocny i lekki: aluminiowy uchwyt \u0142\u0105czy w sobie wytrzyma\u0142o\u015b\u0107 z minimaln\u0105 wag\u0105<br \/>\nNiski profil: Kieszonkowy klips zapewnia bezpieczne przenoszenie<\/p>\n<p>SPECYFIKACJE<br \/>\nD\u0142ugo\u015b\u0107 ostrza 2,26 cala (57,33 mm)<br \/>\nOstrze proste<br \/>\nOstrze ze stali D2<br \/>\nWyko\u0144czenie ostrza typu stonewash<br \/>\nGrubo\u015b\u0107 ostrza 0,15 cala (3,73 mm)<br \/>\nD\u0142ugo\u015b\u0107 ca\u0142kowita 6,63 cala (168,28 mm)<br \/>\nD\u0142ugo\u015b\u0107 po zamkni\u0119ciu 4,54 cala (115,42 mm)<br \/>\nWaga 4,40 uncji (124,74 g)<br \/>\nUchwyt aluminiowy<br \/>\nStylowy n\u00f3\u017c sk\u0142adany z Kinematic\u2122<\/p>\n","protected":false},"excerpt":{"rendered":"<p>Zaprojektowany przez Joe Caswella w Newbury Park w Kalifornii.<\/p>\n","protected":false},"featured_media":326883,"comment_status":"open","ping_status":"closed","template":"","meta":[],"pwb-brand":[3458],"product_brand":[],"product_cat":[3307,3296],"product_tag":[3671],"class_list":{"0":"post-326878","1":"product","2":"type-product","3":"status-publish","4":"has-post-thumbnail","6":"pwb-brand-crkt-pl","7":"product_cat-zamykanie-nozy","8":"product_cat-noze-pl","9":"product_tag-b2b-pl","11":"first","12":"outofstock","13":"sale","14":"taxable","15":"shipping-taxable","16":"purchasable","17":"product-type-simple"},"brands":[{"id":3458,"name":"CRKT","slug":"crkt-pl"}],"_links":{"self":[{"href":"https:\/\/www.moskito.cz\/pl\/wp-json\/wp\/v2\/product\/326878","targetHints":{"allow":["GET"]}}],"collection":[{"href":"https:\/\/www.moskito.cz\/pl\/wp-json\/wp\/v2\/product"}],"about":[{"href":"https:\/\/www.moskito.cz\/pl\/wp-json\/wp\/v2\/types\/product"}],"replies":[{"embeddable":true,"href":"https:\/\/www.moskito.cz\/pl\/wp-json\/wp\/v2\/comments?post=326878"}],"wp:featuredmedia":[{"embeddable":true,"href":"https:\/\/www.moskito.cz\/pl\/wp-json\/wp\/v2\/media\/326883"}],"wp:attachment":[{"href":"https:\/\/www.moskito.cz\/pl\/wp-json\/wp\/v2\/media?parent=326878"}],"wp:term":[{"taxonomy":"pwb-brand","embeddable":true,"href":"https:\/\/www.moskito.cz\/pl\/wp-json\/wp\/v2\/pwb-brand?post=326878"},{"taxonomy":"product_brand","embeddable":true,"href":"https:\/\/www.moskito.cz\/pl\/wp-json\/wp\/v2\/product_brand?post=326878"},{"taxonomy":"product_cat","embeddable":true,"href":"https:\/\/www.moskito.cz\/pl\/wp-json\/wp\/v2\/product_cat?post=326878"},{"taxonomy":"product_tag","embeddable":true,"href":"https:\/\/www.moskito.cz\/pl\/wp-json\/wp\/v2\/product_tag?post=326878"}],"curies":[{"name":"wp","href":"https:\/\/api.w.org\/{rel}","templated":true}]}}